{"id":91,"date":"2017-12-10T12:12:56","date_gmt":"2017-12-10T10:12:56","guid":{"rendered":"https:\/\/www.cretoikos.com\/?post_type=product&#038;p=91"},"modified":"2023-12-09T19:02:39","modified_gmt":"2023-12-09T17:02:39","slug":"neitsioliivioli-kreeta-urtidega-100ml","status":"publish","type":"product","link":"https:\/\/www.cretoikos.com\/et\/eshop\/olive-oil-with-cretan-herbs\/virgin-olive-oil-with-cretan-herbs-100ml\/","title":{"rendered":"Ekstra neitsioliivi\u00f5li (EVOO) Kreeta \u00fcrtidega 100ml"},"content":{"rendered":"<h2 style=\"font-size: 20px; text-align: center;\"><strong>100% Kreeka ekstra neitsioliivi\u00f5li (EVOO) Kreeta saarelt, esmalt k\u00fclmpressitud, rikas pol\u00fcfenoolide, antioks\u00fcdantide, E-vitamiini ja p\u00f5letikuvastaste omaduste poolest, puhas oliivipuuviljamahl, s\u00e4ilitusaineteta, uus saak, v\u00e4rskelt pressitud samal p\u00e4eval. Oliivide saak<\/strong><\/h2>\n<p>&nbsp;<\/p>\n<p><img loading=\"lazy\" decoding=\"async\" class=\"alignnone wp-image-3390 size-full\" src=\"https:\/\/www.cretoikos.com\/wp-content\/uploads\/2018\/03\/certifications-olive-oil.gif\" alt=\"Oliivi\u00f5li sertifikaadid\" width=\"470\" height=\"88\" \/><\/p>\n<p><img loading=\"lazy\" decoding=\"async\" class=\"alignnone wp-image-3386 size-full\" src=\"https:\/\/www.cretoikos.com\/wp-content\/uploads\/2018\/03\/OliveOil-GDA.png\" alt=\"Oliivi\u00f5li GDA\" width=\"464\" height=\"86\" srcset=\"https:\/\/www.cretoikos.com\/wp-content\/uploads\/2018\/03\/OliveOil-GDA.png 464w, https:\/\/www.cretoikos.com\/wp-content\/uploads\/2018\/03\/OliveOil-GDA-300x56.png 300w, https:\/\/www.cretoikos.com\/wp-content\/uploads\/2018\/03\/OliveOil-GDA-450x83.png 450w\" sizes=\"auto, (max-width: 464px) 100vw, 464px\" \/><\/p>\n<p><strong>Ekstra neitsioliivi\u00f5li (EVOO) Kreeta \u00fcrtidega 100ml<\/strong> \u2013 Kreeka ekstra neitsioliivi\u00f5lid, mis on looduslikult l\u00f5hnastatud, kasutades erinevaid \u00fcrte (v\u00e4rsked v\u00f5i kuivatatud), v\u00fcrtse ja tsitruselisi. Neid saab kasutada pearoogadena, suurep\u00e4raselt koos v\u00e4ikeste kuklite v\u00f5i kuivikutega ning asendada v\u00f5id toidukorra alguses.<\/p>\n<p class=\"translation-block\"><a href=\"https:\/\/www.cretoikos.com\/et\/tarne-ja-saatmiskulud\/\" target=\"_self\"><strong>\u00dclemaailmne kohaletoimetamine<\/strong><\/a> \u2013 saadame teie tellimuse <strong>k\u00f5ikidesse riikidesse<\/strong> \u00fcle maailma!<\/p>\n<p>&nbsp;<\/p>\n<h2 style=\"font-size: 20px; text-align: center;\"><a href=\"\/et\/rahvusvahelised-oliivioli-sertifikaadid\/\"><strong>Meie rahvusvahelised kvaliteetse toidu sertifikaadid<\/strong> Tooted<\/a><\/h2>\n<p><a href=\"\/et\/rahvusvahelised-oliivioli-sertifikaadid\/\"><img loading=\"lazy\" decoding=\"async\" class=\"aligncenter wp-image-13475 size-full\" src=\"https:\/\/www.cretoikos.com\/wp-content\/uploads\/2017\/12\/Quality-Food-Certifications-Lab-Certified-Healthy-Mediterranean-Foods-w800.jpg\" alt=\"Rahvusvahelised kvaliteetse toidu sertifikaadid \u2013 labori sertifitseeritud tervislikud Vahemere toidud\" width=\"800\" height=\"250\" srcset=\"https:\/\/www.cretoikos.com\/wp-content\/uploads\/2017\/12\/Quality-Food-Certifications-Lab-Certified-Healthy-Mediterranean-Foods-w800.jpg 800w, https:\/\/www.cretoikos.com\/wp-content\/uploads\/2017\/12\/Quality-Food-Certifications-Lab-Certified-Healthy-Mediterranean-Foods-w800-300x94.jpg 300w, https:\/\/www.cretoikos.com\/wp-content\/uploads\/2017\/12\/Quality-Food-Certifications-Lab-Certified-Healthy-Mediterranean-Foods-w800-768x240.jpg 768w, https:\/\/www.cretoikos.com\/wp-content\/uploads\/2017\/12\/Quality-Food-Certifications-Lab-Certified-Healthy-Mediterranean-Foods-w800-450x141.jpg 450w, https:\/\/www.cretoikos.com\/wp-content\/uploads\/2017\/12\/Quality-Food-Certifications-Lab-Certified-Healthy-Mediterranean-Foods-w800-780x244.jpg 780w\" sizes=\"auto, (max-width: 800px) 100vw, 800px\" \/><\/a><br \/>\n&nbsp;<\/p>\n<h3 style=\"font-size: 20px; text-align: center;\"><a href=\"\/et\/rahvusvahelised-oliivioli-sertifikaadid\/\"><strong>KOSHER Food sertifitseeritud oliivi\u00f5litoode<\/strong><\/a><\/h3>\n<p>&nbsp;<\/p>\n<p><img loading=\"lazy\" decoding=\"async\" class=\"size-full wp-image-13454 aligncenter\" src=\"https:\/\/www.cretoikos.com\/wp-content\/uploads\/2020\/07\/kosher-foods-certification-2-w220.jpg\" alt=\"KOSHER Food Extra Virgin Oliivi\u00f5li\" width=\"173\" height=\"220\" \/><\/p>\n<p>&nbsp;<\/p>\n<h3 style=\"font-size: 20px; text-align: center;\"><a href=\"\/et\/rahvusvahelised-oliivioli-sertifikaadid\/\"><strong>FDA (USA) \u2013 Food &amp; Drugs Administrationi sertifitseeritud oliivi\u00f5litoode<\/strong><\/a><\/h3>\n<p>&nbsp;<\/p>\n<p><img loading=\"lazy\" decoding=\"async\" class=\"size-full wp-image-13476 aligncenter\" src=\"https:\/\/www.cretoikos.com\/wp-content\/uploads\/2017\/12\/FDA-foods-certification-w220.jpg\" alt=\"FDA toidu ja ravimite sertifikaat\" width=\"163\" height=\"220\" \/><\/p>\n<p>&nbsp;<\/p>","protected":false},"excerpt":{"rendered":"<p><strong>Kreeka ekstra neitsioliivi\u00f5li!<\/strong><\/p>\n<p><strong>Ekstra neitsioliivi\u00f5li (EVOO) Kreeta \u00fcrtidega 100ml<\/strong> \u2013 Neid saab kasutada pearoogadena, suurep\u00e4raselt koos v\u00e4ikeste kuklite v\u00f5i kuivikutega ning asendada v\u00f5id toidukorra alguses.<\/p>\n<p class=\"translation-block\"><a href=\"https:\/\/www.cretoikos.com\/et\/tarne-ja-saatmiskulud\/\" target=\"_self\"><strong>\u00dclemaailmne kohaletoimetamine<\/strong><\/a> \u2013 saadame teie tellimuse <strong>k\u00f5ikidesse riikidesse<\/strong> \u00fcle maailma!<\/p>\n<p>&nbsp;<\/p>","protected":false},"featured_media":161,"template":"","meta":[],"product_brand":[],"product_cat":[24],"product_tag":[103,141,95,97,98,100,138,96,91,132,137,99,139,101],"class_list":{"0":"post-91","1":"product","2":"type-product","3":"status-publish","4":"has-post-thumbnail","6":"product_cat-olive-oil-with-cretan-herbs","7":"product_tag-100ml","8":"product_tag-3-extra-virgin-olive-oil","9":"product_tag-bottle","10":"product_tag-buy-olive-oil","11":"product_tag-buy-online","12":"product_tag-chili","13":"product_tag-cretan-herbs-flavour","14":"product_tag-cretan-olive-oil","15":"product_tag-evoo","16":"product_tag-flavour","17":"product_tag-flavour-infused-olive-oil","18":"product_tag-greek-olive-oil","19":"product_tag-infused-olive-oil","20":"product_tag-olive-oil","22":"first","23":"instock","24":"taxable","25":"shipping-taxable","26":"purchasable","27":"product-type-simple"},"_links":{"self":[{"href":"https:\/\/www.cretoikos.com\/et\/wp-json\/wp\/v2\/product\/91","targetHints":{"allow":["GET"]}}],"collection":[{"href":"https:\/\/www.cretoikos.com\/et\/wp-json\/wp\/v2\/product"}],"about":[{"href":"https:\/\/www.cretoikos.com\/et\/wp-json\/wp\/v2\/types\/product"}],"wp:featuredmedia":[{"embeddable":true,"href":"https:\/\/www.cretoikos.com\/et\/wp-json\/wp\/v2\/media\/161"}],"wp:attachment":[{"href":"https:\/\/www.cretoikos.com\/et\/wp-json\/wp\/v2\/media?parent=91"}],"wp:term":[{"taxonomy":"product_brand","embeddable":true,"href":"https:\/\/www.cretoikos.com\/et\/wp-json\/wp\/v2\/product_brand?post=91"},{"taxonomy":"product_cat","embeddable":true,"href":"https:\/\/www.cretoikos.com\/et\/wp-json\/wp\/v2\/product_cat?post=91"},{"taxonomy":"product_tag","embeddable":true,"href":"https:\/\/www.cretoikos.com\/et\/wp-json\/wp\/v2\/product_tag?post=91"}],"curies":[{"name":"wp","href":"https:\/\/api.w.org\/{rel}","templated":true}]}}