{"id":2957,"date":"2018-02-02T09:15:38","date_gmt":"2018-02-02T07:15:38","guid":{"rendered":"https:\/\/www.cretoikos.com\/?post_type=product&#038;p=2957"},"modified":"2026-03-03T09:35:26","modified_gmt":"2026-03-03T07:35:26","slug":"tuumiani-mesi-250-ml","status":"publish","type":"product","link":"https:\/\/www.cretoikos.com\/et\/eshop\/honey\/thyme-honey-250-ml\/","title":{"rendered":"T\u00fc\u00fcmiani mesi 250gr \u2013 Puhas Kreeta mesi \u2013 Kreeta Kreeka"},"content":{"rendered":"<p><img loading=\"lazy\" decoding=\"async\" class=\"alignnone wp-image-3390 size-full\" src=\"https:\/\/www.cretoikos.com\/wp-content\/uploads\/2018\/03\/certifications-olive-oil.gif\" alt=\"Oliivi\u00f5li sertifikaadid\" width=\"470\" height=\"88\" \/><\/p>\n<p><img loading=\"lazy\" decoding=\"async\" class=\"alignnone size-full wp-image-3387\" src=\"https:\/\/www.cretoikos.com\/wp-content\/uploads\/2018\/03\/Honey-GDA.png\" alt=\"Mesi GDA\" width=\"464\" height=\"86\" srcset=\"https:\/\/www.cretoikos.com\/wp-content\/uploads\/2018\/03\/Honey-GDA.png 464w, https:\/\/www.cretoikos.com\/wp-content\/uploads\/2018\/03\/Honey-GDA-300x56.png 300w, https:\/\/www.cretoikos.com\/wp-content\/uploads\/2018\/03\/Honey-GDA-450x83.png 450w\" sizes=\"auto, (max-width: 464px) 100vw, 464px\" \/><\/p>\n<p><strong>Kreeta t\u00fc\u00fcmian mesi 250 gr<\/strong> \u2013 Nagu nimigi \u00fctleb, on t\u00fc\u00fcmiani mesi maitsestatud t\u00fc\u00fcmianiga. Me k\u00f5ik teame t\u00fc\u00fcmiani selle kulinaarse, meditsiinilise ja dekoratiivse kasutamise t\u00f5ttu. T\u00fc\u00fcmiani on k\u00f5ige parem kasvatada kuumas, p\u00e4ikesepaistelises kohas, kus on h\u00e4sti kuivendatud pinnas. Tavaliselt istutatakse see kevadel ja seej\u00e4rel kasvab see mitmeaastaseks taimeks. Seda saab paljundada seemnete, pistikute v\u00f5i juurdunud taimeosade jagamisega. Ta talub h\u00e4sti p\u00f5uda. T\u00fc\u00fcmianitaimed v\u00f5ivad k\u00fclmuda ja neid kasvab m\u00e4gismaal. Kvaliteetne puhas t\u00fc\u00fcmiani mesi, mida toodab Kreeta saarel firma CRETOIKOS Healthy Foods \u2013 Kreeta Kreeka<\/p>\n<p class=\"translation-block\"><a href=\"https:\/\/www.cretoikos.com\/et\/tarne-ja-saatmiskulud\/\" target=\"_self\"><strong>\u00dclemaailmne kohaletoimetamine<\/strong><\/a> \u2013 saadame teie tellimuse <strong>k\u00f5ikidesse riikidesse<\/strong> \u00fcle maailma!<\/p>\n<h2 style=\"font-size: 20px; text-align: center;\"><a href=\"\/et\/rahvusvahelised-oliivioli-sertifikaadid\/\"><strong>Meie rahvusvahelised kvaliteetse toidu sertifikaadid<\/strong> Tooted<\/a><\/h2>\n<p><a href=\"\/et\/rahvusvahelised-oliivioli-sertifikaadid\/\"><img loading=\"lazy\" decoding=\"async\" class=\"aligncenter wp-image-13475 size-full\" src=\"https:\/\/www.cretoikos.com\/wp-content\/uploads\/2017\/12\/Quality-Food-Certifications-Lab-Certified-Healthy-Mediterranean-Foods-w800.jpg\" alt=\"Rahvusvahelised kvaliteetse toidu sertifikaadid \u2013 labori sertifitseeritud tervislikud Vahemere toidud\" width=\"800\" height=\"250\" srcset=\"https:\/\/www.cretoikos.com\/wp-content\/uploads\/2017\/12\/Quality-Food-Certifications-Lab-Certified-Healthy-Mediterranean-Foods-w800.jpg 800w, https:\/\/www.cretoikos.com\/wp-content\/uploads\/2017\/12\/Quality-Food-Certifications-Lab-Certified-Healthy-Mediterranean-Foods-w800-300x94.jpg 300w, https:\/\/www.cretoikos.com\/wp-content\/uploads\/2017\/12\/Quality-Food-Certifications-Lab-Certified-Healthy-Mediterranean-Foods-w800-768x240.jpg 768w, https:\/\/www.cretoikos.com\/wp-content\/uploads\/2017\/12\/Quality-Food-Certifications-Lab-Certified-Healthy-Mediterranean-Foods-w800-450x141.jpg 450w, https:\/\/www.cretoikos.com\/wp-content\/uploads\/2017\/12\/Quality-Food-Certifications-Lab-Certified-Healthy-Mediterranean-Foods-w800-780x244.jpg 780w\" sizes=\"auto, (max-width: 800px) 100vw, 800px\" \/><\/a><\/p>\n<h3 style=\"font-size: 20px; text-align: center;\"><a href=\"\/et\/rahvusvahelised-oliivioli-sertifikaadid\/\"><strong>KOSHER Food sertifitseeritud toode<\/strong><\/a><\/h3>\n<p><img loading=\"lazy\" decoding=\"async\" class=\"size-full wp-image-13454 aligncenter\" src=\"https:\/\/www.cretoikos.com\/wp-content\/uploads\/2020\/07\/kosher-foods-certification-2-w220.jpg\" alt=\"KOSHER Food Extra Virgin Oliivi\u00f5li\" width=\"173\" height=\"220\" \/><\/p>\n<h3 style=\"font-size: 20px; text-align: center;\"><a href=\"\/et\/rahvusvahelised-oliivioli-sertifikaadid\/\"><strong>FDA (USA) \u2013 Food &amp; Drugs Administrationi sertifitseeritud toode<\/strong><\/a><\/h3>\n<p><img loading=\"lazy\" decoding=\"async\" class=\"size-full wp-image-13476 aligncenter\" src=\"https:\/\/www.cretoikos.com\/wp-content\/uploads\/2017\/12\/FDA-foods-certification-w220.jpg\" alt=\"FDA toidu ja ravimite sertifikaat\" width=\"163\" height=\"220\" \/><\/p>\n<p>&nbsp;<\/p>","protected":false},"excerpt":{"rendered":"<h1 style=\"font-size: 20px;\"><strong>Kreeka mesi, puhas t\u00fc\u00fcmian Mesi Kreeta Kreekast<\/strong><\/h1>\n<p><strong>Kreeta t\u00fc\u00fcmian mesi 250 gr<\/strong> \u2013 Kreekas populaarne t\u00fc\u00fcmiani mee s\u00f6\u00f6mise viis on niristada v\u00e4rske kreeka jogurtiga (tuntud kui &quot;Yiaourti me Meli&quot;: meega jogurt), millele on lisatud m\u00f5ned p\u00e4hklid. Arvatakse, et t\u00fc\u00fcmian mesi suurendab potentsi. Nad \u00fctlevad, et &quot;looduslik viagra&quot;! Kvaliteetne puhas t\u00fc\u00fcmiani mesi, mida toodab Kreeta saarel firma CRETOIKOS Healthy Foods \u2013 Kreeta Kreeka<\/p>\n<p class=\"translation-block\"><a href=\"https:\/\/www.cretoikos.com\/et\/tarne-ja-saatmiskulud\/\" target=\"_self\"><strong>\u00dclemaailmne kohaletoimetamine<\/strong><\/a> \u2013 saadame teie tellimuse <strong>k\u00f5ikidesse riikidesse<\/strong> \u00fcle maailma!<\/p>","protected":false},"featured_media":3477,"template":"","meta":[],"product_brand":[],"product_cat":[74],"product_tag":[130,129,121,123,127,128,126,124,125,122],"class_list":{"0":"post-2957","1":"product","2":"type-product","3":"status-publish","4":"has-post-thumbnail","6":"product_cat-honey","7":"product_tag-250gr","8":"product_tag-cretan","9":"product_tag-cretan-honey","10":"product_tag-cretan-thyme-honey","11":"product_tag-crete","12":"product_tag-greece","13":"product_tag-greek-honey","14":"product_tag-honey","15":"product_tag-pure-honey","16":"product_tag-thyme-honey","18":"first","19":"instock","20":"taxable","21":"shipping-taxable","22":"purchasable","23":"product-type-simple"},"_links":{"self":[{"href":"https:\/\/www.cretoikos.com\/et\/wp-json\/wp\/v2\/product\/2957","targetHints":{"allow":["GET"]}}],"collection":[{"href":"https:\/\/www.cretoikos.com\/et\/wp-json\/wp\/v2\/product"}],"about":[{"href":"https:\/\/www.cretoikos.com\/et\/wp-json\/wp\/v2\/types\/product"}],"wp:featuredmedia":[{"embeddable":true,"href":"https:\/\/www.cretoikos.com\/et\/wp-json\/wp\/v2\/media\/3477"}],"wp:attachment":[{"href":"https:\/\/www.cretoikos.com\/et\/wp-json\/wp\/v2\/media?parent=2957"}],"wp:term":[{"taxonomy":"product_brand","embeddable":true,"href":"https:\/\/www.cretoikos.com\/et\/wp-json\/wp\/v2\/product_brand?post=2957"},{"taxonomy":"product_cat","embeddable":true,"href":"https:\/\/www.cretoikos.com\/et\/wp-json\/wp\/v2\/product_cat?post=2957"},{"taxonomy":"product_tag","embeddable":true,"href":"https:\/\/www.cretoikos.com\/et\/wp-json\/wp\/v2\/product_tag?post=2957"}],"curies":[{"name":"wp","href":"https:\/\/api.w.org\/{rel}","templated":true}]}}