{"id":13868,"date":"2023-07-07T10:59:21","date_gmt":"2023-07-07T07:59:21","guid":{"rendered":"https:\/\/www.cretoikos.com\/?post_type=product&#038;p=13868"},"modified":"2026-04-09T18:23:06","modified_gmt":"2026-04-09T15:23:06","slug":"pdo-sitia-02-premium-gold-extra-virgin-oliivioli-evoo-5lt","status":"publish","type":"product","link":"https:\/\/www.cretoikos.com\/et\/eshop\/olive-oil\/pdo-sitia-02-premium-gold-extra-virgin-olive-oil-evoo-5lt\/","title":{"rendered":"PDO SITIA 0,2% Premium Gold Extra Virgin oliivi\u00f5li (EVOO) 5 lt"},"content":{"rendered":"<h2 style=\"font-size: 20px; text-align: center;\"><strong>100% Kreeka ekstra neitsioliivi\u00f5li (EVOO) Kreeta saarelt, esmalt k\u00fclmpressitud, rikas pol\u00fcfenoolide, antioks\u00fcdantide, E-vitamiini ja p\u00f5letikuvastaste omaduste poolest, puhas oliivipuuviljamahl, s\u00e4ilitusaineteta, uus saak, v\u00e4rskelt pressitud samal p\u00e4eval. Oliivide saak<\/strong><\/h2>\n<p>&nbsp;<\/p>\n<p><img loading=\"lazy\" decoding=\"async\" class=\"alignnone wp-image-3390 size-full\" src=\"https:\/\/www.cretoikos.com\/wp-content\/uploads\/2018\/03\/certifications-olive-oil.gif\" alt=\"Oliivi\u00f5li sertifikaadid\" width=\"470\" height=\"88\" \/><\/p>\n<p><img loading=\"lazy\" decoding=\"async\" class=\"alignnone wp-image-3386 size-full\" src=\"https:\/\/www.cretoikos.com\/wp-content\/uploads\/2018\/03\/OliveOil-GDA.png\" alt=\"Oliivi\u00f5li GDA\" width=\"464\" height=\"86\" srcset=\"https:\/\/www.cretoikos.com\/wp-content\/uploads\/2018\/03\/OliveOil-GDA.png 464w, https:\/\/www.cretoikos.com\/wp-content\/uploads\/2018\/03\/OliveOil-GDA-300x56.png 300w, https:\/\/www.cretoikos.com\/wp-content\/uploads\/2018\/03\/OliveOil-GDA-450x83.png 450w\" sizes=\"auto, (max-width: 464px) 100vw, 464px\" \/><\/p>\n<p><strong>PDO SITIA 0,2% Premium Gold Extra Virgin oliivi\u00f5li (EVOO) 5 lt<\/strong> on kaitstud p\u00e4ritolunimetusega oliivi\u00f5li (<strong>KPN<\/strong>) alates <strong>Sitia<\/strong>, idas <strong>Kreeta<\/strong>. Sitia sisse <strong>Lasithi<\/strong> on Ida-Kreeta piirkond, mis on tuntud oma ideaalsete kliimatingimuste poolest, mis aitavad kaasa k\u00f5rgekvaliteedilise ekstra neitsioliivi\u00f5li tootmisele (<strong>EVOO<\/strong>). Oliiviviljadest oliivi\u00f5li ekstraheerimise protsess viiakse l\u00e4bi samal p\u00e4eval ja v\u00e4ga madalatel temperatuuridel, et s\u00e4ilitada k\u00f5ik viljad headus ja v\u00e4ga madal happesus. Protseduur toimub tervisekontrolli juhendajate k\u00e4e all ja kaasaegse tehnika toel.<\/p>\n<p><strong>KPN SITIA <\/strong>t\u00e4hendab selle a <strong>Kaitstud p\u00e4ritolusihtkoht<\/strong>, <strong>EVOO<\/strong> t\u00e4hendab <strong>Ekstra neitsioliivi\u00f5li<\/strong> (v\u00e4ga madal happesus \u2013 alla 0,8%), on sellel tootel spetsiaalselt <strong>happesus<\/strong> <strong>vaid 0,21 TP3T<\/strong><\/p>\n<p>Meie oliivi\u00f5litooted on <strong>LABORAtoorium Sertifitseeritud<\/strong>, puhas, esmaklassiline kvaliteet <strong>Ekstra neitsioliivi\u00f5lid<\/strong> EVOO, KPN (<strong>Kaitstud p\u00e4ritolusihtkoht<\/strong>) ja <strong>Autasustatud<\/strong> mitmes <strong>Rahvusvahelised oliivi\u00f5li v\u00f5istlused. OSTKE KINDLUSELT\u2026<\/strong><\/p>\n<div class=\"wpb_text_column wpb_content_element wpb_animate_when_almost_visible wpb_fadeInDown fadeInDown vc_custom_1585559046315 wpb_start_animation animated\">\n<div class=\"wpb_wrapper\">\n<p>Ostke ainult puhtaid, labori sertifikaadiga ekstra neitsioliivi\u00f5lisid, EVOO on parim toiduks kasutatav oliivi\u00f5li<\/p>\n<\/div>\n<\/div>\n<p>Tellige oma Kreeka oliivi\u00f5li Internetist ja s\u00e4\u00e4stke<\/p>\n<p class=\"translation-block\"><a href=\"https:\/\/www.cretoikos.com\/et\/tarne-ja-saatmiskulud\/\" target=\"_self\"><strong>\u00dclemaailmne kohaletoimetamine<\/strong><\/a> \u2013 saadame teie tellimuse <strong>k\u00f5ikidesse riikidesse<\/strong> \u00fcle maailma!<\/p>\n<p>&nbsp;<\/p>\n<h2 style=\"font-size: 20px; text-align: center;\"><a href=\"\/et\/rahvusvahelised-oliivioli-sertifikaadid\/\"><strong>Meie rahvusvahelised kvaliteetse toidu sertifikaadid<\/strong> Tooted<\/a><\/h2>\n<p><a href=\"\/et\/rahvusvahelised-oliivioli-sertifikaadid\/\"><img loading=\"lazy\" decoding=\"async\" class=\"aligncenter wp-image-13475 size-full\" src=\"https:\/\/www.cretoikos.com\/wp-content\/uploads\/2017\/12\/Quality-Food-Certifications-Lab-Certified-Healthy-Mediterranean-Foods-w800.jpg\" alt=\"Rahvusvahelised kvaliteetse toidu sertifikaadid \u2013 labori sertifitseeritud tervislikud Vahemere toidud\" width=\"800\" height=\"250\" srcset=\"https:\/\/www.cretoikos.com\/wp-content\/uploads\/2017\/12\/Quality-Food-Certifications-Lab-Certified-Healthy-Mediterranean-Foods-w800.jpg 800w, https:\/\/www.cretoikos.com\/wp-content\/uploads\/2017\/12\/Quality-Food-Certifications-Lab-Certified-Healthy-Mediterranean-Foods-w800-300x94.jpg 300w, https:\/\/www.cretoikos.com\/wp-content\/uploads\/2017\/12\/Quality-Food-Certifications-Lab-Certified-Healthy-Mediterranean-Foods-w800-768x240.jpg 768w, https:\/\/www.cretoikos.com\/wp-content\/uploads\/2017\/12\/Quality-Food-Certifications-Lab-Certified-Healthy-Mediterranean-Foods-w800-450x141.jpg 450w, https:\/\/www.cretoikos.com\/wp-content\/uploads\/2017\/12\/Quality-Food-Certifications-Lab-Certified-Healthy-Mediterranean-Foods-w800-780x244.jpg 780w\" sizes=\"auto, (max-width: 800px) 100vw, 800px\" \/><\/a><\/p>\n<h3 style=\"font-size: 20px; text-align: center;\"><a href=\"\/et\/rahvusvahelised-oliivioli-sertifikaadid\/\"><strong>KOSHER Food sertifitseeritud oliivi\u00f5litoode<\/strong><\/a><\/h3>\n<p>&nbsp;<\/p>\n<p><img loading=\"lazy\" decoding=\"async\" class=\"size-full wp-image-13454 aligncenter\" src=\"https:\/\/www.cretoikos.com\/wp-content\/uploads\/2020\/07\/kosher-foods-certification-2-w220.jpg\" alt=\"KOSHER Food Extra Virgin Oliivi\u00f5li\" width=\"173\" height=\"220\" \/><\/p>\n<p>&nbsp;<\/p>\n<h3 style=\"font-size: 20px; text-align: center;\"><a href=\"\/et\/rahvusvahelised-oliivioli-sertifikaadid\/\"><strong>FDA (USA) \u2013 Food &amp; Drugs Administrationi sertifitseeritud oliivi\u00f5litoode<\/strong><\/a><\/h3>\n<p>&nbsp;<\/p>\n<p><img loading=\"lazy\" decoding=\"async\" class=\"size-full wp-image-13476 aligncenter\" src=\"https:\/\/www.cretoikos.com\/wp-content\/uploads\/2017\/12\/FDA-foods-certification-w220.jpg\" alt=\"FDA toidu ja ravimite sertifikaat\" width=\"163\" height=\"220\" \/><\/p>\n<p>&nbsp;<\/p>","protected":false},"excerpt":{"rendered":"<p><strong>PDO SITIA 0,2% Premium Gold Extra Virgin oliivi\u00f5li (EVOO) 5 lt<\/strong> on erakordselt madala happesusega ainulaadne puuviljane ekstra neitsioliivi\u00f5li, mis sobib ideaalselt k\u00f5igi teie kulinaarsete vajadustega. Kasutage seda toiduvalmistamisel v\u00f5i toorelt salatite kummutina.<\/p>\n<p><strong>Kreeka ekstra neitsioliivi\u00f5li Kreeta saarelt!<\/strong><\/p>\n<p class=\"translation-block\"><a href=\"https:\/\/www.cretoikos.com\/et\/tarne-ja-saatmiskulud\/\" target=\"_self\"><strong>\u00dclemaailmne kohaletoimetamine<\/strong><\/a> \u2013 saadame teie tellimuse <strong>k\u00f5ikidesse riikidesse<\/strong> \u00fcle maailma!<\/p>","protected":false},"featured_media":13869,"template":"","meta":[],"product_brand":[],"product_cat":[23],"product_tag":[140,141,113,95,97,98,96,91,99,101,135,111,112,110,109],"class_list":{"0":"post-13868","1":"product","2":"type-product","3":"status-publish","4":"has-post-thumbnail","6":"product_cat-olive-oil","7":"product_tag-140","8":"product_tag-3-extra-virgin-olive-oil","9":"product_tag-5lt","10":"product_tag-bottle","11":"product_tag-buy-olive-oil","12":"product_tag-buy-online","13":"product_tag-cretan-olive-oil","14":"product_tag-evoo","15":"product_tag-greek-olive-oil","16":"product_tag-olive-oil","17":"product_tag-pdo-olive-oil","18":"product_tag-pdo-sitia","19":"product_tag-pdo-sitia-olive-oil","20":"product_tag-sitia","21":"product_tag-sitia-olive-oil","23":"first","24":"instock","25":"taxable","26":"shipping-taxable","27":"purchasable","28":"product-type-simple"},"_links":{"self":[{"href":"https:\/\/www.cretoikos.com\/et\/wp-json\/wp\/v2\/product\/13868","targetHints":{"allow":["GET"]}}],"collection":[{"href":"https:\/\/www.cretoikos.com\/et\/wp-json\/wp\/v2\/product"}],"about":[{"href":"https:\/\/www.cretoikos.com\/et\/wp-json\/wp\/v2\/types\/product"}],"wp:featuredmedia":[{"embeddable":true,"href":"https:\/\/www.cretoikos.com\/et\/wp-json\/wp\/v2\/media\/13869"}],"wp:attachment":[{"href":"https:\/\/www.cretoikos.com\/et\/wp-json\/wp\/v2\/media?parent=13868"}],"wp:term":[{"taxonomy":"product_brand","embeddable":true,"href":"https:\/\/www.cretoikos.com\/et\/wp-json\/wp\/v2\/product_brand?post=13868"},{"taxonomy":"product_cat","embeddable":true,"href":"https:\/\/www.cretoikos.com\/et\/wp-json\/wp\/v2\/product_cat?post=13868"},{"taxonomy":"product_tag","embeddable":true,"href":"https:\/\/www.cretoikos.com\/et\/wp-json\/wp\/v2\/product_tag?post=13868"}],"curies":[{"name":"wp","href":"https:\/\/api.w.org\/{rel}","templated":true}]}}