{"id":494,"date":"2017-01-10T21:29:23","date_gmt":"2017-01-10T21:29:23","guid":{"rendered":"http:\/\/import.getbowtied.com\/shopkeeper-replica\/?page_id=494"},"modified":"2026-04-17T10:59:21","modified_gmt":"2026-04-17T07:59:21","slug":"profiil","status":"publish","type":"page","link":"https:\/\/www.cretoikos.com\/et\/profile\/","title":{"rendered":"Mylopotamos tervisetoidud ja Cretoikos"},"content":{"rendered":"<div style=\"\"data-vc-full-width=\"true\" data-vc-full-width-init=\"false\" class=\"normal_height vc_row wpb_row vc_row-fluid wpb_animate_when_almost_visible wpb_fadeIn fadeIn vc_custom_1527075897511 vc_row-has-fill vc_row-o-content-bottom vc_row-flex\"><div class=\"wpb_column vc_column_container vc_col-sm-6\"><div class=\"vc_column-inner\"><div class=\"wpb_wrapper\"><\/div><\/div><\/div><div class=\"wpb_column vc_column_container vc_col-sm-6\"><div class=\"vc_column-inner\"><div class=\"wpb_wrapper\"><\/div><\/div><\/div><\/div><div class=\"vc_row-full-width vc_clearfix\"><\/div><div style=\"\"class=\"normal_height vc_row wpb_row vc_row-fluid\"><div class=\"wpb_column vc_column_container vc_col-sm-12\"><div class=\"vc_column-inner\"><div class=\"wpb_wrapper\">\n\t<div class=\"wpb_text_column wpb_content_element  wpb_animate_when_almost_visible wpb_fadeInDown fadeInDown\" >\n\t\t<div class=\"wpb_wrapper\">\n\t\t\t<h1>CRETOIKOS \u2013 Mylopotamos Health Foods<\/h1>\n\n\t\t<\/div>\n\t<\/div>\n\n\t<div class=\"wpb_text_column wpb_content_element  wpb_animate_when_almost_visible wpb_fadeInUp fadeInUp\" >\n\t\t<div class=\"wpb_wrapper\">\n\t\t\t<div class=\"introtext\">\n<p>Oleme Premium Cretan tootjad <strong><a href=\"https:\/\/www.cretoikos.com\/et\/tootekategooria\/oliivioli\/\">Ekstra neitsioliivi\u00f5li<\/a><\/strong> (<a href=\"https:\/\/www.cretoikos.com\/et\/tootekategooria\/oliivioli\/\">EVOO<\/a>) &amp; <a href=\"https:\/\/www.cretoikos.com\/et\/epood\/oliivioli\/extra-virgin-olive-oil-biological-cultivation-500ml\/\"><strong>ORGAANILINE EVOO<\/strong><\/a> Oliivi\u00f5li sisse <strong><a href=\"https:\/\/www.google.com\/url?sa=t&amp;rct=j&amp;q=&amp;esrc=s&amp;source=web&amp;cd=35&amp;cad=rja&amp;uact=8&amp;ved=2ahUKEwiB3eTH8sToAhUZE8AKHRhXAlEQFjAiegQIBxAB&amp;url=https%3A%2F%2Fwww.incrediblecrete.gr%2F&amp;usg=AOvVaw3ShiZivy5G3SpihLn2lCVH\" target=\"_blank\" rel=\"noopener noreferrer\">Kreeta saar<\/a> <a href=\"http:\/\/www.visitgreece.gr\/en\" target=\"_blank\" rel=\"noopener noreferrer\">Kreeka<\/a><\/strong>. Meie motiiv on n\u00e4idata tarbijatele oma armastust ja austust mulla ja eriti oliivipuu, selle k\u00f5ige v\u00e4\u00e4rtuslikuma vilja, <strong>oliivi\u00f5li<\/strong> \u2013<strong> &quot;vedel kuld&quot;<\/strong> nagu seda nimetas Antiikaja suur poeet Homeros.<\/p>\n<\/div>\n\n\t\t<\/div>\n\t<\/div>\n<\/div><\/div><\/div><\/div><div style=\"\"class=\"normal_height vc_row wpb_row vc_row-fluid\"><div class=\"wpb_column vc_column_container vc_col-sm-12\"><div class=\"vc_column-inner\"><div class=\"wpb_wrapper\"><div class=\"wpb_layerslider_element wpb_content_element\"><div id=\"layerslider_4_a8rhtt74h785\" class=\"ls-wp-container fitvidsignore\" style=\"width:1280px;height:720px;margin:0 auto;margin-bottom: 0px;margin-top: 0px; padding:0;\"><div class=\"ls-slide\" data-ls=\"bgsize:cover;kenburnsscale:1.2;\"><ls-layer style=\"font-size:36px;color:#000;stroke:#000;stroke-width:0px;text-align:left;font-style:normal;text-decoration:none;text-transform:none;font-weight:400;letter-spacing:0px;background-position:0% 0%;background-repeat:no-repeat;overflow:visible;left:100%;margin-left:0px;\" class=\"ls-l ls-media-layer\" data-ls=\"autoplay:enabled;muted:enabled;loopmedia:enabled;backgroundvideo:true;\"><video width=\"100%\" preload=\"metadata\" controls><source src=\"\/wp-content\/uploads\/2026\/02\/intro%20new.mov\" type=\"video\/mp4\"><\/video><\/ls-layer><\/div><\/div><\/div><\/div><\/div><\/div><\/div><div style=\"\"class=\"normal_height vc_row wpb_row vc_row-fluid\"><div class=\"wpb_column vc_column_container vc_col-sm-12\"><div class=\"vc_column-inner\"><div class=\"wpb_wrapper\">\n\t<div class=\"wpb_text_column wpb_content_element\" >\n\t\t<div class=\"wpb_wrapper\">\n\t\t\t<h4>Ettev\u00f5tte Mylopotamos Health Foods asutas 1999. aastal hr Kostas Zacharakis, kes on l\u00f5petanud Ateena Majandus- ja \u00c4ri\u00fclikooli dpt. Politoloogiateaduste spetsialist, kes on p\u00e4rit Mylopotamose piirkonnast.<\/h4>\n\n\t\t<\/div>\n\t<\/div>\n<\/div><\/div><\/div><\/div><div style=\"\"class=\"normal_height vc_row wpb_row vc_row-fluid wpb_animate_when_almost_visible wpb_fadeIn fadeIn vc_row-o-equal-height vc_row-o-content-bottom vc_row-flex\"><div class=\"wpb_column vc_column_container vc_col-sm-6\"><div class=\"vc_column-inner\"><div class=\"wpb_wrapper\">\n\t<div class=\"wpb_text_column wpb_content_element  wpb_animate_when_almost_visible wpb_fadeIn fadeIn extrabottompadding\" >\n\t\t<div class=\"wpb_wrapper\">\n\t\t\t<p style=\"text-align: right;\">Tema unistus oli asutada oma ettev\u00f5te, mis edendaks ja muudaks v\u00e4\u00e4rtuslikku kogu maailmas k\u00e4ttesaadavaks <strong><a href=\"https:\/\/www.cretoikos.com\/et\/epood\/\">Kreeta tooted<\/a><\/strong>. Nii l\u00f5i ta uuendusliku oliivi\u00f5li \u00fcksuse Angelianas, traditsioonilises Kreeta k\u00fclas Mylopotamose piirkonnas Rethymno prefektuuris.<\/p>\n<p style=\"text-align: right;\">Tehase suurus on 2000 m2 ja tootmisv\u00f5imsus 2000 pudelit tunnis.<\/p>\n<p style=\"text-align: right;\">Meie motiiv on n\u00e4idata tarbijatele oma armastust ja austust mulla ja eriti oliivipuu, selle k\u00f5ige v\u00e4\u00e4rtuslikuma vilja, <strong><a href=\"https:\/\/www.cretoikos.com\/et\/tootekategooria\/oliivioli\/\">oliivi\u00f5li<\/a><\/strong> -&quot;<strong>vedel kuld<\/strong>\u201d nagu seda nimetas Antiikaja suur poeet Homeros. Samuti omame t\u00e4nu oma pikaajalisele kogemusele m\u00e4rkimisv\u00e4\u00e4rset positsiooni oliivi\u00f5li turul ja p\u00f5llumajandustoodete turul \u00fcldiselt nii Kreekas kui ka v\u00e4lismaal.<\/p>\n\n\t\t<\/div>\n\t<\/div>\n<\/div><\/div><\/div><div class=\"wpb_column vc_column_container vc_col-sm-6\"><div class=\"vc_column-inner\"><div class=\"wpb_wrapper\">\n\t<div  class=\"wpb_single_image wpb_content_element vc_align_left  wpb_animate_when_almost_visible wpb_fadeIn fadeIn\">\n\t\t\n\t\t<figure class=\"wpb_wrapper vc_figure\">\n\t\t\t<div class=\"vc_single_image-wrapper   vc_box_border_grey\"><img loading=\"lazy\" decoding=\"async\" width=\"521\" height=\"350\" src=\"https:\/\/www.cretoikos.com\/wp-content\/uploads\/2018\/05\/cretoikos-profile-01.jpg\" class=\"vc_single_image-img attachment-full\" alt=\"\" srcset=\"https:\/\/www.cretoikos.com\/wp-content\/uploads\/2018\/05\/cretoikos-profile-01.jpg 521w, https:\/\/www.cretoikos.com\/wp-content\/uploads\/2018\/05\/cretoikos-profile-01-300x202.jpg 300w, https:\/\/www.cretoikos.com\/wp-content\/uploads\/2018\/05\/cretoikos-profile-01-450x302.jpg 450w\" sizes=\"auto, (max-width: 521px) 100vw, 521px\" \/><\/div>\n\t\t<\/figure>\n\t<\/div>\n<\/div><\/div><\/div><\/div><div style=\"\"class=\"normal_height vc_row wpb_row vc_row-fluid vc_row-o-equal-height vc_row-o-content-bottom vc_row-flex\"><div class=\"wpb_column vc_column_container vc_col-sm-6\"><div class=\"vc_column-inner\"><div class=\"wpb_wrapper\">\n\t<div  class=\"wpb_single_image wpb_content_element vc_align_right  wpb_animate_when_almost_visible wpb_fadeIn fadeIn\">\n\t\t\n\t\t<figure class=\"wpb_wrapper vc_figure\">\n\t\t\t<div class=\"vc_single_image-wrapper   vc_box_border_grey\"><img loading=\"lazy\" decoding=\"async\" width=\"521\" height=\"350\" src=\"https:\/\/www.cretoikos.com\/wp-content\/uploads\/2018\/05\/cretoikos-profile-02.jpg\" class=\"vc_single_image-img attachment-full\" alt=\"\" srcset=\"https:\/\/www.cretoikos.com\/wp-content\/uploads\/2018\/05\/cretoikos-profile-02.jpg 521w, https:\/\/www.cretoikos.com\/wp-content\/uploads\/2018\/05\/cretoikos-profile-02-300x202.jpg 300w, https:\/\/www.cretoikos.com\/wp-content\/uploads\/2018\/05\/cretoikos-profile-02-450x302.jpg 450w\" sizes=\"auto, (max-width: 521px) 100vw, 521px\" \/><\/div>\n\t\t<\/figure>\n\t<\/div>\n<\/div><\/div><\/div><div class=\"wpb_column vc_column_container vc_col-sm-6\"><div class=\"vc_column-inner\"><div class=\"wpb_wrapper\">\n\t<div class=\"wpb_text_column wpb_content_element  wpb_animate_when_almost_visible wpb_fadeIn fadeIn extrabottompadding\" >\n\t\t<div class=\"wpb_wrapper\">\n\t\t\t<p>Meil on kliente \u00fcle maailma, kes meid usaldavad, n\u00e4iteks firmad Chirag Pariisis, Xiamen Hiinas, Odysea Londonis jne.<\/p>\n<p><strong><a href=\"https:\/\/www.cretoikos.com\/et\/epood\/\">Traditsioonilised Kreeta tooted<\/a><\/strong><\/p>\n<p>Mylopotamos tervisetoidud ja Cretoikos<\/p>\n<p>Meil on hea meel tutvustada meie ettev\u00f5tet &quot;<a href=\"https:\/\/www.mylopotamos-health-foods.gr\/\" target=\"_blank\" rel=\"noopener noreferrer\"><strong>Mylopotamos Tervislikud toidud<\/strong><\/a>\u201d, meie vastloodud kaudu<a href=\"https:\/\/www.cretoikos.com\/et\/epood\/\"><strong> e-pood<\/strong><\/a> nimega &quot;<a href=\"https:\/\/www.cretoikos.com\/et\/\"><strong>Cretoikos<\/strong><\/a>\u201d, et teile pakkuda<a href=\"https:\/\/www.cretoikos.com\/et\/tootekategooria\/oliivioli\/\"> ekstra neitsioliivi\u00f5li<\/a> meie koduriigist, aga ka selle tuletistest, nagu <a href=\"https:\/\/www.cretoikos.com\/et\/tootekategooria\/oliivioli\/\"><strong>Extra Virgin oliivi\u00f5li<\/strong><\/a>, <strong><a href=\"https:\/\/www.cretoikos.com\/et\/epood\/oliivioli\/extra-virgin-olive-oil-biological-cultivation-500ml\/\">Bioloogiline ekstra neitsioliivi\u00f5li<\/a><\/strong>, <a href=\"https:\/\/www.cretoikos.com\/et\/tootekategooria\/oliivioli-kreeta-urtidega\/\"><strong>Ekstra neitsioliivi\u00f5li sidruni\/apelsini ja erinevate Kreeta \u00fcrtidega l\u00f5hnastatud<\/strong><\/a>, nagu pune, t\u00fc\u00fcmian, rosmariin, k\u00fc\u00fcslauk, t\u0161illi, <strong><a href=\"https:\/\/www.cretoikos.com\/et\/tootekategooria\/olives\/\">Oliivid<\/a>,<\/strong> <strong><a href=\"https:\/\/www.cretoikos.com\/et\/tootekategooria\/olives\/\">Oliivid \u00fcrtide maitsega<\/a><\/strong>, jne.<\/p>\n\n\t\t<\/div>\n\t<\/div>\n<\/div><\/div><\/div><\/div><div style=\"\"class=\"normal_height vc_row wpb_row vc_row-fluid vc_row-o-equal-height vc_row-o-content-bottom vc_row-flex\"><div class=\"wpb_column vc_column_container vc_col-sm-6\"><div class=\"vc_column-inner\"><div class=\"wpb_wrapper\">\n\t<div class=\"wpb_text_column wpb_content_element  wpb_animate_when_almost_visible wpb_fadeIn fadeIn extrabottompadding\" >\n\t\t<div class=\"wpb_wrapper\">\n\t\t\t<p style=\"text-align: right;\">Pikad p\u00e4ikesepaisteperioodid, v\u00e4hesed vihmasajud, niiskus ja meresool loovad ideaalse kliima, et toota parimat valikut <strong>oliivi\u00f5li<\/strong> Vahemere piirkonnas, tootja <strong>Koroneiki<\/strong> oliivipuud.<\/p>\n<p style=\"text-align: right;\">Need erip\u00e4rad julgustasid Euroopa Liitu m\u00e4\u00e4ruse 2092\/91 kaudu tunnistama sordi suurt v\u00e4\u00e4rtust ja iseloomustama seda kui oliivi\u00f5li. <a href=\"http:\/\/www.minagric.gr\/index.php\/en\/farmer-menu-2\/pdo-pgi-tsgproducts-menu\" target=\"_blank\" rel=\"noopener noreferrer\"><strong>Kaitstud p\u00e4ritolunimetus<\/strong> (KPN)<\/a>, et seda eristada <strong><a href=\"https:\/\/www.cretoikos.com\/et\/tootekategooria\/oliivioli\/\">oliivi\u00f5li<\/a><\/strong> teistest sama sordist.<\/p>\n\n\t\t<\/div>\n\t<\/div>\n<\/div><\/div><\/div><div class=\"wpb_column vc_column_container vc_col-sm-6\"><div class=\"vc_column-inner\"><div class=\"wpb_wrapper\">\n\t<div  class=\"wpb_single_image wpb_content_element vc_align_left  wpb_animate_when_almost_visible wpb_fadeIn fadeIn\">\n\t\t\n\t\t<figure class=\"wpb_wrapper vc_figure\">\n\t\t\t<div class=\"vc_single_image-wrapper   vc_box_border_grey\"><img loading=\"lazy\" decoding=\"async\" width=\"521\" height=\"350\" src=\"https:\/\/www.cretoikos.com\/wp-content\/uploads\/2018\/05\/cretoikos-profile-03.jpg\" class=\"vc_single_image-img attachment-full\" alt=\"\" srcset=\"https:\/\/www.cretoikos.com\/wp-content\/uploads\/2018\/05\/cretoikos-profile-03.jpg 521w, https:\/\/www.cretoikos.com\/wp-content\/uploads\/2018\/05\/cretoikos-profile-03-300x202.jpg 300w, https:\/\/www.cretoikos.com\/wp-content\/uploads\/2018\/05\/cretoikos-profile-03-450x302.jpg 450w\" sizes=\"auto, (max-width: 521px) 100vw, 521px\" \/><\/div>\n\t\t<\/figure>\n\t<\/div>\n<\/div><\/div><\/div><\/div><div style=\"\"class=\"normal_height vc_row wpb_row vc_row-fluid vc_row-o-equal-height vc_row-o-content-bottom vc_row-flex\"><div class=\"wpb_column vc_column_container vc_col-sm-6\"><div class=\"vc_column-inner\"><div class=\"wpb_wrapper\">\n\t<div  class=\"wpb_single_image wpb_content_element vc_align_right  wpb_animate_when_almost_visible wpb_fadeIn fadeIn\">\n\t\t\n\t\t<figure class=\"wpb_wrapper vc_figure\">\n\t\t\t<div class=\"vc_single_image-wrapper   vc_box_border_grey\"><img loading=\"lazy\" decoding=\"async\" width=\"521\" height=\"350\" src=\"https:\/\/www.cretoikos.com\/wp-content\/uploads\/2018\/05\/cretoikos-profile-04.jpg\" class=\"vc_single_image-img attachment-full\" alt=\"\" srcset=\"https:\/\/www.cretoikos.com\/wp-content\/uploads\/2018\/05\/cretoikos-profile-04.jpg 521w, https:\/\/www.cretoikos.com\/wp-content\/uploads\/2018\/05\/cretoikos-profile-04-300x202.jpg 300w, https:\/\/www.cretoikos.com\/wp-content\/uploads\/2018\/05\/cretoikos-profile-04-450x302.jpg 450w\" sizes=\"auto, (max-width: 521px) 100vw, 521px\" \/><\/div>\n\t\t<\/figure>\n\t<\/div>\n<\/div><\/div><\/div><div class=\"wpb_column vc_column_container vc_col-sm-6\"><div class=\"vc_column-inner\"><div class=\"wpb_wrapper\">\n\t<div class=\"wpb_text_column wpb_content_element  wpb_animate_when_almost_visible wpb_fadeIn fadeIn extrabottompadding\" >\n\t\t<div class=\"wpb_wrapper\">\n\t\t\t<h4>Meie paigaldus sisaldab<\/h4>\n<ul>\n<li>Automatiseeritud edastusliin standardiseeritud jaoks <strong><a href=\"https:\/\/www.cretoikos.com\/et\/tootekategooria\/oliivioli\/\">oliivi\u00f5li<\/a><\/strong> mis vastab k\u00f5rgeimatele n\u00f5uetele. Seade on valmistatud Itaalias ja sellel on villimisliin vahemikus 100 ml kuni 5 l<\/li>\n<li>Kaasaegsed, soojustatud, reguleeritava temperatuuriga laoruumid<\/li>\n<li>Ladupaagid ja roostevabast terasest veokonteinerid<\/li>\n<li>K\u00f5ige arenenuma tehnoloogiaga tehnoloogilised seadmed<\/li>\n<\/ul>\n\n\t\t<\/div>\n\t<\/div>\n<\/div><\/div><\/div><\/div><div style=\"\"class=\"normal_height vc_row wpb_row vc_row-fluid\"><div class=\"wpb_column vc_column_container vc_col-sm-12\"><div class=\"vc_column-inner\"><div class=\"wpb_wrapper\">\n\t<div  class=\"wpb_single_image wpb_content_element vc_align_center  wpb_animate_when_almost_visible wpb_fadeInUp fadeInUp\">\n\t\t<h2 class=\"wpb_heading wpb_singleimage_heading\">Ostke ainult puhtaid, labori sertifikaadiga EVOO (Extra Virgin) oliivi\u00f5lisid<\/h2>\n\t\t<figure class=\"wpb_wrapper vc_figure\">\n\t\t\t<div class=\"vc_single_image-wrapper   vc_box_border_grey\"><img loading=\"lazy\" decoding=\"async\" width=\"727\" height=\"136\" src=\"https:\/\/www.cretoikos.com\/wp-content\/uploads\/2018\/05\/cretoikos-profile-certs.jpg\" class=\"vc_single_image-img attachment-full\" alt=\"meie oliivi\u00f5lide biotoidu sertifikaat\" srcset=\"https:\/\/www.cretoikos.com\/wp-content\/uploads\/2018\/05\/cretoikos-profile-certs.jpg 727w, https:\/\/www.cretoikos.com\/wp-content\/uploads\/2018\/05\/cretoikos-profile-certs-300x56.jpg 300w, https:\/\/www.cretoikos.com\/wp-content\/uploads\/2018\/05\/cretoikos-profile-certs-450x84.jpg 450w\" sizes=\"auto, (max-width: 727px) 100vw, 727px\" \/><\/div>\n\t\t<\/figure>\n\t<\/div>\n\n\t<div  class=\"wpb_single_image wpb_content_element vc_align_center  wpb_animate_when_almost_visible wpb_fadeInDown fadeInDown\">\n\t\t\n\t\t<figure class=\"wpb_wrapper vc_figure\">\n\t\t\t<div class=\"vc_single_image-wrapper   vc_box_border_grey\"><img loading=\"lazy\" decoding=\"async\" width=\"1101\" height=\"233\" src=\"https:\/\/www.cretoikos.com\/wp-content\/uploads\/2018\/05\/cretoikos-profile-banner-award.png\" class=\"vc_single_image-img attachment-full\" alt=\"Meie ekstra neitsioliivi\u00f5li v\u00f5itis 2005. aastal Madridis Mario Solinase kvaliteediauhinna keskmise puuviljasuse kategoorias ja 2008. aastal Moskvas World Foodi konkursil teise auhinna.\" srcset=\"https:\/\/www.cretoikos.com\/wp-content\/uploads\/2018\/05\/cretoikos-profile-banner-award.png 1101w, https:\/\/www.cretoikos.com\/wp-content\/uploads\/2018\/05\/cretoikos-profile-banner-award-300x63.png 300w, https:\/\/www.cretoikos.com\/wp-content\/uploads\/2018\/05\/cretoikos-profile-banner-award-768x163.png 768w, https:\/\/www.cretoikos.com\/wp-content\/uploads\/2018\/05\/cretoikos-profile-banner-award-1024x217.png 1024w, https:\/\/www.cretoikos.com\/wp-content\/uploads\/2018\/05\/cretoikos-profile-banner-award-450x95.png 450w, https:\/\/www.cretoikos.com\/wp-content\/uploads\/2018\/05\/cretoikos-profile-banner-award-780x165.png 780w\" sizes=\"auto, (max-width: 1101px) 100vw, 1101px\" \/><\/div>\n\t\t<\/figure>\n\t<\/div>\n<\/div><\/div><\/div><\/div><div style=\"\"data-vc-full-width=\"true\" data-vc-full-width-init=\"false\" data-vc-stretch-content=\"true\" class=\"normal_height vc_row wpb_row vc_row-fluid vc_custom_1538036149395 vc_column-gap-35 vc_row-o-equal-height vc_row-o-content-middle vc_row-flex\"><div class=\"wpb_column vc_column_container vc_col-sm-4\"><div class=\"vc_column-inner\"><div class=\"wpb_wrapper\">\n\t<div  class=\"wpb_single_image wpb_content_element vc_align_center\">\n\t\t\n\t\t<figure class=\"wpb_wrapper vc_figure\">\n\t\t\t<div class=\"vc_single_image-wrapper   vc_box_border_grey\"><img loading=\"lazy\" decoding=\"async\" width=\"931\" height=\"1087\" src=\"https:\/\/www.cretoikos.com\/wp-content\/uploads\/2018\/02\/03.jpg\" class=\"vc_single_image-img attachment-full\" alt=\"\" srcset=\"https:\/\/www.cretoikos.com\/wp-content\/uploads\/2018\/02\/03.jpg 931w, https:\/\/www.cretoikos.com\/wp-content\/uploads\/2018\/02\/03-257x300.jpg 257w, https:\/\/www.cretoikos.com\/wp-content\/uploads\/2018\/02\/03-768x897.jpg 768w, https:\/\/www.cretoikos.com\/wp-content\/uploads\/2018\/02\/03-877x1024.jpg 877w, https:\/\/www.cretoikos.com\/wp-content\/uploads\/2018\/02\/03-450x525.jpg 450w, https:\/\/www.cretoikos.com\/wp-content\/uploads\/2018\/02\/03-780x911.jpg 780w\" sizes=\"auto, (max-width: 931px) 100vw, 931px\" \/><\/div>\n\t\t<\/figure>\n\t<\/div>\n<\/div><\/div><\/div><div class=\"wpb_column vc_column_container vc_col-sm-4\"><div class=\"vc_column-inner\"><div class=\"wpb_wrapper\">\n\t<div  class=\"wpb_single_image wpb_content_element vc_align_center\">\n\t\t\n\t\t<figure class=\"wpb_wrapper vc_figure\">\n\t\t\t<div class=\"vc_single_image-wrapper   vc_box_border_grey\"><img loading=\"lazy\" decoding=\"async\" width=\"931\" height=\"1087\" src=\"https:\/\/www.cretoikos.com\/wp-content\/uploads\/2018\/02\/01.jpg\" class=\"vc_single_image-img attachment-full\" alt=\"\" srcset=\"https:\/\/www.cretoikos.com\/wp-content\/uploads\/2018\/02\/01.jpg 931w, https:\/\/www.cretoikos.com\/wp-content\/uploads\/2018\/02\/01-257x300.jpg 257w, https:\/\/www.cretoikos.com\/wp-content\/uploads\/2018\/02\/01-768x897.jpg 768w, https:\/\/www.cretoikos.com\/wp-content\/uploads\/2018\/02\/01-877x1024.jpg 877w, https:\/\/www.cretoikos.com\/wp-content\/uploads\/2018\/02\/01-450x525.jpg 450w, https:\/\/www.cretoikos.com\/wp-content\/uploads\/2018\/02\/01-780x911.jpg 780w\" sizes=\"auto, (max-width: 931px) 100vw, 931px\" \/><\/div>\n\t\t<\/figure>\n\t<\/div>\n<\/div><\/div><\/div><div class=\"wpb_column vc_column_container vc_col-sm-4\"><div class=\"vc_column-inner\"><div class=\"wpb_wrapper\">\n\t<div  class=\"wpb_single_image wpb_content_element vc_align_center\">\n\t\t\n\t\t<figure class=\"wpb_wrapper vc_figure\">\n\t\t\t<div class=\"vc_single_image-wrapper   vc_box_border_grey\"><img loading=\"lazy\" decoding=\"async\" width=\"931\" height=\"1087\" src=\"https:\/\/www.cretoikos.com\/wp-content\/uploads\/2018\/02\/02.jpg\" class=\"vc_single_image-img attachment-full\" alt=\"\" srcset=\"https:\/\/www.cretoikos.com\/wp-content\/uploads\/2018\/02\/02.jpg 931w, https:\/\/www.cretoikos.com\/wp-content\/uploads\/2018\/02\/02-257x300.jpg 257w, https:\/\/www.cretoikos.com\/wp-content\/uploads\/2018\/02\/02-768x897.jpg 768w, https:\/\/www.cretoikos.com\/wp-content\/uploads\/2018\/02\/02-877x1024.jpg 877w, https:\/\/www.cretoikos.com\/wp-content\/uploads\/2018\/02\/02-450x525.jpg 450w, https:\/\/www.cretoikos.com\/wp-content\/uploads\/2018\/02\/02-780x911.jpg 780w\" sizes=\"auto, (max-width: 931px) 100vw, 931px\" \/><\/div>\n\t\t<\/figure>\n\t<\/div>\n<\/div><\/div><\/div><\/div><div class=\"vc_row-full-width vc_clearfix\"><\/div><div style=\"\"class=\"normal_height vc_row wpb_row vc_row-fluid vc_custom_1589060457749 vc_row-has-fill\"><div class=\"wpb_column vc_column_container vc_col-sm-1\/5\"><div class=\"vc_column-inner\"><div class=\"wpb_wrapper\">\n\t<div  class=\"wpb_single_image wpb_content_element vc_align_right\">\n\t\t\n\t\t<figure class=\"wpb_wrapper vc_figure\">\n\t\t\t<div class=\"vc_single_image-wrapper   vc_box_border_grey\"><img loading=\"lazy\" decoding=\"async\" width=\"275\" height=\"183\" src=\"https:\/\/www.cretoikos.com\/wp-content\/uploads\/2020\/05\/order-shipping-eshop-buy-online-4.jpg\" class=\"vc_single_image-img attachment-full\" alt=\"Saadame teie tellimuse \u00fcle maailma!\" \/><\/div>\n\t\t<\/figure>\n\t<\/div>\n<\/div><\/div><\/div><div class=\"wpb_column vc_column_container vc_col-sm-3\/5\"><div class=\"vc_column-inner\"><div class=\"wpb_wrapper\">\n\t<div class=\"wpb_text_column wpb_content_element\" >\n\t\t<div class=\"wpb_wrapper\">\n\t\t\t<p style=\"text-align: center; font-size: 20px;\" class=\"translation-block\"><a href=\"https:\/\/www.cretoikos.com\/et\/tarne-ja-saatmiskulud\/\" target=\"_self\"><strong>\u00dclemaailmne kohaletoimetamine<\/strong><\/a> \u2013 saadame teie tellimuse <strong>k\u00f5ikidesse riikidesse<\/strong> \u00fcle maailma!<\/p>\n<p style=\"text-align: center; font-size: 22px;\"><strong>kiire kohaletoimetamine <\/strong>- v\u00f5rgus <strong>pakkide j\u00e4lgimine<\/strong> saadaval<br \/>\nreaalajas <a href=\"https:\/\/www.cretoikos.com\/et\/tellimuse-jalgimine\/\"><strong>j\u00e4lgi ja j\u00e4lgi<\/strong><\/a> teie oliivi\u00f5li tellimusest<\/p>\n\n\t\t<\/div>\n\t<\/div>\n<\/div><\/div><\/div><div class=\"wpb_column vc_column_container vc_col-sm-1\/5\"><div class=\"vc_column-inner\"><div class=\"wpb_wrapper\">\n\t<div  class=\"wpb_single_image wpb_content_element vc_align_left\">\n\t\t\n\t\t<figure class=\"wpb_wrapper vc_figure\">\n\t\t\t<div class=\"vc_single_image-wrapper   vc_box_border_grey\"><img loading=\"lazy\" decoding=\"async\" width=\"325\" height=\"215\" src=\"https:\/\/www.cretoikos.com\/wp-content\/uploads\/2020\/05\/order-shipping-eshop-buy-online.jpg\" class=\"vc_single_image-img attachment-full\" alt=\"Saadame teie tellimuse \u00fcle maailma!\" srcset=\"https:\/\/www.cretoikos.com\/wp-content\/uploads\/2020\/05\/order-shipping-eshop-buy-online.jpg 325w, https:\/\/www.cretoikos.com\/wp-content\/uploads\/2020\/05\/order-shipping-eshop-buy-online-300x198.jpg 300w\" sizes=\"auto, (max-width: 325px) 100vw, 325px\" \/><\/div>\n\t\t<\/figure>\n\t<\/div>\n<\/div><\/div><\/div><\/div><div style=\"\"class=\"adjust_cols_height vc_row wpb_row vc_row-fluid vc_row-o-equal-height vc_row-flex\"><div class=\"wpb_column vc_column_container vc_col-sm-12\"><div class=\"vc_column-inner\"><div class=\"wpb_wrapper\"><section class=\"vc_cta3-container\"><div class=\"vc_general vc_cta3 vc_cta3-style-classic vc_cta3-shape-rounded vc_cta3-align-center vc_cta3-color-green vc_cta3-icon-size-md vc_cta3-actions-bottom\"><div class=\"vc_cta3_content-container\"><div class=\"vc_cta3-content\"><header class=\"vc_cta3-content-header\"><h2>Ekstra neitsioliivi\u00f5li (EVOO) - Oliivid - Mesi - Seebid<\/h2><\/header><h2 style=\"text-align: center;\"><a href=\"https:\/\/www.cretoikos.com\/et\/epood\/\">Ostke EVOO oliivi\u00f5li veebist \u2013 meie e-pood<\/a><\/h2>\n<h2><a href=\"https:\/\/www.cretoikos.com\/et\/epood\/\"><img loading=\"lazy\" decoding=\"async\" class=\"aligncenter wp-image-3971 size-full\" src=\"https:\/\/www.cretoikos.com\/wp-content\/uploads\/2018\/10\/homepage_all_products_family_photo.jpg\" alt=\"Meie EVOO oliivi\u00f5litooted\" width=\"1903\" height=\"452\" srcset=\"https:\/\/www.cretoikos.com\/wp-content\/uploads\/2018\/10\/homepage_all_products_family_photo.jpg 1903w, https:\/\/www.cretoikos.com\/wp-content\/uploads\/2018\/10\/homepage_all_products_family_photo-300x71.jpg 300w, https:\/\/www.cretoikos.com\/wp-content\/uploads\/2018\/10\/homepage_all_products_family_photo-768x182.jpg 768w, https:\/\/www.cretoikos.com\/wp-content\/uploads\/2018\/10\/homepage_all_products_family_photo-1024x243.jpg 1024w, https:\/\/www.cretoikos.com\/wp-content\/uploads\/2018\/10\/homepage_all_products_family_photo-450x107.jpg 450w, https:\/\/www.cretoikos.com\/wp-content\/uploads\/2018\/10\/homepage_all_products_family_photo-780x185.jpg 780w\" sizes=\"auto, (max-width: 1903px) 100vw, 1903px\" \/><\/a><\/h2>\n<p>&nbsp;<\/p>\n<p><a href=\"https:\/\/www.cretoikos.com\/et\/epood\/\"><img loading=\"lazy\" decoding=\"async\" class=\"size-full wp-image-3915 aligncenter\" src=\"https:\/\/www.cretoikos.com\/wp-content\/uploads\/2018\/10\/cards-new-small.png\" alt=\"Ostke Internetist Kreeta ekstra neitsioliivi\u00f5li\" width=\"233\" height=\"117\" \/><\/a><\/p>\n<\/div><div class=\"vc_cta3-actions\"><div class=\"vc_btn3-container  wpb_animate_when_almost_visible wpb_zoomIn zoomIn vc_btn3-center\" ><a class=\"vc_general vc_btn3 vc_btn3-size-lg vc_btn3-shape-rounded vc_btn3-style-modern vc_btn3-color-green\" href=\"https:\/\/www.cretoikos.com\/et\/epood\/\" title=\"Telli Internetist \u2013 e-pood\">Ostke oliivi\u00f5li veebist \u2013 k\u00fclastage meie e-poodi<\/a><\/div><\/div><\/div><\/div><\/section><\/div><\/div><\/div><\/div>","protected":false},"excerpt":{"rendered":"CRETOIKOS - Mylopotamos Health Foods We are producers of Premium Cretan Extra Virgin Olive Oil (EVOO) &amp; ORGANIC EVOO Olive Oil in Crete island Greece. Our motive is to show the consumers our love and respect to the soil and especially the olive tree, its most precious fruit, the olive oil - the \u201cliquid gold\u201d [...]","protected":false},"author":1,"featured_media":0,"parent":0,"menu_order":0,"comment_status":"closed","ping_status":"closed","template":"page-boxed.php","meta":{"footnotes":""},"class_list":["post-494","page","type-page","status-publish","hentry"],"_links":{"self":[{"href":"https:\/\/www.cretoikos.com\/et\/wp-json\/wp\/v2\/pages\/494","targetHints":{"allow":["GET"]}}],"collection":[{"href":"https:\/\/www.cretoikos.com\/et\/wp-json\/wp\/v2\/pages"}],"about":[{"href":"https:\/\/www.cretoikos.com\/et\/wp-json\/wp\/v2\/types\/page"}],"author":[{"embeddable":true,"href":"https:\/\/www.cretoikos.com\/et\/wp-json\/wp\/v2\/users\/1"}],"replies":[{"embeddable":true,"href":"https:\/\/www.cretoikos.com\/et\/wp-json\/wp\/v2\/comments?post=494"}],"version-history":[{"count":6,"href":"https:\/\/www.cretoikos.com\/et\/wp-json\/wp\/v2\/pages\/494\/revisions"}],"predecessor-version":[{"id":15431,"href":"https:\/\/www.cretoikos.com\/et\/wp-json\/wp\/v2\/pages\/494\/revisions\/15431"}],"wp:attachment":[{"href":"https:\/\/www.cretoikos.com\/et\/wp-json\/wp\/v2\/media?parent=494"}],"curies":[{"name":"wp","href":"https:\/\/api.w.org\/{rel}","templated":true}]}}