{"id":3453,"date":"2018-05-14T11:28:58","date_gmt":"2018-05-14T11:28:58","guid":{"rendered":"https:\/\/www.cretoikos.com\/?page_id=3453"},"modified":"2020-05-06T02:52:46","modified_gmt":"2020-05-05T23:52:46","slug":"tos-tavaline","status":"publish","type":"page","link":"https:\/\/www.cretoikos.com\/et\/tos-plain\/","title":{"rendered":"TOS"},"content":{"rendered":"<p>www.cretoikos.com on e-pood, mis eksponeerib ja pakub tooteid veebis. See on osa ettev\u00f5ttest \u201cZacharakis Konstantinos &amp; CO General Partnership\u201d, mille peakontor asub Angeliana Rethymnos, Kreeta, Kreeka (maksunumber 099704169, maksuamet Rethymno). Enne e-poodi sisenemist ja meie saidil surfamist palume teil esmalt tutvuda allolevate tingimuste ja eeltingimustega, mida rakendatakse juhul, kui kasutate ettev\u00f5tte \u201cZacharakis Konstantinos &amp; CO t\u00e4is\u00fchingu\u201d e-poodi ja mis leiate aadressilt www.cretoikos.com<\/p>\n<p>Veenduge, et n\u00f5ustute allj\u00e4rgnevate tingimuste ja eeltingimustega, sest meiega siin veebilehel tehtavat tehingut reguleerivad need tingimused ja k\u00f5ik meiega tehtavad tehingud eeldavad nende tingimustega n\u00f5ustumist.<\/p>\n<p>1. TINGIMUSED<br \/>\nEttev\u00f5ttel Zacharakis Konstantinos &amp; CO t\u00e4is\u00fchingul on \u00f5igus \u00fchepoolselt muuta v\u00f5i muuta selles e-poes sooritatavate tehingute tingimusi ja eeltingimusi. Meie ettev\u00f5te on kohustatud teavitama kasutajaid selle e-poe veebisaidil muudatustest ja muudatustest \u00fcldiselt. Soovime selgitada, et tingimuste muutmine ei m\u00f5juta juba t\u00e4idetud tellimusi.<\/p>\n<p>2. ESITATUD TEAVE JA TOOTED<br \/>\nEttev\u00f5te Zacharakis Konstantinos &amp; CO t\u00e4is\u00fching tagab veebisaidil www.cretoikos.com oleva teabe t\u00e4ielikkuse ja kehtivuse, sealhulgas kirjeldatud toodete oluliste atribuutide olemasolu ja andmete \u00f5igsuse, mis puudutavad ettev\u00f5tte osutatavaid teenuseid. e-poes tehniliste v\u00f5i s\u00f5nas\u00f5naliste vigade reservi, mis v\u00f5ivad olla kahe silma vahele j\u00e4\u00e4nud v\u00f5i tekkinud tahtmatult v\u00f5i v\u00e4\u00e4ramatu j\u00f5u t\u00f5ttu tekkinud interneti\u00fchenduse katkemise t\u00f5ttu.<\/p>\n<p>3. PIIRATUD VASTUTUS<br \/>\nEttev\u00f5te Zacharakis Konstantinos &amp; CO General Partnership lubab l\u00f5ppkliente \u00f5igeaegselt teavitada toodete v\u00f5imalikust k\u00e4ttesaamatusest. Ettev\u00f5tte e-pood ei vastuta tehniliste probleemide eest, mis v\u00f5ivad tekkida siis, kui kasutajad \u00fcritavad p\u00e4\u00e4seda internetile v\u00f5i \u00fchenduse loomisel ning need probleemid on seotud nende \u00fchenduse \u00fchilduvusega veebilehega. Samuti ei vastuta Zacharakis Konstantinos &amp; CO t\u00e4is\u00fching kolmandate isikute tegevuse v\u00f5i tegevusetuse ning eriti kolmandate isikute volitamata sekkumise eest ettev\u00f5tte toodetesse, teenustesse ja pakutavasse teabesse.<\/p>\n<p>4. AUTORI\u00d5IGUSED<br \/>\nVeebileht www.cretoikos.com on ettev\u00f5tte Zacharakis Konstantinos &amp; CO General Partnership ametlik veebisait. Kogu ettev\u00f5tte poolt v\u00f5rku sisestatud veebilehtede sisu, sealhulgas pildid, graafika, fotod, joonised, tekstid, pakutavad teenused ja tooted, kuulub Zacharakis Konstantinos &amp; CO t\u00e4is\u00fchingu autori\u00f5iguse alla ning seda kaitsevad Kreeka seaduse vastavad s\u00e4tted. , Euroopa \u00f5igus ja rahvusvahelised lepingud. Nimed, pildid, logot\u00fc\u00fcbid ja eristavad m\u00e4rgid, mis esindavad Zacharakis Konstantinos &amp; CO t\u00e4is\u00fchingut ja\/v\u00f5i e-poodi ja\/v\u00f5i ettev\u00f5tte ning selle toodete ja teenustega seotud kolmandaid isikuid, on Zacharakis Konstantinos &amp; CO General eksklusiivsed m\u00e4rgid ja eraldusm\u00e4rgid. Partnerlus ja\/v\u00f5i www.cretoikos.com ja\/v\u00f5i \u00fclalnimetatud kolmandad isikud ning on kaitstud Kreeka seaduste, Euroopa Liidu \u00f5iguse ning rahvusvaheliste kaubandus- ja t\u00f6\u00f6stusseadustikutega, mis k\u00e4sitlevad autori\u00f5igust ja k\u00f5lvatut konkurentsi.<\/p>\n<p>Igal juhul ei saa nende ilmumist ja kuvamist veebilehel www.cretoikos.com lugeda loa loovutamiseks v\u00f5i \u00fcleandmiseks ega kasutus\u00f5iguseks.<\/p>\n<p>5. KASUTAJA KOHUSTUSED<br \/>\nVeebilehtede www.cretoikos.com kasutajad n\u00f5ustuvad, et nad ei tohi kasutada Zacharakis Konstantinos &amp; CO t\u00e4is\u00fchingu lehti ega e-poodi ebaseadusliku sisu edastamiseks, teavitamiseks, e-kirjaga edastamiseks v\u00f5i muul viisil edastamiseks. , kahjulik, \u00e4hvardav, solvav, h\u00e4iriv, laimav, laimav, vulgaarne, nilbe v\u00f5i rikub teise isiku privaatsust, v\u00e4ljendab empaatiat v\u00f5i rassilist, rahvuslikku v\u00f5i muud liiki diskrimineerimist v\u00f5i v\u00f5ib alaealistele mis tahes viisil kahjustada, on ei ole lubatud avaldada vastavalt seadusele v\u00f5i tavap\u00e4rastele v\u00f5i juhtimisreeglitele (n\u00e4iteks siseteave, varandusalane teave ja konfidentsiaalne teave, mis on saadud v\u00f5i avaldatud t\u00f6\u00f6suhte osana v\u00f5i teave, mis on h\u00f5lmatud konfidentsiaalsete lepingutega) ega rikkuda leiutis, \u00e4rim\u00e4rk, \u00e4risaladus, autori\u00f5igus v\u00f5i muud kolmandate isikute omandi\u00f5igused, sisaldab tarkvaraviiruseid v\u00f5i muid koode, faile v\u00f5i programme, mis on loodud mis tahes tarkvara v\u00f5i arvutiosa peatamiseks, kahjustamiseks, h\u00e4vitamiseks v\u00f5i rikkumiseks, mis rikuvad tahtlikku v\u00f5i tahtmatult kehtivaid Kreeka ja Euroopa seadusi ja nende s\u00e4tteid, mis v\u00f5ivad mis tahes viisil ahistada kolmandaid isikuid ja mis tahes sisu, mida kasutatakse kasutajate isikuandmete kogumiseks v\u00f5i salvestamiseks.<\/p>\n<p>6. TURVALISUS<br \/>\nZacharakis Konstantinos &amp; CO t\u00e4is\u00fching on teadlik teie isikuandmete ja elektrooniliste tehingute turvalisuse t\u00e4htsusest ning on kasutusele v\u00f5tnud k\u00f5ik kaasaegsed ja t\u00e4iustatud meetodid, et tagada teie optimaalne turvalisus. Kogu teave teie isikuandmete ja tehingute kohta on turvaline ja konfidentsiaalne. Zacharakis Konstantinos &amp; CO t\u00e4is\u00fchingu e-poe turvalisus saavutatakse j\u00e4rgmiste meetoditega:<\/p>\n<p>Kliendi identifitseerimine<\/p>\n<p>Kliendi tuvastamiseks kasutatakse kahte koodi: Sissep\u00e4\u00e4sukood (e-post v\u00f5i kasutajanimi) ja isiklik turvakood (parool), mis v\u00f5imaldavad teil igal ajal t\u00e4ieliku turvalisusega juurdep\u00e4\u00e4su oma isikuandmetele. Teil on v\u00f5imalus oma isiklikku turvakoodi (parooli) ja e-posti aadressi muuta nii tihti kui soovite. Ainus isik, kellel on juurdep\u00e4\u00e4s teie andmetele, on teie \u00fclalnimetatud koodide abil ja teie vastutate mitteavaldamise ja kolmandate isikute eest varjamise eest. Koodide kadumise v\u00f5i lekkimise korral peate viivitamatult meiega \u00fchendust v\u00f5tma; vastasel juhul ei vastuta e-pood Zacharakis Konstantinos &amp; CO T\u00e4is\u00fching, kui turvakoodi kasutab volitamata isik. Soovitame turvalisuse huvides oma parooli regulaarselt vahetada ning mitte kasutada samu ja lihtsaid koode (nt s\u00fcnnikuup\u00e4ev). Samuti soovitame parooli loomisel mitte kasutada ainult numbreid ja t\u00e4hti, vaid ka s\u00fcmboleid.<\/p>\n<p>Automaatne v\u00e4ljalogimine<\/p>\n<p>Kui te 20 minuti jooksul midagi ei tee, katkeb teid automaatselt e-poe Zacharakis Konstantinos &amp; CO General Partnership kliendidomeenist.<\/p>\n<p>Kontrollitud juurdep\u00e4\u00e4s (tulem\u00fc\u00fcr)<\/p>\n<p>Juurdep\u00e4\u00e4su Zacharakis Konstantinos &amp; CO General Partnership s\u00fcsteemidele (serveritele) kontrollib tulem\u00fc\u00fcr, mis v\u00f5imaldab klientidel\/kasutajatel kasutada teatud teenuseid, kuid samas ei v\u00f5imalda juurdep\u00e4\u00e4su andmebaasidele ettev\u00f5tte konfidentsiaalsed andmed ja teave.<\/p>\n<p>Konfidentsiaalsed edastused<\/p>\n<p>Konfidentsiaalsuse j\u00e4rgimine on iseenesestm\u00f5istetav. Samad p\u00f5him\u00f5tted, mis kehtivad klassikaliste tehingute puhul, kehtivad ka e-kaubanduses. Kogu Zacharakis Konstantinos &amp; CO t\u00e4is\u00fchingu kasutaja\/liikme poolt edastatud teave on konfidentsiaalne ja Ettev\u00f5te on v\u00f5tnud kasutusele k\u00f5ik vajalikud ennetusmeetmed, et seda saaks kasutada ainult seni, kuni seda peetakse pakutavate teenuste raames oluliseks. M\u00f5ned vastuv\u00f5etud ennetusmeetmed on j\u00e4rgmised:<\/p>\n<p>Juurdep\u00e4\u00e4s tehinguteabele on ainult volitatud t\u00f6\u00f6tajatel ja ainult siis, kui seda peetakse vajalikuks, n\u00e4iteks teie tellimuste edastamiseks.<br \/>\nT\u00e4is\u00fching Zacharakis Konstantinos &amp; CO ei avalda klientide ja nende tehingute andmeid, v\u00e4lja arvatud juhul, kui meil on selleks kirjalik luba v\u00f5i kui seda n\u00f5uab kohtulahend v\u00f5i muu ametiasutuse otsus.<br \/>\nJuhul, kui Zacharakis Konstantinos &amp; CO t\u00e4is\u00fching kasutab oma s\u00fcsteemide toetamiseks kolmandat osapoolt, garanteerime konfidentsiaalsuse j\u00e4rgimise.<br \/>\nIsikuandmeid k\u00e4sitleva 7. peat\u00fcki s\u00e4tete reservi alusel saate k\u00fcsida mis tahes salvestatud teavet ja n\u00f5uda nende parandamist, kui suudate t\u00f5endada, et see on vale.<br \/>\nKa teie peate oma turvalisuse huvides k\u00e4sitlema kogu meie teenuste kaudu edastatavat teavet privaatse ja konfidentsiaalsena ning te ei tohi seda avaldada kolmandatele isikutele.<\/p>\n<p>7. ISIKUANDMETE TURVALISUS<br \/>\nKui k\u00fclastate domeeni www.cretoikos.com, palutakse teil \u00fcldjuhul oma tellimuse haldamiseks m\u00e4rkida oma isikuandmed (nimi, perekonnanimi, amet, e-post, toodete kohaletoimetamise aadress jne) v\u00f5i meie teenuste osutamiseks. Isikuandmeid, mille n\u00e4itate k\u00f5ikjal meie domeenis veebilehe www.cretoikos.com teenuste jaoks, s\u00e4ilitatakse eranditult p\u00f5hjustel, mis puudutavad teiega tehtavaid tehinguid, pakutavate teenuste t\u00e4iustamist ja nende teenuste arveldamist; ei ole lubatud, et neid kasutab \u00fckski kolmas isik (v\u00e4lja arvatud vastavad asutused, seadusega ette n\u00e4htud juhtudel).<\/p>\n<p>Zacharakis Konstantinos &amp; CO t\u00e4is\u00fchingu t\u00f6\u00f6tajad, kellel on juurdep\u00e4\u00e4s teie isikuandmetele, on konkreetsed ja isikutel teie andmetele ilma vahendustasuta juurdep\u00e4\u00e4s ei ole lubatud. Oleme teie isikuandmete kaitsmiseks rakendanud k\u00f5iki m\u00f5istlikke ennetusi. \u00c4\u00e4rmiselt harvadel juhtudel v\u00f5idakse teie isikuandmeid edastada Zacharakis Konstantinos &amp; CO t\u00e4is\u00fchingu koost\u00f6\u00f6partneritele teiega tehtavate tehingute toetamiseks, edastamiseks ja teostamiseks, kuid alati tingimusel, et teie isikuandmeid ei t\u00f6\u00f6delda ebaseaduslikult.<\/p>\n<p>Mis tahes muude selles kontekstis p\u00e4ringute, ettepanekute v\u00f5i avalduste korral v\u00f5tke meiega \u00fchendust spetsiaalse kontaktivormi kaudu, mille leiate lingi https:\/\/www.cretoikos.com\/contact-us\/ alt.<\/p>\n<p>Kasutajal on igal ajal \u00f5igus k\u00fcsida teavet v\u00f5i keelata oma isikuandmete edasine t\u00f6\u00f6tlemine vastavalt kehtivatele isikuandmete kaitset k\u00e4sitlevatele seadustele.<\/p>\n<p>8. TOODETE OST<br \/>\nZacharakis Konstantinos &amp; CO t\u00e4is\u00fching teeb k\u00f5ik endast oleneva, et pakkuda teenuseid k\u00f5rgel tasemel. Kuid see j\u00f5upingutus ei saa v\u00e4listada vigu hindades ja toodete teisestes \u00fcksikasjades; ning ei saa v\u00e4listada, et toote hindade sisestamisel\/uuendamisel v\u00f5ivad tekkida katkestused interneti t\u00f6\u00f6s v\u00f5i inimlik rike. Enda kaitseks ja ostude t\u00f5hususe huvides palume Teil helistada telefoninumbril <strong>+30 28340 23594<\/strong> v\u00f5i v\u00f5tke meiega \u00fchendust kasutades <strong>e-mail<\/strong> meie veebilehel esitatud vormil, kui te veendute enne tellimuse j\u00e4tkamist, et toodet pakutakse ebatavaliselt madala v\u00f5i k\u00f5rge hinnaga, mis on v\u00f5rdeline selle turuv\u00e4\u00e4rtusega.<\/p>\n<p>Lisaks soovitame enne meie e-poest ostma asumist k\u00fclastada esmalt rubriiki &quot;Abi ja kasutustingimused&quot;, kust leiate kasulikku teavet toodete ostmise protseduuri kohta.<\/p>\n<p>P\u00e4rast tellimuse registreerimist saate automaatse vastuse, milles on loetletud teie tellimuse andmed. P\u00e4rast seda, kui Zacharakis Konstantinos &amp; CO t\u00e4is\u00fchingu elektroonilise ostu osakond on teie tellimuse t\u00f6\u00f6tlenud, saate teise kinnitusmeili toodete nimekirjaga, mis saadetakse teile. Sellest hetkest alates on meievaheline leping s\u00f5lmitud.<\/p>\n<p>Tellimuse t\u00f6\u00f6tlemise ajal saate rea automaatseid vastuseid, mis annavad teada teie tellimuse edenemisest. Need s\u00f5numid puudutavad j\u00e4rgmisi samme:<\/p>\n<p>Teie tellimuse t\u00f6\u00f6tlemine: Kui Teie tellimuse on saanud meie ettev\u00f5tte t\u00f6\u00f6taja, kes kontrollib selle \u00f5igsust ja edastab selle kauplusele toodete koostamiseks.<\/p>\n<p>Arveldamine: teie tellimuse kaubad koostatakse selleks, et need teie aadressile saata.<\/p>\n<p>Osaline arveldamine: m\u00f5nda teie tellimuse \u00fcksust ei saanud kokku panna ja need on ootel. Saate e-kirjas mainitud esemed.<\/p>\n<p>T\u00fchistamine: teie tellimus t\u00fchistati p\u00e4rast teie soovi esitamist v\u00f5i seet\u00f5ttu, et meil ei \u00f5nnestunud teiega tellimuse kinnitamiseks \u00fchendust saada.<\/p>\n<p>Kui m\u00f5ni teie tellimuse \u00fcksus ei peaks olema saadaval, saate vastava e-kirja v\u00f5i\/v\u00f5i SMS-i. Teise v\u00f5imalusena v\u00f5tame teiega \u00fchendust telefoninumbril, mille m\u00e4rkisite registreerimisel v\u00f5i tellimuse esitamisel.<\/p>\n<p>Neid s\u00f5numeid ei saa kuidagi keelata; nende saatmine on tellimuse korrektse t\u00e4itmise eeltingimus. Palume teil veenduda, et saate need e-kirjad k\u00e4tte ja teil on neile juurdep\u00e4\u00e4s nii kaua, kuni tehing kestab. Kui te neid e-kirju ei saa, olete vastavalt meie tehinguid reguleerivatele \u00fcldistele \u00e4ritingimustele kohustatud meid sellest viivitamata teavitama. Tooted toimetatakse teieni esimesel v\u00f5imalusel ning tarneaeg ei \u00fcleta kolmek\u00fcmmend p\u00e4eva lepingu s\u00f5lmimisest.<\/p>\n<p>9. KAUGOSTMISTE T\u00dcHISTAMISE \u00d5IGUS<br \/>\nKaugostude korral (nt internetist ostmine) on teil \u00f5igus toode tagastada ja meie tagastame teile raha, eeldusel, et teavitate meid kontaktvormi kaudu (https:\/\/www.cretoikos.com\/contact -meile\/, telefoni teel numbritel +30 28340 23594 v\u00f5i +30 6948401441 v\u00f5i faksi teel (+30 28340 23574) k\u00fcmne kalendrip\u00e4eva jooksul alates toote k\u00e4ttesaamisest Teie v\u00f5i Teie poolt nimetatud kolmanda isiku poolt. tellides rea tooteid, algab t\u00e4htaeg tellimuse viimase kauba k\u00e4ttesaamise hetkest v\u00f5i seisvate tarnete korral viimase tarne sooritamisest.Taganemis\u00f5iguse kasutamise korral olete kohustatud toote meile tagastama algses t\u00e4iuslikus seisukorras (uuena), milles te selle saite; v\u00f5i peate meile saatma selges\u00f5nalise vaieldamatu t\u00f5endi, et olete selle meile 10 kalendrip\u00e4eva jooksul turvaliselt tagastanud, ja me oleme kohustatud teile tagastama raha, mille olete meile maksnud. , sama makseviisi, mille valisite meile ostuhinna maksmisel. Kui maksite maksekaardiga, teavitame sellest viivitamatult kaardi v\u00e4ljastajat ja me ei ole usaldusv\u00e4\u00e4rsed v\u00f5imalike tagasimakseviivituste suhtes v\u00e4ljaspool meie vastutust.<\/p>\n<p>Tarbija on usaldusv\u00e4\u00e4rne kauba v\u00f5imaliku v\u00e4\u00e4rtuse v\u00e4henemise suhtes \u00fcksnes t\u00f6\u00f6tlemise tulemusena, mis ei ole asjakohane toote olemuse, omaduste ja funktsiooni s\u00e4ilitamiseks. Me ei vastuta ega h\u00fcvita tarbijale kahju, kui tootele tekitatud kahju on tekkinud tarbija s\u00fc\u00fcl v\u00f5i kasutamise korral, mis \u00fcletab toote olemuse, omaduste ja funktsiooni s\u00e4ilitamiseks vajalikku taset. toode. Sellisel juhul j\u00e4\u00e4b t\u00fchistamine tulemusteta.<\/p>\n<p>Igal juhul tuleb toodetega, mida soovite tagastada, kaasas olla vastavad juriidilised dokumendid ja k\u00e4ttesaamise kinnitus. Kui toote tagastamise kulud \u00fcletavad tavap\u00e4rast postiteenuse maksumust, ei kata neid Zacharakis Konstantinos &amp; CO t\u00e4is\u00fching ja need koormavad klienti.<\/p>\n<p>Teil ei ole \u00f5igust t\u00fchistada seaduse 2251\/94 artikli 3\u03b9\u03b2 v\u00f5i muudel seaduses v\u00f5i k\u00e4esolevates kasutustingimustes etten\u00e4htud juhtudel.<\/p>\n<p>10. ZACHARAKIS KONSTANTINOS &amp; CO \u00dcLISE PARTNERLUSE VASTUTUS TOODETE KVALITEEDI JA V\u00d5IMALIKE VEGADE KOHTA<br \/>\nZacharakis Konstantinos &amp; CO t\u00e4is\u00fching garanteerib teile iga e-poes pakutava toote aegumiskuup\u00e4eva ja toote omaduste \u00f5igsuse, et tagada tellimuse n\u00f5uetekohane t\u00e4itmine. Vedaja kaudu toodete kohaletoimetamisel kontrollige, kas olete saanud \u00f5iged kaubad ja \u00f5ige koguse suurep\u00e4rases seisukorras. Kui avastate kohaletoimetamisel vea, m\u00e4rkige see vedaja voucherile v\u00f5i helistage meile numbril 2834023594 v\u00f5i saatke meile e-kiri. Tooted, mis on meie poolt kasutatava vedaja poolt transpordi k\u00e4igus kahjustatud, asendatakse v\u00f5i kantakse teie poolt nimetatud kontole v\u00f5i arvatakse maha teie j\u00e4rgmisest tellimusest.<\/p>\n<p>T\u00e4is\u00fching Zacharakis Konstantinos &amp; CO vastutab k\u00f5igi tsiviil\u00f5igusega ostjale ette n\u00e4htud kohustuste eest. Eelnimetatud kohustused ei kehti, kui rike on p\u00f5hjustatud Teie enda poolt v\u00f5i v\u00e4\u00e4ramatu j\u00f5u t\u00f5ttu kitsamas v\u00f5i laiemas t\u00e4henduses. Igal juhul tuleb viivituste v\u00e4ltimiseks toodetega kaasas olla vajalikud juriidilised dokumendid ja k\u00e4ttesaamist\u00f5end.<\/p>\n<p>11. TELLIMUSE T\u00dcHISTAMINE<br \/>\nArtiklis 9 s\u00e4testatud tingimusi piiramata saab tellimust t\u00fchistada j\u00e4rgmistel asjaoludel:<\/p>\n<p>Enne tellimuse vormistamist on elektroonilise tellimisprotseduuri k\u00e4igus v\u00f5imalik \u201ctagasi\u201d minna ja tellitud toodete kogus ostukorvist t\u00fchistada vajutades \u201ceemalda\u201d p\u00f5hja.<br \/>\nKui elektrooniline tellimus on t\u00e4idetud, kuid pole veel saadetud, v\u00f5ite helistada +30 28340 23594 ja paluda \u00fchel meie t\u00f6\u00f6tajal tellimus t\u00fchistada.<br \/>\nP\u00e4rast toote k\u00e4ttesaamist v\u00f5ite helistada +30 28340 23594 v\u00f5i v\u00f5tta meiega \u00fchendust meie kodulehel oleva e-kirja vormi kaudu ja selgitada, miks soovite tellimusest loobuda. \u00dcks meie t\u00f6\u00f6tajatest aitab teid koheselt ja teavitab teid k\u00f5igist teie valikutest.<br \/>\nJuhul, kui teie tellimus on juba arveldatud ja soovite selle t\u00fchistada, helistage palun +30 28340 23594 ja m\u00e4rkige oma tellimuse andmed. Kuid sel juhul teie tellimuse olek teie konto lehel ei muutu.<\/p>\n<p>12. MAKSEVIISID<br \/>\na) Pangakontole sissemakse\/\u00fclekanne<br \/>\nEUROBANK konto nr: 0026.0331.42.0200418817<\/p>\n<p>IBAN: GR20 0260 3310 0004 2020 0418 817<\/p>\n<p>Palun saatke meile oma panga maksekviitung faksi teel numbrile +30 28340 23574 v\u00f5i e-posti aadressile account@mylopotamos-health-foods.gr, m\u00e4rkides h\u00f5lpsaks tuvastamiseks tellimuse numbri. Niipea kui saame maksekviitungi koopia, alustame teie tellimuse saatmist.<\/p>\n<p>b) Maksmine deebet- v\u00f5i krediitkaardiga, mis on kaitstud Viva Walleti \/ PayPali kaudu<br \/>\nZacharakis Konstantinos &amp; CO General Partnershipi e-pood aktsepteerib k\u00f5iki krediitkaarte, Visa, Mastercard, American Express ja Diners. Teie tehingud meie e-poes on kaitstud t\u00e4iustatud veebiturvas\u00fcsteemidega, mis garanteerivad salvestatud tehingu.<\/p>\n<p>Kui valite makseviisiks Viva Wallet\/PayPal, suunatakse teid koheselt vastavale lehele, et tehing ja tellimuse eest tasuda. Viva Wallet\/PayPal on turvaline ja usaldusv\u00e4\u00e4rne vahendaja veebitehingute tegemiseks. Kui teil pole Viva Walleti\/PayPali kontot, saate sisse logida ja kasutada oma deebet- v\u00f5i krediitkaarti v\u00f5i pangakontot.<\/p>\n<p>Viva Walleti\/PayPali vahendusel teostatavad tehingud puudutavad ainult kliendi ruumides kohaletoimetamist ega kombineeri muid makseviise. Maksmist puudutavate k\u00fcsimuste ja teabe saamiseks k\u00fclastage Viva Walleti\/PayPali veebisaiti. Viva Walleti\/PayPali toel teostatavaid tehinguid reguleerivad teenusepakkuja s\u00e4tted ja tingimused.<\/p>\n<p>13. TELLIMINE \/ TOODETE TARNE \/ VEOKULUD<br \/>\nTellimuse t\u00e4itmine:<\/p>\n<p>Niipea kui olete tellimuse l\u00f5petanud, kuvatakse j\u00e4rgmine teade (n\u00e4ide): \u201eTEIE TELLIMUS ON T\u00c4ITUD. AIT\u00c4H.&quot; Teie tellimuse number on (nt) 121. Palun kontrollige oma e-kirju. Saatsime teile kinnitusmeili teie tellimuse \u00fcksikasjadega.<\/p>\n<p>Kohaletoimetamise kuup\u00e4ev ja kellaaeg:<\/p>\n<p>Kohaletoimetamine v\u00e4ljaspool Kreekat (EE riigid ja \u00fclej\u00e4\u00e4nud maailm)<\/p>\n<p>Toodete tarned teostab TNT kullerteenus (kiir- v\u00f5i s\u00e4\u00e4stuteenus).<\/p>\n<p>TNT on kiirkullerfirma, mis on saadaval teatud kaaluga tellimustele kuni 30 kiloni (kulu saate vaadata ostukorvis \u201cEeldatav veokulu ja maksud\u201d alt). Tellimuse minimaalne kaal on 5 kilo. Tavaolukorras tarnib TNT teenus 2-5 p\u00e4eva jooksul. Lisaks on TNT-ga saadetised tagatud 10 euroga kilo, kui valite TNT s\u00e4\u00e4stu ja 20 eurot kilo, kui valite TNT ekspressi, kui pakk kaob v\u00f5i h\u00e4vib. Meie kullerkoost\u00f6\u00f6partneri (antud juhul TNT) tarnep\u00e4evad on esmasp\u00e4evast reedeni.<\/p>\n<p>Kui eelistate enda valitud kullerteenust, millega meie (Zacharakis Konstantinos &amp; CO t\u00e4is\u00fching) koost\u00f6\u00f6d ei tee, on veokulu kliendi kulul.<\/p>\n<p>15. TARNE HILINEMINE<br \/>\nTeie tellimus v\u00f5ib viibida j\u00e4rgmistel p\u00f5hjustel:<\/p>\n<p>Toode ei ole saadaval. Sel juhul v\u00f5tab meie ettev\u00f5te teiega lahenduse leidmiseks \u00fchendust telefoni v\u00f5i e-posti teel.<br \/>\n\u00c4\u00e4rmuslike ilmastikuolude v\u00f5i streikide ning v\u00e4\u00e4ramatu j\u00f5u korral v\u00f5ib see m\u00f5jutada teie tellimuse saatmist ja kohaletoimetamist.<br \/>\nJuhul, kui Teiega telefoni ja\/ja e-posti teel kontakti saamine ei ole v\u00f5imalik (kui tekib probleem Teie tellimusega, kas tootega v\u00f5i tasumisega), kuna Teie m\u00e4rgitud andmed ei kehti. Kuid viivitus ei \u00fcleta 30 p\u00e4eva lepingu t\u00e4itmise p\u00e4evast arvates.<\/p>\n<p>16. UUDISED<br \/>\nZacharakis Konstantinos &amp; CO t\u00e4is\u00fching saadab regulaarselt uudiskirju.<br \/>\nZacharakis Konstantinos &amp; CO t\u00e4is\u00fching ei vastuta, kui uudiskirjad ei j\u00f5ua sihtkohta. Igal juhul teeme koos internetiteenuse pakkujatega tarne teostamiseks k\u00f5ik endast oleneva.<br \/>\nUudiskirjad v\u00f5iks saata r\u00e4mpsposti kausta. Palume teil regulaarselt kontrollida, ega neid sellesse kausta poleks pandud.<br \/>\nJuhul, kui te ei soovi enam uudiskirju saada v\u00f5i soovite end t\u00e4ielikult Zacharakis Konstantinos &amp; CO t\u00e4is\u00fchingu uudistes\u00fcsteemist eemaldada, saate sellest meile teada anda, kasutades meie veebilehe kontaktivormi.<br \/>\nZacharakis Konstantinos &amp; CO t\u00e4is\u00fching saadab v\u00e4rskendusi ainult siis, kui otsustate neid saada ja nii kaua, kui soovite. Kui olete meie saidi kaudu tellimuse esitanud, saadame teile automaatseid e-kirju teie tellimuse edenemise kohta. Neid s\u00f5numeid ei saa kuidagi keelata; nende saatmine on tellimuse korrektse t\u00e4itmise eeltingimus. Palume teil veenduda, et saate need e-kirjad k\u00e4tte ja teil on neile juurdep\u00e4\u00e4s nii kaua, kuni tehing kestab.<br \/>\nKui te neid e-kirju ei saa, olete vastavalt meie tehinguid reguleerivatele \u00fcldistele \u00e4ritingimustele kohustatud meid sellest viivitamata teavitama.<\/p>\n<p>(\u00dclaltoodud hinnad sisaldavad k\u00e4ibemaksu 13% ja 24%)<\/p>\n<p>&nbsp;<\/p>\n<p>&#8212;&#8212;&#8212;&#8212;&#8212;&#8212;&#8212;&#8212;&#8212;&#8212;&#8212;&#8212;&#8212;&#8212;&#8212;&#8212;&#8212;&#8212;&#8212;&#8212;&#8212;&#8212;&#8212;&#8212;&#8211;<\/p>\n<p><strong><a href=\"https:\/\/www.cretoikos.com\/et\/tarne-ja-saatmiskulud\/\"><img loading=\"lazy\" decoding=\"async\" class=\"alignnone size-medium wp-image-12887\" src=\"https:\/\/www.cretoikos.com\/wp-content\/uploads\/2020\/05\/order-shipping-eshop-buy-online-5-300x169.jpg\" alt=\"Saadame teie tellimuse \u00fcle maailma!\" width=\"300\" height=\"169\" srcset=\"https:\/\/www.cretoikos.com\/wp-content\/uploads\/2020\/05\/order-shipping-eshop-buy-online-5-300x169.jpg 300w, https:\/\/www.cretoikos.com\/wp-content\/uploads\/2020\/05\/order-shipping-eshop-buy-online-5-450x253.jpg 450w, https:\/\/www.cretoikos.com\/wp-content\/uploads\/2020\/05\/order-shipping-eshop-buy-online-5.jpg 600w\" sizes=\"auto, (max-width: 300px) 100vw, 300px\" \/><\/a><\/strong><\/p>\n<p><strong><a href=\"https:\/\/www.cretoikos.com\/et\/tarne-ja-saatmiskulud\/\">\u00dclemaailmne kohaletoimetamine<\/a><\/strong> - saadame teie tellimuse kohale <strong>k\u00f5ik riigid<\/strong>, kogu maailmas!<br \/>\n(koos <strong>pakkide veebis j\u00e4lgimine<\/strong> saadaval)<\/p>\n<p>Teeme koost\u00f6\u00f6d <strong><a href=\"https:\/\/www.tnt.com\/\">TNT Express<\/a><\/strong> Rahvusvahelised kullerpostiteenused, et tagada teie tellimuse kiire ja usaldusv\u00e4\u00e4rne kohaletoimetamine<\/p>\n<p>&nbsp;<\/p>","protected":false},"excerpt":{"rendered":"<p>www.cretoikos.com is an e-shop which exhibits and offers products online. It is part of the company \u201cZacharakis Konstantinos &amp; CO General Partnership\u201d with headquarters in Angeliana Rethymno, Crete, Greece (tax number 099704169, tax office Rethymno). Before you enter the e-shop and surf in our site, we ask you to read first the terms and preconditions [&hellip;]<\/p>\n","protected":false},"author":1,"featured_media":0,"parent":0,"menu_order":0,"comment_status":"closed","ping_status":"closed","template":"","meta":{"footnotes":""},"class_list":["post-3453","page","type-page","status-publish","hentry"],"_links":{"self":[{"href":"https:\/\/www.cretoikos.com\/et\/wp-json\/wp\/v2\/pages\/3453","targetHints":{"allow":["GET"]}}],"collection":[{"href":"https:\/\/www.cretoikos.com\/et\/wp-json\/wp\/v2\/pages"}],"about":[{"href":"https:\/\/www.cretoikos.com\/et\/wp-json\/wp\/v2\/types\/page"}],"author":[{"embeddable":true,"href":"https:\/\/www.cretoikos.com\/et\/wp-json\/wp\/v2\/users\/1"}],"replies":[{"embeddable":true,"href":"https:\/\/www.cretoikos.com\/et\/wp-json\/wp\/v2\/comments?post=3453"}],"version-history":[{"count":0,"href":"https:\/\/www.cretoikos.com\/et\/wp-json\/wp\/v2\/pages\/3453\/revisions"}],"wp:attachment":[{"href":"https:\/\/www.cretoikos.com\/et\/wp-json\/wp\/v2\/media?parent=3453"}],"curies":[{"name":"wp","href":"https:\/\/api.w.org\/{rel}","templated":true}]}}