{"id":3232,"date":"2018-02-21T08:34:30","date_gmt":"2018-02-21T08:34:30","guid":{"rendered":"https:\/\/www.cretoikos.com\/?page_id=3232"},"modified":"2020-05-10T02:21:07","modified_gmt":"2020-05-09T23:21:07","slug":"tarne-ja-saatmiskulud","status":"publish","type":"page","link":"https:\/\/www.cretoikos.com\/et\/delivery-and-shipping-costs\/","title":{"rendered":"Kohaletoimetamise ja saatmiskulud"},"content":{"rendered":"<div style=\"\"class=\"normal_height vc_row wpb_row vc_row-fluid vc_custom_1519202151804\"><div class=\"wpb_column vc_column_container vc_col-sm-12\"><div class=\"vc_column-inner\"><div class=\"wpb_wrapper\">\n\t<div class=\"wpb_text_column wpb_content_element\" >\n\t\t<div class=\"wpb_wrapper\">\n\t\t\t<h1 style=\"font-size: 20px;\">Saadame teie tellimuse \u00dcLE MAAILMA \u2013 saadame kiirkullerteenuseid kasutades igasse riiki \u00fcle maailma (TNT Courier \u2013 pakkide veebij\u00e4lgimine on saadaval)<\/h1>\n<p>E-pood <strong>Cretoikos.com<\/strong> saadab tellimuse aadressile, mille klient on tellimuse vormis t\u00e4itnud (kodune v\u00f5i t\u00f6\u00f6aadress). See <strong>on oluline sisestada \u00f5ige tarneaadress, e-posti aadress ja telefoninumber<\/strong> et meie ettev\u00f5te v\u00f5i kullerteenus saaks teiega \u00fchendust v\u00f5tta. (Cretoikos.com ei vastuta tarneprobleemide eest, mis v\u00f5ivad tuleneda valesti registreeritud aadressist v\u00f5i eba\u00f5igetest tarneandmetest (viivitus, eba\u00f5nnestunud kohaletoimetamine, tagastamine v\u00f5i kulud))<\/p>\n<p>Kohaletoimetamine toimub tellimuse t\u00e4itmise t\u00f6\u00f6p\u00e4eval (sagedamini samal p\u00e4eval), eeldusel<\/p>\n<ul>\n<li><strong>k\u00f5ik tellimuse tooted on saadaval<\/strong>, (selle v\u00e4ga harva nad ei ole) ja<\/li>\n<li><strong>tellimus on tasutud<\/strong><\/li>\n<\/ul>\n<p><strong>Saatmine v\u00e4ljaspool Kreekat (ELi riigid ja \u00fclej\u00e4\u00e4nud maailm)<\/strong><\/p>\n<p>Meie toodete kohaletoimetamist teostab <strong><a href=\"https:\/\/www.tnt.com\/\">TNT kullerteenus<\/a><\/strong> (ekspress v\u00f5i s\u00e4\u00e4stu). TNT on kiire, \u00fclemaailmne mainekas kullerteenus, mis saadab kuni 30 kg tellimusi (saatekulusid n\u00e4ete v\u00e4ljal &quot;<strong>TRANSPORT<\/strong>&quot; juures <strong>KASUTAMISE samm<\/strong> teie ostukorvist). <strong>Minimaalne tellimuse kaal on 5 kg<\/strong>. Tavaolukorras tarnib TNT tooted kohale <strong>2-5 t\u00f6\u00f6p\u00e4eva<\/strong> kogu Euroopas, lisaks pange t\u00e4hele, et TNT tarnib <strong>kindlustatud<\/strong> jaoks <strong>10 \u20ac\/kg<\/strong> jaoks TNT Economy ja <strong>20 \u20ac\/kg<\/strong> TNT Expressi puhul, kui pakk l\u00e4heb kaotsi v\u00f5i on kahjustatud.<\/p>\n<p>Juhul, kui soovite, et kohaletoimetaks laevafirma, mis ei tee koost\u00f6\u00f6d Zacharakis Konstantinos &amp; CO t\u00e4is\u00fchinguga (CRETOIKOS), koormavad saatmiskulud klienti.<\/p>\n<p><strong>Oluline m\u00e4rkus v\u00e4lismaale tarnimisel:<\/strong> K\u00f5iki meie tooteid m\u00fc\u00fcakse seaduslikult Kreekas\/EL-is ja v\u00e4lismaal koos k\u00f5igi seotud sertifikaatide ja lubadega.<\/p>\n<p>&#8212;&#8212;&#8212;&#8212;&#8212;&#8212;&#8212;&#8212;&#8212;&#8212;&#8212;&#8212;&#8212;&#8212;&#8212;&#8212;&#8212;&#8212;&#8212;&#8212;&#8212;&#8212;&#8212;&#8212;&#8211;<\/p>\n<p><strong><img loading=\"lazy\" decoding=\"async\" class=\"alignnone wp-image-12887 size-medium\" src=\"https:\/\/www.cretoikos.com\/wp-content\/uploads\/2020\/05\/order-shipping-eshop-buy-online-5-300x169.jpg\" alt=\"Saadame teie tellimuse \u00fcle maailma!\" width=\"300\" height=\"169\" srcset=\"https:\/\/www.cretoikos.com\/wp-content\/uploads\/2020\/05\/order-shipping-eshop-buy-online-5-300x169.jpg 300w, https:\/\/www.cretoikos.com\/wp-content\/uploads\/2020\/05\/order-shipping-eshop-buy-online-5-450x253.jpg 450w, https:\/\/www.cretoikos.com\/wp-content\/uploads\/2020\/05\/order-shipping-eshop-buy-online-5.jpg 600w\" sizes=\"auto, (max-width: 300px) 100vw, 300px\" \/> \u00a0 <a href=\"https:\/\/www.cretoikos.com\/et\/epood\/\"><img loading=\"lazy\" decoding=\"async\" class=\"alignnone wp-image-12883 size-full\" src=\"https:\/\/www.cretoikos.com\/wp-content\/uploads\/2020\/05\/order-shipping-eshop-buy-online.jpg\" alt=\"Saadame teie tellimuse \u00fcle maailma!\" width=\"325\" height=\"215\" srcset=\"https:\/\/www.cretoikos.com\/wp-content\/uploads\/2020\/05\/order-shipping-eshop-buy-online.jpg 325w, https:\/\/www.cretoikos.com\/wp-content\/uploads\/2020\/05\/order-shipping-eshop-buy-online-300x198.jpg 300w\" sizes=\"auto, (max-width: 325px) 100vw, 325px\" \/><\/a> \u00a0 <a href=\"https:\/\/www.tnt.com\/\" target=\"_blank\" rel=\"noopener noreferrer\"><img loading=\"lazy\" decoding=\"async\" class=\"alignnone wp-image-12886 size-full\" src=\"https:\/\/www.cretoikos.com\/wp-content\/uploads\/2020\/05\/order-shipping-eshop-buy-online-4.jpg\" alt=\"Saadame teie tellimuse \u00fcle maailma!\" width=\"275\" height=\"183\" \/><\/a><br \/>\n<\/strong><\/p>\n<p>&nbsp;<\/p>\n<p style=\"text-align: left; font-size: 20px;\" class=\"translation-block\"><a href=\"https:\/\/www.cretoikos.com\/et\/tarne-ja-saatmiskulud\/\" target=\"_self\"><strong>\u00dclemaailmne kohaletoimetamine<\/strong><\/a> \u2013 saadame teie tellimuse <strong>k\u00f5ikidesse riikidesse<\/strong> \u00fcle maailma!<\/p>\n<p><strong>kiire kohaletoimetamine <\/strong>- v\u00f5rgus <strong>pakkide j\u00e4lgimine<\/strong> saadaval<br \/>\nreaalajas <a href=\"https:\/\/www.cretoikos.com\/et\/tellimuse-jalgimine\/\"><strong>j\u00e4lgi ja j\u00e4lgi<\/strong><\/a> teie oliivi\u00f5li tellimusest<\/p>\n<p>&nbsp;<\/p>\n<h2><strong>Ekstra neitsioliivi\u00f5li (EVOO) \u2013 oliivid \u2013 mesi \u2013 seebid<\/strong><\/h2>\n<h2><a href=\"https:\/\/www.cretoikos.com\/et\/epood\/\">Ostke Internetist Kreeka EVOO oliivi\u00f5li \u2013 meie e-pood<\/a><\/h2>\n<div id=\"attachment_3971\" style=\"width: 1913px\" class=\"wp-caption alignnone\"><a href=\"https:\/\/www.cretoikos.com\/et\/epood\/\"><img loading=\"lazy\" decoding=\"async\" aria-describedby=\"caption-attachment-3971\" class=\"wp-image-3971 size-full\" src=\"https:\/\/www.cretoikos.com\/wp-content\/uploads\/2018\/10\/homepage_all_products_family_photo.jpg\" alt=\"Meie EVOO oliivi\u00f5litooted\" width=\"1903\" height=\"452\" srcset=\"https:\/\/www.cretoikos.com\/wp-content\/uploads\/2018\/10\/homepage_all_products_family_photo.jpg 1903w, https:\/\/www.cretoikos.com\/wp-content\/uploads\/2018\/10\/homepage_all_products_family_photo-300x71.jpg 300w, https:\/\/www.cretoikos.com\/wp-content\/uploads\/2018\/10\/homepage_all_products_family_photo-768x182.jpg 768w, https:\/\/www.cretoikos.com\/wp-content\/uploads\/2018\/10\/homepage_all_products_family_photo-1024x243.jpg 1024w, https:\/\/www.cretoikos.com\/wp-content\/uploads\/2018\/10\/homepage_all_products_family_photo-450x107.jpg 450w, https:\/\/www.cretoikos.com\/wp-content\/uploads\/2018\/10\/homepage_all_products_family_photo-780x185.jpg 780w\" sizes=\"auto, (max-width: 1903px) 100vw, 1903px\" \/><\/a><p id=\"caption-attachment-3971\" class=\"wp-caption-text\">Meie EVOO oliivi\u00f5litooted \u2013 traditsioonilised Kreeka tooted Kreeta saarelt \u2013 CRETOIKOS TERVISLIK TOIT<\/p><\/div>\n\n\t\t<\/div>\n\t<\/div>\n<\/div><\/div><\/div><\/div>","protected":false},"excerpt":{"rendered":"We Ship your Order WORLDWIDE - we ship to any country, worldwide, using Express Courier Services (TNT Courier - with package online tracking available) The e-shop Cretoikos.com sends the order to the address the client has filled in the order form (home or work address). It is essential to fill in your correct shipping address, [...]","protected":false},"author":1,"featured_media":0,"parent":0,"menu_order":0,"comment_status":"closed","ping_status":"closed","template":"page-boxed.php","meta":{"footnotes":""},"class_list":["post-3232","page","type-page","status-publish","hentry"],"_links":{"self":[{"href":"https:\/\/www.cretoikos.com\/et\/wp-json\/wp\/v2\/pages\/3232","targetHints":{"allow":["GET"]}}],"collection":[{"href":"https:\/\/www.cretoikos.com\/et\/wp-json\/wp\/v2\/pages"}],"about":[{"href":"https:\/\/www.cretoikos.com\/et\/wp-json\/wp\/v2\/types\/page"}],"author":[{"embeddable":true,"href":"https:\/\/www.cretoikos.com\/et\/wp-json\/wp\/v2\/users\/1"}],"replies":[{"embeddable":true,"href":"https:\/\/www.cretoikos.com\/et\/wp-json\/wp\/v2\/comments?post=3232"}],"version-history":[{"count":0,"href":"https:\/\/www.cretoikos.com\/et\/wp-json\/wp\/v2\/pages\/3232\/revisions"}],"wp:attachment":[{"href":"https:\/\/www.cretoikos.com\/et\/wp-json\/wp\/v2\/media?parent=3232"}],"curies":[{"name":"wp","href":"https:\/\/api.w.org\/{rel}","templated":true}]}}