{"id":200,"date":"2018-02-01T10:00:32","date_gmt":"2018-02-01T10:00:32","guid":{"rendered":"https:\/\/www.cretoikos.com\/?page_id=200"},"modified":"2018-05-14T11:19:14","modified_gmt":"2018-05-14T11:19:14","slug":"tos","status":"publish","type":"page","link":"https:\/\/www.cretoikos.com\/et\/tos\/","title":{"rendered":"Kasutus- ja turvatingimused"},"content":{"rendered":"<div style=\"\"class=\"normal_height vc_row wpb_row vc_row-fluid\"><div class=\"wpb_column vc_column_container vc_col-sm-12\"><div class=\"vc_column-inner\"><div class=\"wpb_wrapper\">\n\t<div class=\"wpb_text_column wpb_content_element\" >\n\t\t<div class=\"wpb_wrapper\">\n\t\t\t<div class=\"introtext\">\n<p>www.cretoikos.com on e-pood, mis eksponeerib ja pakub tooteid veebis. See on osa ettev\u00f5ttest <strong>&quot;Zacharakis Konstantinos &amp; CO t\u00e4is\u00fching&quot; <\/strong>peakorteriga Angeliana Rethymnos, Kreeta, Kreeka (maksunumber 099704169, maksuamet Rethymno). Enne e-poodi sisenemist ja meie lehel surfamist palume Sul esmalt tutvuda allolevate tingimuste ja tingimustega, mis rakenduvad e-poe kasutamisel. <strong>&quot;Zacharakis Konstantinos &amp; CO t\u00e4is\u00fching&quot;<\/strong> ja mille leiate aadressilt www.cretoikos.com<\/p>\n<p>Veenduge, et n\u00f5ustute allj\u00e4rgnevate tingimuste ja eeltingimustega, sest meiega siin veebilehel tehtavat tehingut reguleerivad need tingimused ja k\u00f5ik meiega tehtavad tehingud eeldavad nende tingimustega n\u00f5ustumist.<\/p>\n<p><a href=\"https:\/\/www.cretoikos.com\/et\/gdpr-taotleb-isikuandmeid\/\"><strong>K\u00fcsige oma isikuandmeid, mis on salvestatud meie veebisaidil\/serveris.<\/strong><\/a><\/p>\n<\/div>\n\n\t\t<\/div>\n\t<\/div>\n<\/div><\/div><\/div><\/div><div class=\"boxed-row\"><div style=\"\"class=\"normal_height vc_row wpb_row vc_row-fluid\"><div class=\"wpb_column vc_column_container vc_col-sm-12\"><div class=\"vc_column-inner\"><div class=\"wpb_wrapper\">\n\t<div class=\"wpb_text_column wpb_content_element\" >\n\t\t<div class=\"wpb_wrapper\">\n\t\t\t<h3>1. TINGIMUSED<\/h3>\n<p>Ettev\u00f5te <strong>Zacharakis Konstantinos &amp; CO t\u00e4is\u00fching<\/strong> on \u00f5igus \u00fchepoolselt muuta v\u00f5i asendada selles e-poes sooritatavate tehingute tingimusi ja eeltingimusi. Meie ettev\u00f5te on kohustatud teavitama kasutajaid selle e-poe veebisaidil muudatustest ja muudatustest \u00fcldiselt. Soovime selgitada, et tingimuste muutmine ei m\u00f5juta juba t\u00e4idetud tellimusi.<\/p>\n<p>&nbsp;<\/p>\n<h3>2. ESITATUD TEAVE JA TOOTED<\/h3>\n<p>Ettev\u00f5te <strong>Zacharakis Konstantinos &amp; CO t\u00e4is\u00fching<\/strong> garanteerib veebilehel www.cretoikos.com oleva teabe t\u00e4ielikkuse ja kehtivuse, sealhulgas kirjeldatud toodete oluliste atribuutide olemasolu ning ettev\u00f5tte e-poe pakutavaid teenuseid puudutavate andmete \u00f5igsuse tehniliste vahendite reservi all. v\u00f5i s\u00f5nas\u00f5nalised vead, mis v\u00f5ivad olla t\u00e4helepanuta j\u00e4etud v\u00f5i tekkinud tahtmatult v\u00f5i v\u00e4\u00e4ramatu j\u00f5u t\u00f5ttu tekkinud interneti\u00fchenduse katkemise t\u00f5ttu.<\/p>\n<p>&nbsp;<\/p>\n<h3>3. PIIRATUD VASTUTUS<\/h3>\n<p>Ettev\u00f5te <strong>Zacharakis Konstantinos &amp; CO t\u00e4is\u00fching<\/strong> lubab l\u00f5pptarbijaid \u00f5igeaegselt teavitada toodete v\u00f5imalikust k\u00e4ttesaamatusest. Ettev\u00f5tte e-pood ei vastuta tehniliste probleemide eest, mis v\u00f5ivad tekkida siis, kui kasutajad \u00fcritavad p\u00e4\u00e4seda internetile v\u00f5i \u00fchenduse loomisel ning need probleemid on seotud nende \u00fchenduse \u00fchilduvusega veebilehega. Samuti <strong>Zacharakis Konstantinos &amp; CO t\u00e4is\u00fching<\/strong> ei vastuta kolmandate isikute tegevuse v\u00f5i tegevusetuse ning eriti kolmandate isikute volitamata sekkumise eest ettev\u00f5tte toodetesse, teenustesse ja pakutavasse informatsiooni.<\/p>\n<p>&nbsp;<\/p>\n<h3>4. AUTORI\u00d5IGUSED<\/h3>\n<p>Veebileht www.cretoikos.com on ettev\u00f5tte ametlik veebisait <strong>Zacharakis Konstantinos &amp; CO t\u00e4is\u00fching<\/strong>. Kogu ettev\u00f5tte poolt v\u00f5rku pandud veebilehtede sisu, sealhulgas pildid, graafika, fotod, joonised, tekstid, pakutavad teenused ja tooted, on autori\u00f5igusega kaitstud <strong>Zacharakis Konstantinos &amp; CO t\u00e4is\u00fching<\/strong> ja seda kaitsevad Kreeka seaduse, Euroopa \u00f5iguse ja rahvusvaheliste lepingute vastavad s\u00e4tted. Nimed, pildid, logot\u00fc\u00fcbid ja eristavad m\u00e4rgid, mis esindavad <strong>Zacharakis Konstantinos &amp; CO t\u00e4is\u00fching<\/strong> ja\/v\u00f5i e-pood ja\/v\u00f5i ettev\u00f5tte ning selle toodete ja teenustega seotud kolmandad isikud on ettev\u00f5tte eksklusiivsed t\u00e4hised ja eraldusm\u00e4rgid. <strong>Zacharakis Konstantinos &amp; CO t\u00e4is\u00fching<\/strong> ja\/v\u00f5i www.cretoikos.com ja\/v\u00f5i \u00fclalnimetatud kolmandad isikud ning neid kaitsevad Kreeka seadused, Euroopa Liidu seadused ning autori\u00f5igust ja k\u00f5lvatut konkurentsi k\u00e4sitlevad rahvusvahelised kaubandus- ja t\u00f6\u00f6stuskoodeksid.<\/p>\n<p>Igal juhul ei saa nende ilmumist ja kuvamist veebilehel www.cretoikos.com lugeda loa loovutamiseks v\u00f5i \u00fcleandmiseks ega kasutus\u00f5iguseks.<\/p>\n<p>&nbsp;<\/p>\n<h3>5. KASUTAJA KOHUSTUSED<\/h3>\n<p>Veebilehtede www.cretoikos.com kasutajad n\u00f5ustuvad, et nad ei saa kasutada veebilehti ja e-poodi <strong>Zacharakis Konstantinos &amp; CO t\u00e4is\u00fching<\/strong> mis tahes ebaseadusliku, kahjuliku, \u00e4hvardava, solvava, h\u00e4iriva, laimava, laimava, labane, nilbe v\u00f5i teise isiku privaatsust rikkuva sisu edastamise, teavitamise, e-kirjaga v\u00f5i muul viisil edastamise eest, v\u00e4ljendab empaatiat v\u00f5i rassilist, rahvuslikku v\u00f5i muud t\u00fc\u00fcpi diskrimineerimist v\u00f5i mis tahes viisil v\u00f5ib alaealistele kahju tekitada, ei ole seaduse v\u00f5i tava- v\u00f5i juhtimisreeglite kohaselt lubatud avaldada (n\u00e4iteks siseteave, teave varanduse kohta ja konfidentsiaalne teave, mis on mis on saadud v\u00f5i avaldatud t\u00f6\u00f6suhte osana v\u00f5i konfidentsiaalsete lepingutega h\u00f5lmatud teave) v\u00f5i mis rikub mis tahes leiutist, \u00e4rim\u00e4rki, \u00e4risaladust, autori\u00f5igust v\u00f5i muid kolmandate isikute omandi\u00f5igusi, sisaldab tarkvaraviiruseid v\u00f5i muid koode, faile v\u00f5i programme, mis on loodud selleks, et peatada, kahjustada h\u00e4vitada v\u00f5i rikkuda mis tahes tarkvara v\u00f5i arvutiosa, mis rikub tahtlikult v\u00f5i tahtmatult kehtivaid Kreeka ja Euroopa seadusi ja nende s\u00e4tteid, mis v\u00f5ib mis tahes viisil ahistada kolmandaid isikuid ja mis tahes sisu, mida kasutatakse kogumiseks v\u00f5i salvestamiseks. kasutajate isikuandmed.<\/p>\n<p>&nbsp;<\/p>\n<h3>6. TURVALISUS<\/h3>\n<p><strong>Zacharakis Konstantinos &amp; CO t\u00e4is\u00fching<\/strong> on teadlik teie isikuandmete ja elektrooniliste tehingute turvalisuse t\u00e4htsusest ning on kasutusele v\u00f5tnud k\u00f5ik kaasaegsed ja t\u00e4iustatud meetodid, et tagada teie optimaalne turvalisus. Kogu teave teie isikuandmete ja tehingute kohta on turvaline ja konfidentsiaalne. aasta e-poe turvalisus <strong>Zacharakis Konstantinos &amp; CO t\u00e4is\u00fching <\/strong>saavutatakse j\u00e4rgmiste meetoditega:<\/p>\n<p>&nbsp;<\/p>\n<p><strong>Kliendi identifitseerimine<\/strong><\/p>\n<p>Kliendi tuvastamiseks kasutatakse kahte koodi: Sissep\u00e4\u00e4sukood <strong>(email v\u00f5i kasutajanimi)<\/strong> ja isiklik turvakood <strong>(parool)<\/strong>, mis v\u00f5imaldavad teil igal ajal t\u00e4ieliku turvalisusega juurdep\u00e4\u00e4su oma isikuandmetele. Teil on v\u00f5imalus muuta oma isiklikku turvakoodi <strong>(parool)<\/strong>, ja sinu <strong>e-posti aadress,<\/strong> nii tihti kui soovite. Ainus isik, kellel on juurdep\u00e4\u00e4s teie andmetele, on teie \u00fclalnimetatud koodide abil ja teie vastutate mitteavaldamise ja kolmandate isikute eest varjamise eest. Koodide kadumise v\u00f5i lekkimise korral peate viivitamatult meiega \u00fchendust v\u00f5tma; muidu e-pood <strong>Zacharakis Konstantinos &amp; CO t\u00e4is\u00fching <\/strong>ei vastuta, kui turvakoodi kasutab volitamata isik. Soovitame oma <strong>parool<\/strong> ohutuse huvides ja mitte kasutada samu ja lihtsaid koode (nt s\u00fcnnikuup\u00e4ev) regulaarselt. Samuti soovitame oma loomiseks mitte kasutada ainult numbreid ja t\u00e4hti <strong>parool<\/strong>, aga ka s\u00fcmbolid.<\/p>\n<p><strong>Automaatne v\u00e4ljalogimine<\/strong><\/p>\n<p>Kui sa 20 minuti jooksul midagi ei tee, katkestatakse \u00fchendus automaatselt e-poe kliendidomeeniga <strong>Zacharakis Konstantinos &amp; CO t\u00e4is\u00fching<\/strong>.<\/p>\n<p><strong>Kontrollitud juurdep\u00e4\u00e4s (tulem\u00fc\u00fcr)<\/strong><\/p>\n<p>Juurdep\u00e4\u00e4s s\u00fcsteemidele <strong>Zacharakis Konstantinos &amp; CO t\u00e4is\u00fching<\/strong> (serverid) juhib tulem\u00fc\u00fcr, mis v\u00f5imaldab klientidel\/kasutajatel kasutada teatud teenuseid, kuid samas ei v\u00f5imalda juurdep\u00e4\u00e4su ettev\u00f5tte konfidentsiaalsete andmete ja informatsiooniga andmebaasidele.<\/p>\n<p><strong>Konfidentsiaalsed edastused<\/strong><\/p>\n<p>Konfidentsiaalsuse j\u00e4rgimine on iseenesestm\u00f5istetav. Samad p\u00f5him\u00f5tted, mis kehtivad klassikaliste tehingute puhul, kehtivad ka e-kaubanduses. Mis tahes teave, mille on edastanud kasutaja\/liige <strong>Zacharakis Konstantinos &amp; CO t\u00e4is\u00fching<\/strong> on konfidentsiaalne ning Ettev\u00f5te on v\u00f5tnud kasutusele k\u00f5ik vajalikud ennetusmeetmed, et neid kasutataks ainult seni, kuna seda peetakse oluliseks osutatavate teenuste raames. M\u00f5ned vastuv\u00f5etud ennetusmeetmed on j\u00e4rgmised:<\/p>\n<ul>\n<li>Juurdep\u00e4\u00e4s tehinguteabele on ainult volitatud t\u00f6\u00f6tajatel ja ainult siis, kui seda peetakse vajalikuks, n\u00e4iteks teie tellimuste edastamiseks.<\/li>\n<li><strong>Zacharakis Konstantinos &amp; CO t\u00e4is\u00fching<\/strong> ei avalda klientide andmeid ja nende tehinguid, v\u00e4lja arvatud juhul, kui meil on selleks kirjalik luba v\u00f5i kui seda n\u00f5uab kohtulahend v\u00f5i muu ametiasutuse otsus.<\/li>\n<li>Juhul kui <strong>Zacharakis Konstantinos &amp; CO t\u00e4is\u00fching<\/strong> kasutab oma s\u00fcsteemide toetamiseks kolmandat osapoolt, tagame konfidentsiaalsuse j\u00e4rgimise.<\/li>\n<li>Isikuandmeid k\u00e4sitleva 7. peat\u00fcki s\u00e4tete reservi alusel saate k\u00fcsida mis tahes salvestatud teavet ja n\u00f5uda nende parandamist, kui suudate t\u00f5endada, et see on vale.<\/li>\n<li>Ka teie peate oma turvalisuse huvides k\u00e4sitlema kogu meie teenuste kaudu edastatavat teavet privaatse ja konfidentsiaalsena ning te ei tohi seda avaldada kolmandatele isikutele.<\/li>\n<\/ul>\n<p>&nbsp;<\/p>\n<h3>7. ISIKUANDMETE TURVALISUS<\/h3>\n<p>Kui k\u00fclastate domeeni www.cretoikos.com, palutakse teil \u00fcldjuhul oma tellimuse haldamiseks m\u00e4rkida oma isikuandmed (nimi, perekonnanimi, amet, e-post, toodete kohaletoimetamise aadress jne) v\u00f5i meie teenuste osutamiseks. Isikuandmeid, mille n\u00e4itate k\u00f5ikjal meie domeenis veebilehe www.cretoikos.com teenuste jaoks, s\u00e4ilitatakse eranditult p\u00f5hjustel, mis puudutavad teiega tehtavaid tehinguid, pakutavate teenuste t\u00e4iustamist ja nende teenuste arveldamist; ei ole lubatud, et neid kasutab \u00fckski kolmas isik (v\u00e4lja arvatud vastavad asutused, seadusega ette n\u00e4htud juhtudel).<\/p>\n<p>Ettev\u00f5tte t\u00f6\u00f6tajad <strong>Zacharakis Konstantinos &amp; CO t\u00e4is\u00fching<\/strong> kellel on juurdep\u00e4\u00e4s teie isikuandmetele, on konkreetsed ja isikutele teie andmetele ilma vahendustasuta juurdep\u00e4\u00e4s ei ole lubatud. Oleme teie isikuandmete kaitsmiseks rakendanud k\u00f5iki m\u00f5istlikke ennetusi. \u00c4\u00e4rmiselt harvadel juhtudel v\u00f5idakse teie isikuandmeid edastada koost\u00f6\u00f6partneritele <strong>Zacharakis Konstantinos &amp; CO t\u00e4is\u00fching<\/strong> teiega tehtavate tehingute toetamiseks, edastamiseks ja teostamiseks, kuid alati tingimusel, et teie isikuandmeid ei t\u00f6\u00f6delda ebaseaduslikult.<\/p>\n<p>Mis tahes muude selles kontekstis p\u00e4ringute, ettepanekute v\u00f5i avalduste korral v\u00f5tke meiega \u00fchendust spetsiaalse kontaktivormi kaudu, mille leiate lingi https:\/\/www.cretoikos.com\/contact-us\/ alt.<\/p>\n<p>Kasutajal on igal ajal \u00f5igus k\u00fcsida teavet v\u00f5i keelata oma isikuandmete edasine t\u00f6\u00f6tlemine vastavalt kehtivatele isikuandmete kaitset k\u00e4sitlevatele seadustele.<\/p>\n<p>&nbsp;<\/p>\n<h3>8. TOODETE OST<\/h3>\n<p><strong>Zacharakis Konstantinos &amp; CO t\u00e4is\u00fching<\/strong> teeb k\u00f5ik endast oleneva, et pakkuda teenuseid k\u00f5rgel tasemel. Kuid see j\u00f5upingutus ei saa v\u00e4listada vigu hindades ja toodete teisestes \u00fcksikasjades; ning ei saa v\u00e4listada, et toote hindade sisestamisel\/uuendamisel v\u00f5ivad tekkida katkestused interneti t\u00f6\u00f6s v\u00f5i inimlik rike. Enda kaitseks ja ostude t\u00f5hususe huvides palume Teil helistada meile telefoninumbril 2834023594 v\u00f5i v\u00f5tta meiega \u00fchendust meie kodulehel oleva e-kirja vormi kaudu, kui leiate, et toodet pakutakse ebatavalisel hinnaga. madala v\u00f5i k\u00f5rge hinnaga, mis on proportsionaalne selle turuv\u00e4\u00e4rtusega, enne kui j\u00e4tkate tellimuse esitamist.<\/p>\n<p>Lisaks soovitame enne meie e-poest ostma asumist k\u00fclastada esmalt rubriiki &quot;Abi ja kasutustingimused&quot;, kust leiate kasulikku teavet toodete ostmise protseduuri kohta.<\/p>\n<p>P\u00e4rast tellimuse registreerimist saate automaatse vastuse, milles on loetletud teie tellimuse andmed. P\u00e4rast teie tellimuse t\u00f6\u00f6tlemist elektroonilise ostmise osakonnas <strong>Zacharakis Konstantinos &amp; CO t\u00e4is\u00fching <\/strong>saate teise kinnitava e-kirja toodete nimekirjaga, mis teile saadetakse. <strong>Sellest hetkest alates on meievaheline leping s\u00f5lmitud<\/strong>.<\/p>\n<p>Tellimuse t\u00f6\u00f6tlemise ajal saate rea automaatseid vastuseid, mis annavad teada teie tellimuse edenemisest. Need s\u00f5numid puudutavad j\u00e4rgmisi samme:<\/p>\n<p><strong>Teie tellimuse t\u00f6\u00f6tlemine<\/strong>: Kui Teie tellimuse on saanud meie ettev\u00f5tte t\u00f6\u00f6taja, kes kontrollib selle \u00f5igsust ja edastab kauplusele toodete koostamiseks.<\/p>\n<p><strong>Arveldamine<\/strong>: Teie tellimuse kaubad on koostatud eesm\u00e4rgiga saata need teie aadressile.<\/p>\n<p><strong>Osaliselt arveldamine<\/strong>: m\u00f5nda teie tellimuse \u00fcksust ei saanud kokku panna ja need on ootel. Saate e-kirjas mainitud esemed.<\/p>\n<p><strong>T\u00fchistamine:<\/strong> Teie tellimus t\u00fchistati p\u00e4rast teie soovi v\u00f5i seet\u00f5ttu, et meil ei \u00f5nnestunud teiega tellimuse kinnitamiseks \u00fchendust saada.<\/p>\n<p>Kui m\u00f5ni teie tellimuse \u00fcksus ei peaks olema saadaval, saate vastava e-kirja v\u00f5i\/v\u00f5i SMS-i. Teise v\u00f5imalusena v\u00f5tame teiega \u00fchendust telefoninumbril, mille m\u00e4rkisite registreerimisel v\u00f5i tellimuse esitamisel.<\/p>\n<p>Neid s\u00f5numeid ei saa kuidagi keelata; nende saatmine on tellimuse korrektse t\u00e4itmise eeltingimus. Palume teil veenduda, et saate need e-kirjad k\u00e4tte ja teil on neile juurdep\u00e4\u00e4s nii kaua, kuni tehing kestab. Kui te neid e-kirju ei saa, olete vastavalt meie tehinguid reguleerivatele \u00fcldistele \u00e4ritingimustele kohustatud meid sellest viivitamata teavitama. Tooted toimetatakse teieni esimesel v\u00f5imalusel ning tarneaeg ei \u00fcleta kolmek\u00fcmmend p\u00e4eva lepingu s\u00f5lmimisest.<\/p>\n<p>&nbsp;<\/p>\n<h3>9. KAUGOSTMISTE T\u00dcHISTAMISE \u00d5IGUS<\/h3>\n<p>Kaugostude korral (nt internetist ostmine) on teil \u00f5igus toode tagastada ja meie tagastame teile raha, eeldusel, et teavitate meid kontaktvormi kaudu (https:\/\/www.cretoikos.com\/contact -meile\/, telefoni teel numbritel 2834023594 v\u00f5i 6948401441 v\u00f5i faksi teel (2834023574), k\u00fcmne kalendrip\u00e4eva jooksul alates kauba k\u00e4ttesaamisest Teie v\u00f5i Teie poolt nimetatud kolmanda isiku poolt Tooterea tellimise korral on t\u00e4htaeg algab tellimuse viimase kauba k\u00e4ttesaamise hetkest v\u00f5i seisvate tarnete korral viimase tarne sooritamisest.Taganemis\u00f5iguse kasutamise korral olete kohustatud tagastama meile toote algses ideaalses seisukorras (nagu uuena). ), milles te selle k\u00e4tte saite; v\u00f5i peate meile saatma selges\u00f5nalise vaieldamatu t\u00f5endi, et olete selle meile 10 kalendrip\u00e4eva jooksul turvaliselt tagastanud, ja me oleme kohustatud teile tagastama raha, mille olete meile maksnud, sama makseviisiga, mida kasutasite. Valitud, kui tasusite meile ostuhinna. Kui maksite maksekaardiga, teavitame sellest kohe kaardi v\u00e4ljastajat ja me ei ole usaldusv\u00e4\u00e4rsed v\u00f5imalike tagasimakseviivituste suhtes, mis ei kuulu meie vastutusele.<\/p>\n<p>Tarbija on usaldusv\u00e4\u00e4rne kauba v\u00f5imaliku v\u00e4\u00e4rtuse v\u00e4henemise suhtes \u00fcksnes t\u00f6\u00f6tlemise tulemusena, mis ei ole asjakohane toote olemuse, omaduste ja funktsiooni s\u00e4ilitamiseks. Me ei vastuta ega h\u00fcvita tarbijale kahju, kui tootele tekitatud kahju on tekkinud tarbija s\u00fc\u00fcl v\u00f5i kasutamise korral, mis \u00fcletab toote olemuse, omaduste ja funktsiooni s\u00e4ilitamiseks vajalikku taset. toode. Sellisel juhul j\u00e4\u00e4b t\u00fchistamine tulemusteta.<\/p>\n<p>Igal juhul tuleb toodetega, mida soovite tagastada, kaasas olla vastavad juriidilised dokumendid ja k\u00e4ttesaamise kinnitus. Kui toote tagastamise kulud \u00fcletavad tavap\u00e4rast postiteenuse maksumust, siis neid ei kata. <strong>Zacharakis Konstantinos &amp; CO t\u00e4is\u00fching<\/strong> ja koormab klienti.<\/p>\n<p>Teil ei ole \u00f5igust t\u00fchistada seaduse 2251\/94 artikli 3\u03b9\u03b2 v\u00f5i muudel seaduses v\u00f5i k\u00e4esolevates kasutustingimustes etten\u00e4htud juhtudel.<\/p>\n<p>&nbsp;<\/p>\n<h3>10. ZACHARAKIS KONSTANTINOS &amp; CO \u00dcLISE PARTNERLUSE VASTUTUS TOODETE KVALITEEDI JA V\u00d5IMALIKE VEGADE KOHTA<\/h3>\n<p><strong>Zacharakis Konstantinos &amp; CO t\u00e4is\u00fching <\/strong>garanteerib Sulle iga e-poes pakutava toote aegumiskuup\u00e4eva ja toote omaduste \u00f5igsuse, et tagada tellimuse n\u00f5uetekohane t\u00e4itmine. Vedaja kaudu toodete kohaletoimetamisel kontrollige, kas olete saanud \u00f5iged kaubad ja \u00f5ige koguse suurep\u00e4rases seisukorras. Kui avastate kohaletoimetamisel vea, m\u00e4rkige see vedaja voucherile v\u00f5i helistage meile numbril 2834023594 v\u00f5i saatke meile e-kiri. Tooted, mis on meie poolt kasutatava vedaja poolt transpordi k\u00e4igus kahjustatud, asendatakse v\u00f5i kantakse teie poolt nimetatud kontole v\u00f5i arvatakse maha teie j\u00e4rgmisest tellimusest.<\/p>\n<p><strong>Zacharakis Konstantinos &amp; CO t\u00e4is\u00fching <\/strong>vastutab k\u00f5igi kohustuste eest, mille tsiviil\u00f5igus on ostjale ette n\u00e4inud. Eelnimetatud kohustused ei kehti, kui rike on p\u00f5hjustatud Teie enda poolt v\u00f5i v\u00e4\u00e4ramatu j\u00f5u t\u00f5ttu kitsamas v\u00f5i laiemas t\u00e4henduses. Igal juhul tuleb viivituste v\u00e4ltimiseks toodetega kaasas olla vajalikud juriidilised dokumendid ja k\u00e4ttesaamist\u00f5end.<\/p>\n<p><strong>\u00a0<\/strong><\/p>\n<h3>11. TELLIMUSE T\u00dcHISTAMINE<\/h3>\n<p>Artiklis 9 s\u00e4testatud tingimusi piiramata saab tellimust t\u00fchistada j\u00e4rgmistel asjaoludel:<\/p>\n<ul>\n<li>Enne tellimuse vormistamist on elektroonilise tellimisprotseduuri k\u00e4igus v\u00f5imalik \u201ctagasi\u201d minna ja tellitud toodete kogus ostukorvist t\u00fchistada vajutades \u201ceemalda\u201d p\u00f5hja.<\/li>\n<li>Kui elektrooniline tellimus on t\u00e4idetud, kuid pole veel saadetud, v\u00f5ite helistada 2834023594 ja paluda m\u00f5nel meie t\u00f6\u00f6tajal tellimus t\u00fchistada.<\/li>\n<li>P\u00e4rast toote k\u00e4ttesaamist v\u00f5ite helistada telefonil 2834023594 v\u00f5i v\u00f5tta meiega \u00fchendust meie kodulehel oleva e-kirja vormi kaudu ja selgitada, miks soovite tellimusest loobuda. \u00dcks meie t\u00f6\u00f6tajatest aitab teid koheselt ja teavitab teid k\u00f5igist teie valikutest.<\/li>\n<li>Juhul, kui teie tellimus on juba arveldatud ja soovite selle t\u00fchistada, helistage telefonil 2834023594 ja m\u00e4rkige oma tellimuse andmed. Kuid sel juhul teie tellimuse olek teie konto lehel ei muutu.<\/li>\n<\/ul>\n<p>&nbsp;<\/p>\n<h3>12. MAKSEVIISID<\/h3>\n<h4>a) Pangakontole sissemakse\/\u00fclekanne<\/h4>\n<p><strong>EUROBANK konto nr: 0026.0331.42.0200418817<\/strong><\/p>\n<p><strong>IBAN: GR20 0260 3310 0004 2020 0418 817<\/strong><\/p>\n<p>Palun saatke meile oma panga maksekviitung faksi teel numbrile 2834023574 v\u00f5i e-posti aadressile <u>account@mylopotamos-health-foods.gr<\/u>, mainides h\u00f5lpsaks tuvastamiseks tellimuse numbri. Niipea kui saame maksekviitungi koopia, alustame teie tellimuse saatmist.<\/p>\n<h4>b) Maksmine deebet- v\u00f5i krediitkaardiga, mis on kaitstud Viva Walleti\/PayPali kaudu<\/h4>\n<p>E-pood of <strong>Zacharakis Konstantinos &amp; CO t\u00e4is\u00fching<\/strong> aktsepteerib k\u00f5iki krediitkaarte, Visa, Mastercard, American Express ja Diners. Teie tehingud meie e-poes on kaitstud t\u00e4iustatud veebiturvas\u00fcsteemidega, mis garanteerivad salvestatud tehingu.<\/p>\n<p>Kui valite makseviisiks Viva Wallet\/PayPal, suunatakse teid koheselt vastavale lehele, et tehing ja tellimuse eest tasuda. Viva Wallet\/PayPal on turvaline ja usaldusv\u00e4\u00e4rne vahendaja veebitehingute tegemiseks. Kui teil pole Viva Walleti\/PayPali kontot, saate sisse logida ja kasutada oma deebet- v\u00f5i krediitkaarti v\u00f5i pangakontot.<\/p>\n<p>Viva Walleti\/PayPali vahendusel teostatavad tehingud puudutavad ainult kliendi ruumides kohaletoimetamist ega kombineeri muid makseviise. Maksmist puudutavate k\u00fcsimuste ja teabe saamiseks k\u00fclastage Viva Walleti\/PayPali veebisaiti. Viva Walleti\/PayPali toel teostatavaid tehinguid reguleerivad teenusepakkuja s\u00e4tted ja tingimused.<\/p>\n<p>&nbsp;<\/p>\n<h3>13. TELLIMINE \/ TOODETE TARNE \/ VEOKULUD<\/h3>\n<p><strong>Tellimuse t\u00e4itmine:<\/strong><\/p>\n<p>Niipea kui olete tellimuse l\u00f5petanud, kuvatakse j\u00e4rgmine teade (n\u00e4ide): \u201eTEIE TELLIMUS ON T\u00c4ITUD. AIT\u00c4H.&quot; Teie tellimuse number on (nt) 121. Palun kontrollige oma e-kirju. Saatsime teile kinnitusmeili teie tellimuse \u00fcksikasjadega.<\/p>\n<p><strong>Kohaletoimetamise kuup\u00e4ev ja kellaaeg:<\/strong><\/p>\n<p><strong>Kohaletoimetamine v\u00e4ljaspool Kreekat (EE riigid ja \u00fclej\u00e4\u00e4nud maailm)<\/strong><\/p>\n<p>Toodete tarned teostab TNT kullerteenus (kiir- v\u00f5i s\u00e4\u00e4stuteenus).<\/p>\n<p>TNT on kiirkullerfirma, mis on saadaval teatud kaaluga tellimustele kuni 30 kiloni (kulu saate vaadata ostukorvis \u201cEeldatav veokulu ja maksud\u201d alt). <strong>Tellimuse minimaalne kaal on 5 kilo<\/strong>. Tavaolukorras tarnib TNT teenus 2-5 p\u00e4eva jooksul. Lisaks on TNT-ga saadetised kaitstud <strong>summa 10 eurot kilo, kui valite TNT economy ja 20 eurot kilo, kui valite TNT express<\/strong>, kui pakk kaob v\u00f5i h\u00e4vib. Meie kullerkoost\u00f6\u00f6partneri (antud juhul TNT) tarnep\u00e4evad on esmasp\u00e4evast reedeni.<\/p>\n<p>Kui eelistate enda valitud kullerteenust, millega meie (Zacharakis Konstantinos &amp; CO t\u00e4is\u00fching) koost\u00f6\u00f6d ei tee, on veokulu kliendi kulul.<\/p>\n<p>&nbsp;<\/p>\n<h3>15. TARNE HILINEMINE<\/h3>\n<p>Teie tellimus v\u00f5ib viibida j\u00e4rgmistel p\u00f5hjustel:<\/p>\n<ul>\n<li>Toode ei ole saadaval. Sel juhul v\u00f5tab meie ettev\u00f5te teiega lahenduse leidmiseks \u00fchendust telefoni v\u00f5i e-posti teel.<\/li>\n<li>\u00c4\u00e4rmuslike ilmastikuolude v\u00f5i streikide ning v\u00e4\u00e4ramatu j\u00f5u korral v\u00f5ib see m\u00f5jutada teie tellimuse saatmist ja kohaletoimetamist.<\/li>\n<li>Juhul, kui Teiega telefoni ja\/ja e-posti teel kontakti saamine ei ole v\u00f5imalik (kui tekib probleem Teie tellimusega, kas tootega v\u00f5i tasumisega), kuna Teie m\u00e4rgitud andmed ei kehti. Kuid viivitus ei \u00fcleta 30 p\u00e4eva lepingu t\u00e4itmise p\u00e4evast arvates.<\/li>\n<\/ul>\n<p>&nbsp;<\/p>\n<h3>16. UUDISED<\/h3>\n<ul>\n<li>Zacharakis Konstantinos &amp; CO t\u00e4is\u00fching saadab regulaarselt uudiskirju.<\/li>\n<li>Zacharakis Konstantinos &amp; CO t\u00e4is\u00fching ei vastuta, kui uudiskirjad ei j\u00f5ua sihtkohta. Igal juhul teeme koos internetiteenuse pakkujatega tarne teostamiseks k\u00f5ik endast oleneva.<\/li>\n<li>Uudiskirjad v\u00f5iks saata r\u00e4mpsposti kausta. Palume teil regulaarselt kontrollida, ega neid sellesse kausta poleks pandud.<\/li>\n<li>Kui te ei soovi enam uudiskirju saada v\u00f5i soovite end t\u00e4ielikult Zacharakis Konstantinos &amp; CO t\u00e4is\u00fchingu uudistes\u00fcsteemist eemaldada, saate sellest meile teada anda, kasutades meie veebisaidi kontaktvormi.<\/li>\n<li>Zacharakis Konstantinos &amp; CO t\u00e4is\u00fching saadab v\u00e4rskendusi ainult siis, kui otsustate neid saada ja nii kaua, kui soovite. Kui olete meie saidi kaudu tellimuse esitanud, saadame teile automaatseid e-kirju teie tellimuse edenemise kohta. Neid s\u00f5numeid ei saa kuidagi keelata; nende saatmine on tellimuse korrektse t\u00e4itmise eeltingimus. Palume teil veenduda, et saate need e-kirjad k\u00e4tte ja teil on neile juurdep\u00e4\u00e4s nii kaua, kuni tehing kestab.<\/li>\n<\/ul>\n<p>Kui te neid e-kirju ei saa, olete meie tehinguid reguleerivate \u00fcldiste \u00e4ritingimuste kohaselt kohustatud meid sellest viivitamata teavitama.<\/p>\n<p><strong>(\u00dclaltoodud hinnad sisaldavad k\u00e4ibemaksu 13% ja 24%)<\/strong><\/p>\n\n\t\t<\/div>\n\t<\/div>\n<\/div><\/div><\/div><\/div><\/div>","protected":false},"excerpt":{"rendered":"www.cretoikos.com is an e-shop which exhibits and offers products online. It is part of the company \"Zacharakis Konstantinos &amp; CO General Partnership\" with headquarters in Angeliana Rethymno, Crete, Greece (tax number 099704169, tax office Rethymno). Before you enter the e-shop and surf in our site, we ask you to read first the terms and preconditions [...]","protected":false},"author":1,"featured_media":0,"parent":0,"menu_order":0,"comment_status":"closed","ping_status":"closed","template":"page-boxed.php","meta":{"footnotes":""},"class_list":["post-200","page","type-page","status-publish","hentry"],"_links":{"self":[{"href":"https:\/\/www.cretoikos.com\/et\/wp-json\/wp\/v2\/pages\/200","targetHints":{"allow":["GET"]}}],"collection":[{"href":"https:\/\/www.cretoikos.com\/et\/wp-json\/wp\/v2\/pages"}],"about":[{"href":"https:\/\/www.cretoikos.com\/et\/wp-json\/wp\/v2\/types\/page"}],"author":[{"embeddable":true,"href":"https:\/\/www.cretoikos.com\/et\/wp-json\/wp\/v2\/users\/1"}],"replies":[{"embeddable":true,"href":"https:\/\/www.cretoikos.com\/et\/wp-json\/wp\/v2\/comments?post=200"}],"version-history":[{"count":0,"href":"https:\/\/www.cretoikos.com\/et\/wp-json\/wp\/v2\/pages\/200\/revisions"}],"wp:attachment":[{"href":"https:\/\/www.cretoikos.com\/et\/wp-json\/wp\/v2\/media?parent=200"}],"curies":[{"name":"wp","href":"https:\/\/api.w.org\/{rel}","templated":true}]}}