{"id":91,"date":"2017-12-10T12:12:56","date_gmt":"2017-12-10T10:12:56","guid":{"rendered":"https:\/\/www.cretoikos.com\/?post_type=product&#038;p=91"},"modified":"2023-12-09T19:02:39","modified_gmt":"2023-12-09T17:02:39","slug":"aceite-de-oliva-virgen-con-hierbas-cretenses-100ml","status":"publish","type":"product","link":"https:\/\/www.cretoikos.com\/es\/eshop\/olive-oil-with-cretan-herbs\/virgin-olive-oil-with-cretan-herbs-100ml\/","title":{"rendered":"Aceite de Oliva Virgen Extra (AOVE) con Hierbas de Creta 100ml"},"content":{"rendered":"<h2 style=\"font-size: 20px; text-align: center;\"><strong>100% Aceite de Oliva Virgen Extra (AOVE) Griego de la isla de Creta, Primera Prensado en Fr\u00edo, Rico en Polifenoles, Antioxidantes, Vitamina E y propiedades antiinflamatorias, Zumo Puro de Oliva, Sin Conservantes, Nueva Cosecha, Reci\u00e9n Prensado el mismo d\u00eda de Cosecha de aceitunas<\/strong><\/h2>\n<p>&nbsp;<\/p>\n<p><img loading=\"lazy\" decoding=\"async\" class=\"alignnone wp-image-3390 size-full\" src=\"https:\/\/www.cretoikos.com\/wp-content\/uploads\/2018\/03\/certifications-olive-oil.gif\" alt=\"Certificaciones de aceite de oliva\" width=\"470\" height=\"88\" \/><\/p>\n<p><img loading=\"lazy\" decoding=\"async\" class=\"alignnone wp-image-3386 size-full\" src=\"https:\/\/www.cretoikos.com\/wp-content\/uploads\/2018\/03\/OliveOil-GDA.png\" alt=\"Aceite de Oliva GDA\" width=\"464\" height=\"86\" srcset=\"https:\/\/www.cretoikos.com\/wp-content\/uploads\/2018\/03\/OliveOil-GDA.png 464w, https:\/\/www.cretoikos.com\/wp-content\/uploads\/2018\/03\/OliveOil-GDA-300x56.png 300w, https:\/\/www.cretoikos.com\/wp-content\/uploads\/2018\/03\/OliveOil-GDA-450x83.png 450w\" sizes=\"auto, (max-width: 464px) 100vw, 464px\" \/><\/p>\n<p><strong>Aceite de Oliva Virgen Extra (AOVE) con Hierbas de Creta 100ml<\/strong> \u2013 Aceites de oliva virgen extra griegos perfumados de forma natural utilizando diferentes tipos de hierbas (frescas o secas), especias y c\u00edtricos. Se pueden utilizar como entrantes, perfectamente acompa\u00f1ados de peque\u00f1os bollos o bizcochos y pueden sustituir a la mantequilla al inicio de una comida.<\/p>\n<p class=\"translation-block\"><a href=\"https:\/\/www.cretoikos.com\/es\/gastos-de-entrega-y-envio\/\" target=\"_self\"><strong>Env\u00edo mundial<\/strong><\/a> : enviamos su pedido a <strong>todos los pa\u00edses<\/strong> del mundo.<\/p>\n<p>&nbsp;<\/p>\n<h2 style=\"font-size: 20px; text-align: center;\"><a href=\"\/es\/certificaciones-internacionales-de-aceite-de-oliva\/\"><strong>Certificaciones Internacionales de Calidad Alimentaria para nuestros<\/strong> Productos<\/a><\/h2>\n<p><a href=\"\/es\/certificaciones-internacionales-de-aceite-de-oliva\/\"><img loading=\"lazy\" decoding=\"async\" class=\"aligncenter wp-image-13475 size-full\" src=\"https:\/\/www.cretoikos.com\/wp-content\/uploads\/2017\/12\/Quality-Food-Certifications-Lab-Certified-Healthy-Mediterranean-Foods-w800.jpg\" alt=\"Certificaciones internacionales de calidad de alimentos: alimentos mediterr\u00e1neos saludables certificados por laboratorio\" width=\"800\" height=\"250\" srcset=\"https:\/\/www.cretoikos.com\/wp-content\/uploads\/2017\/12\/Quality-Food-Certifications-Lab-Certified-Healthy-Mediterranean-Foods-w800.jpg 800w, https:\/\/www.cretoikos.com\/wp-content\/uploads\/2017\/12\/Quality-Food-Certifications-Lab-Certified-Healthy-Mediterranean-Foods-w800-300x94.jpg 300w, https:\/\/www.cretoikos.com\/wp-content\/uploads\/2017\/12\/Quality-Food-Certifications-Lab-Certified-Healthy-Mediterranean-Foods-w800-768x240.jpg 768w, https:\/\/www.cretoikos.com\/wp-content\/uploads\/2017\/12\/Quality-Food-Certifications-Lab-Certified-Healthy-Mediterranean-Foods-w800-450x141.jpg 450w, https:\/\/www.cretoikos.com\/wp-content\/uploads\/2017\/12\/Quality-Food-Certifications-Lab-Certified-Healthy-Mediterranean-Foods-w800-780x244.jpg 780w\" sizes=\"auto, (max-width: 800px) 100vw, 800px\" \/><\/a><br \/>\n&nbsp;<\/p>\n<h3 style=\"font-size: 20px; text-align: center;\"><a href=\"\/es\/certificaciones-internacionales-de-aceite-de-oliva\/\"><strong>Producto de aceite de oliva certificado KOSHER Food<\/strong><\/a><\/h3>\n<p>&nbsp;<\/p>\n<p><img loading=\"lazy\" decoding=\"async\" class=\"size-full wp-image-13454 aligncenter\" src=\"https:\/\/www.cretoikos.com\/wp-content\/uploads\/2020\/07\/kosher-foods-certification-2-w220.jpg\" alt=\"Aceite de Oliva Virgen Extra Alimentario KOSHER\" width=\"173\" height=\"220\" \/><\/p>\n<p>&nbsp;<\/p>\n<h3 style=\"font-size: 20px; text-align: center;\"><a href=\"\/es\/certificaciones-internacionales-de-aceite-de-oliva\/\"><strong>FDA (EE.UU.): producto de aceite de oliva certificado por la Administraci\u00f3n de Alimentos y Medicamentos<\/strong><\/a><\/h3>\n<p>&nbsp;<\/p>\n<p><img loading=\"lazy\" decoding=\"async\" class=\"size-full wp-image-13476 aligncenter\" src=\"https:\/\/www.cretoikos.com\/wp-content\/uploads\/2017\/12\/FDA-foods-certification-w220.jpg\" alt=\"Certificaci\u00f3n FDA de Alimentos y Medicamentos\" width=\"163\" height=\"220\" \/><\/p>\n<p>&nbsp;<\/p>","protected":false},"excerpt":{"rendered":"<p><strong>\u00a1Aceite de oliva virgen extra griego!<\/strong><\/p>\n<p><strong>Aceite de Oliva Virgen Extra (AOVE) con Hierbas de Creta 100ml<\/strong> \u2013 Se pueden utilizar como entrantes, perfectamente acompa\u00f1ados de peque\u00f1os bollos o bizcochos y pueden sustituir a la mantequilla al inicio de una comida.<\/p>\n<p class=\"translation-block\"><a href=\"https:\/\/www.cretoikos.com\/es\/gastos-de-entrega-y-envio\/\" target=\"_self\"><strong>Env\u00edo mundial<\/strong><\/a> : enviamos su pedido a <strong>todos los pa\u00edses<\/strong> del mundo.<\/p>\n<p>&nbsp;<\/p>","protected":false},"featured_media":161,"template":"","meta":[],"product_brand":[],"product_cat":[24],"product_tag":[103,141,95,97,98,100,138,96,91,132,137,99,139,101],"class_list":{"0":"post-91","1":"product","2":"type-product","3":"status-publish","4":"has-post-thumbnail","6":"product_cat-olive-oil-with-cretan-herbs","7":"product_tag-100ml","8":"product_tag-3-extra-virgin-olive-oil","9":"product_tag-bottle","10":"product_tag-buy-olive-oil","11":"product_tag-buy-online","12":"product_tag-chili","13":"product_tag-cretan-herbs-flavour","14":"product_tag-cretan-olive-oil","15":"product_tag-evoo","16":"product_tag-flavour","17":"product_tag-flavour-infused-olive-oil","18":"product_tag-greek-olive-oil","19":"product_tag-infused-olive-oil","20":"product_tag-olive-oil","22":"first","23":"instock","24":"taxable","25":"shipping-taxable","26":"purchasable","27":"product-type-simple"},"_links":{"self":[{"href":"https:\/\/www.cretoikos.com\/es\/wp-json\/wp\/v2\/product\/91","targetHints":{"allow":["GET"]}}],"collection":[{"href":"https:\/\/www.cretoikos.com\/es\/wp-json\/wp\/v2\/product"}],"about":[{"href":"https:\/\/www.cretoikos.com\/es\/wp-json\/wp\/v2\/types\/product"}],"wp:featuredmedia":[{"embeddable":true,"href":"https:\/\/www.cretoikos.com\/es\/wp-json\/wp\/v2\/media\/161"}],"wp:attachment":[{"href":"https:\/\/www.cretoikos.com\/es\/wp-json\/wp\/v2\/media?parent=91"}],"wp:term":[{"taxonomy":"product_brand","embeddable":true,"href":"https:\/\/www.cretoikos.com\/es\/wp-json\/wp\/v2\/product_brand?post=91"},{"taxonomy":"product_cat","embeddable":true,"href":"https:\/\/www.cretoikos.com\/es\/wp-json\/wp\/v2\/product_cat?post=91"},{"taxonomy":"product_tag","embeddable":true,"href":"https:\/\/www.cretoikos.com\/es\/wp-json\/wp\/v2\/product_tag?post=91"}],"curies":[{"name":"Gracias","href":"https:\/\/api.w.org\/{rel}","templated":true}]}}