{"id":126,"date":"2017-12-10T14:34:30","date_gmt":"2017-12-10T12:34:30","guid":{"rendered":"https:\/\/www.cretoikos.com\/?post_type=product&#038;p=126"},"modified":"2024-12-15T21:43:58","modified_gmt":"2024-12-15T19:43:58","slug":"dop-sitia-0-3-aceite-de-oliva-virgen-extra-500ml","status":"publish","type":"product","link":"https:\/\/www.cretoikos.com\/es\/eshop\/olive-oil\/pdo-sitia-0-3-extra-virgin-olive-oil-500ml\/","title":{"rendered":"Sitia DOP aceite de oliva Virgen Extra (AOVE) 0,3% bote 500ml"},"content":{"rendered":"<h2 style=\"font-size: 20px; text-align: center;\"><strong>100% Aceite de Oliva Virgen Extra (AOVE) Griego de la isla de Creta, Primera Prensado en Fr\u00edo, Rico en Polifenoles, Antioxidantes, Vitamina E y propiedades antiinflamatorias, Zumo Puro de Oliva, Sin Conservantes, Nueva Cosecha, Reci\u00e9n Prensado el mismo d\u00eda de Cosecha de aceitunas<\/strong><\/h2>\n<p>&nbsp;<\/p>\n<p><img loading=\"lazy\" decoding=\"async\" class=\"alignnone wp-image-3390 size-full\" src=\"https:\/\/www.cretoikos.com\/wp-content\/uploads\/2018\/03\/certifications-olive-oil.gif\" alt=\"Certificaciones de aceite de oliva\" width=\"470\" height=\"88\" \/><\/p>\n<p><img loading=\"lazy\" decoding=\"async\" class=\"alignnone wp-image-3386 size-full\" src=\"https:\/\/www.cretoikos.com\/wp-content\/uploads\/2018\/03\/OliveOil-GDA.png\" alt=\"Aceite de Oliva GDA\" width=\"464\" height=\"86\" srcset=\"https:\/\/www.cretoikos.com\/wp-content\/uploads\/2018\/03\/OliveOil-GDA.png 464w, https:\/\/www.cretoikos.com\/wp-content\/uploads\/2018\/03\/OliveOil-GDA-300x56.png 300w, https:\/\/www.cretoikos.com\/wp-content\/uploads\/2018\/03\/OliveOil-GDA-450x83.png 450w\" sizes=\"auto, (max-width: 464px) 100vw, 464px\" \/><\/p>\n<p><strong>Aceite de Oliva Virgen Extra (AOVE) Sit\u00eda DOP<\/strong> es un superior <strong>Aceite de oliva virgen extra<\/strong> de <strong>Creta<\/strong>, abundante en antioxidantes y vitaminas. Se produce a partir de aceitunas cultivadas en la <strong>Sit\u00eda<\/strong> regi\u00f3n del este de Creta (<strong>LASITHI<\/strong> provincia), zona mundialmente reconocida por la producci\u00f3n de aceite de oliva de primera calidad. Con un discreto aroma a hierba y hierbas silvestres y un ligero sabor herb\u00e1ceo y picante muy equilibrado, este aceite de oliva virgen extra acompa\u00f1ar\u00e1 todos tus platos fritos, cocidos o al horno y aderezar\u00e1 tus ensaladas para realzar su sabor y darle un toque especial.<\/p>\n<p><strong>DOP<\/strong> significa que es un <strong>Destino de Origen Protegido<\/strong>, <strong>AOVE<\/strong> medio <strong>Aceite de oliva virgen extra<\/strong> (acidez muy baja \u2013 inferior a 0,8%), este producto tiene espec\u00edficamente una <strong>acidez de<\/strong> <strong>s\u00f3lo 0,3%<\/strong><\/p>\n<p>Nuestros productos de aceite de oliva son <strong>Certificado de LABORATORIO<\/strong>, puro, calidad premium <strong>Aceites de Oliva Virgen Extra<\/strong> AOVE, DOP (<strong>Destino de Origen Protegido<\/strong>) y <strong>Galardonado<\/strong> en varios <strong>Concursos Internacionales de Aceite de Oliva. COMPRA CON CONFIANZA\u2026<\/strong><\/p>\n<div class=\"wpb_text_column wpb_content_element wpb_animate_when_almost_visible wpb_fadeInDown fadeInDown vc_custom_1585559046315 wpb_start_animation animated\">\n<div class=\"wpb_wrapper\">\n<p>Compre solo aceites de oliva virgen extra puros y certificados por laboratorio, el AOVE es el mejor aceite de oliva comestible<\/p>\n<\/div>\n<\/div>\n<p>Pide tu aceite de oliva griego online y ahorra<\/p>\n<p class=\"translation-block\"><a href=\"https:\/\/www.cretoikos.com\/es\/gastos-de-entrega-y-envio\/\" target=\"_self\"><strong>Env\u00edo mundial<\/strong><\/a> : enviamos su pedido a <strong>todos los pa\u00edses<\/strong> del mundo.<\/p>\n<p>&nbsp;<\/p>\n<h2 style=\"font-size: 20px; text-align: center;\"><a href=\"\/es\/certificaciones-internacionales-de-aceite-de-oliva\/\"><strong>Certificaciones Internacionales de Calidad Alimentaria para nuestros<\/strong> Productos<\/a><\/h2>\n<p><a href=\"\/es\/certificaciones-internacionales-de-aceite-de-oliva\/\"><img loading=\"lazy\" decoding=\"async\" class=\"aligncenter wp-image-13475 size-full\" src=\"https:\/\/www.cretoikos.com\/wp-content\/uploads\/2017\/12\/Quality-Food-Certifications-Lab-Certified-Healthy-Mediterranean-Foods-w800.jpg\" alt=\"Certificaciones internacionales de calidad de alimentos: alimentos mediterr\u00e1neos saludables certificados por laboratorio\" width=\"800\" height=\"250\" srcset=\"https:\/\/www.cretoikos.com\/wp-content\/uploads\/2017\/12\/Quality-Food-Certifications-Lab-Certified-Healthy-Mediterranean-Foods-w800.jpg 800w, https:\/\/www.cretoikos.com\/wp-content\/uploads\/2017\/12\/Quality-Food-Certifications-Lab-Certified-Healthy-Mediterranean-Foods-w800-300x94.jpg 300w, https:\/\/www.cretoikos.com\/wp-content\/uploads\/2017\/12\/Quality-Food-Certifications-Lab-Certified-Healthy-Mediterranean-Foods-w800-768x240.jpg 768w, https:\/\/www.cretoikos.com\/wp-content\/uploads\/2017\/12\/Quality-Food-Certifications-Lab-Certified-Healthy-Mediterranean-Foods-w800-450x141.jpg 450w, https:\/\/www.cretoikos.com\/wp-content\/uploads\/2017\/12\/Quality-Food-Certifications-Lab-Certified-Healthy-Mediterranean-Foods-w800-780x244.jpg 780w\" sizes=\"auto, (max-width: 800px) 100vw, 800px\" \/><\/a><\/p>\n<h3 style=\"font-size: 20px; text-align: center;\"><a href=\"\/es\/certificaciones-internacionales-de-aceite-de-oliva\/\"><strong>Producto de aceite de oliva certificado KOSHER Food<\/strong><\/a><\/h3>\n<p>&nbsp;<\/p>\n<p><img loading=\"lazy\" decoding=\"async\" class=\"size-full wp-image-13454 aligncenter\" src=\"https:\/\/www.cretoikos.com\/wp-content\/uploads\/2020\/07\/kosher-foods-certification-2-w220.jpg\" alt=\"Aceite de Oliva Virgen Extra Alimentario KOSHER\" width=\"173\" height=\"220\" \/><\/p>\n<p>&nbsp;<\/p>\n<h3 style=\"font-size: 20px; text-align: center;\"><a href=\"\/es\/certificaciones-internacionales-de-aceite-de-oliva\/\"><strong>FDA (EE.UU.): producto de aceite de oliva certificado por la Administraci\u00f3n de Alimentos y Medicamentos<\/strong><\/a><\/h3>\n<p>&nbsp;<\/p>\n<p><img loading=\"lazy\" decoding=\"async\" class=\"size-full wp-image-13476 aligncenter\" src=\"https:\/\/www.cretoikos.com\/wp-content\/uploads\/2017\/12\/FDA-foods-certification-w220.jpg\" alt=\"Certificaci\u00f3n FDA de Alimentos y Medicamentos\" width=\"163\" height=\"220\" \/><\/p>\n<p>&nbsp;<\/p>","protected":false},"excerpt":{"rendered":"<p><strong>Aceite de Oliva Virgen Extra (AOVE) Sit\u00eda DOP<\/strong> \u2013 con un discreto aroma a hierba y hierbas silvestres y un ligero sabor herb\u00e1ceo y picante bien equilibrado, este aceite de oliva virgen extra acompa\u00f1ar\u00e1 todos tus platos fritos, cocidos o al horno y aderezar\u00e1 tus ensaladas para realzar su sabor y darle un toque especial.<\/p>\n<p><strong>\u00a1Aceite de Oliva Virgen Extra Griego de la isla de Creta!<\/strong><\/p>\n<p class=\"translation-block\"><a href=\"https:\/\/www.cretoikos.com\/es\/gastos-de-entrega-y-envio\/\" target=\"_self\"><strong>Env\u00edo mundial<\/strong><\/a> : enviamos su pedido a <strong>todos los pa\u00edses<\/strong> del mundo.<\/p>","protected":false},"featured_media":185,"template":"","meta":[],"product_brand":[],"product_cat":[23],"product_tag":[141,142,119,95,97,98,96,91,99,101,135,111,112,110,109],"class_list":{"0":"post-126","1":"product","2":"type-product","3":"status-publish","4":"has-post-thumbnail","6":"product_cat-olive-oil","7":"product_tag-3-extra-virgin-olive-oil","8":"product_tag-142","9":"product_tag-500ml","10":"product_tag-bottle","11":"product_tag-buy-olive-oil","12":"product_tag-buy-online","13":"product_tag-cretan-olive-oil","14":"product_tag-evoo","15":"product_tag-greek-olive-oil","16":"product_tag-olive-oil","17":"product_tag-pdo-olive-oil","18":"product_tag-pdo-sitia","19":"product_tag-pdo-sitia-olive-oil","20":"product_tag-sitia","21":"product_tag-sitia-olive-oil","23":"first","24":"instock","25":"taxable","26":"shipping-taxable","27":"purchasable","28":"product-type-simple"},"_links":{"self":[{"href":"https:\/\/www.cretoikos.com\/es\/wp-json\/wp\/v2\/product\/126","targetHints":{"allow":["GET"]}}],"collection":[{"href":"https:\/\/www.cretoikos.com\/es\/wp-json\/wp\/v2\/product"}],"about":[{"href":"https:\/\/www.cretoikos.com\/es\/wp-json\/wp\/v2\/types\/product"}],"wp:featuredmedia":[{"embeddable":true,"href":"https:\/\/www.cretoikos.com\/es\/wp-json\/wp\/v2\/media\/185"}],"wp:attachment":[{"href":"https:\/\/www.cretoikos.com\/es\/wp-json\/wp\/v2\/media?parent=126"}],"wp:term":[{"taxonomy":"product_brand","embeddable":true,"href":"https:\/\/www.cretoikos.com\/es\/wp-json\/wp\/v2\/product_brand?post=126"},{"taxonomy":"product_cat","embeddable":true,"href":"https:\/\/www.cretoikos.com\/es\/wp-json\/wp\/v2\/product_cat?post=126"},{"taxonomy":"product_tag","embeddable":true,"href":"https:\/\/www.cretoikos.com\/es\/wp-json\/wp\/v2\/product_tag?post=126"}],"curies":[{"name":"Gracias","href":"https:\/\/api.w.org\/{rel}","templated":true}]}}