{"id":494,"date":"2017-01-10T21:29:23","date_gmt":"2017-01-10T21:29:23","guid":{"rendered":"http:\/\/import.getbowtied.com\/shopkeeper-replica\/?page_id=494"},"modified":"2020-05-10T02:11:10","modified_gmt":"2020-05-09T23:11:10","slug":"perfil","status":"publish","type":"page","link":"https:\/\/www.cretoikos.com\/es\/profile\/","title":{"rendered":"Mylopotamos alimentos saludables y Cretoikos"},"content":{"rendered":"<div style=\"\"data-vc-full-width=\"true\" data-vc-full-width-init=\"false\" class=\"normal_height vc_row wpb_row vc_row-fluid wpb_animate_when_almost_visible wpb_fadeIn fadeIn vc_custom_1527075897511 vc_row-has-fill vc_row-o-content-bottom vc_row-flex\"><div class=\"wpb_column vc_column_container vc_col-sm-6\"><div class=\"vc_column-inner\"><div class=\"wpb_wrapper\"><\/div><\/div><\/div><div class=\"wpb_column vc_column_container vc_col-sm-6\"><div class=\"vc_column-inner\"><div class=\"wpb_wrapper\"><\/div><\/div><\/div><\/div><div class=\"vc_row-full-width vc_clearfix\"><\/div><div style=\"\"class=\"normal_height vc_row wpb_row vc_row-fluid\"><div class=\"wpb_column vc_column_container vc_col-sm-12\"><div class=\"vc_column-inner\"><div class=\"wpb_wrapper\">\n\t<div class=\"wpb_text_column wpb_content_element  wpb_animate_when_almost_visible wpb_fadeInDown fadeInDown\" >\n\t\t<div class=\"wpb_wrapper\">\n\t\t\t<h1>CRETOIKOS \u2013 Alimentos Saludables Mylopotamos<\/h1>\n\n\t\t<\/div>\n\t<\/div>\n\n\t<div class=\"wpb_text_column wpb_content_element  wpb_animate_when_almost_visible wpb_fadeInUp fadeInUp\" >\n\t\t<div class=\"wpb_wrapper\">\n\t\t\t<div class=\"introtext\">\n<p>Somos productores de Cretense Premium <strong><a href=\"https:\/\/www.cretoikos.com\/es\/categoria-de-producto\/aceite-de-oliva\/\">Aceite de oliva virgen extra<\/a><\/strong> (<a href=\"https:\/\/www.cretoikos.com\/es\/categoria-de-producto\/aceite-de-oliva\/\">AOVE<\/a>) &amp; <a href=\"https:\/\/www.cretoikos.com\/es\/tienda-online\/aceite-de-oliva\/extra-virgin-olive-oil-biological-cultivation-500ml\/\"><strong>AOVE ORG\u00c1NICO<\/strong><\/a> aceite de oliva en <strong><a href=\"https:\/\/www.google.com\/url?sa=t&amp;rct=j&amp;q=&amp;esrc=s&amp;source=web&amp;cd=35&amp;cad=rja&amp;uact=8&amp;ved=2ahUKEwiB3eTH8sToAhUZE8AKHRhXAlEQFjAiegQIBxAB&amp;url=https%3A%2F%2Fwww.incrediblecrete.gr%2F&amp;usg=AOvVaw3ShiZivy5G3SpihLn2lCVH\" target=\"_blank\" rel=\"noopener noreferrer\">isla de creta<\/a> <a href=\"http:\/\/www.visitgreece.gr\/en\" target=\"_blank\" rel=\"noopener noreferrer\">Grecia<\/a><\/strong>. Nuestro motivo es mostrar a los consumidores nuestro amor y respeto por la tierra y en especial por el olivo, su fruto m\u00e1s preciado, el <strong>aceite de oliva<\/strong> - el<strong> &quot;oro liquido&quot;<\/strong> como la llam\u00f3 Homero, el gran poeta de la Antig\u00fcedad.<\/p>\n<\/div>\n\n\t\t<\/div>\n\t<\/div>\n<\/div><\/div><\/div><\/div><div style=\"\"class=\"normal_height vc_row wpb_row vc_row-fluid\"><div class=\"wpb_column vc_column_container vc_col-sm-12\"><div class=\"vc_column-inner\"><div class=\"wpb_wrapper\">\n\t<div class=\"wpb_text_column wpb_content_element\" >\n\t\t<div class=\"wpb_wrapper\">\n\t\t\t<h4>La empresa Mylopotamos Health Foods fue fundada en 1999 por el Sr. Kostas Zacharakis, graduado de la Universidad de Econom\u00eda y Negocios de Atenas, dpto. de Ciencias Pol\u00edticas, originario de la zona de Mylopotamos.<\/h4>\n\n\t\t<\/div>\n\t<\/div>\n<\/div><\/div><\/div><\/div><div style=\"\"class=\"normal_height vc_row wpb_row vc_row-fluid wpb_animate_when_almost_visible wpb_fadeIn fadeIn vc_row-o-equal-height vc_row-o-content-bottom vc_row-flex\"><div class=\"wpb_column vc_column_container vc_col-sm-6\"><div class=\"vc_column-inner\"><div class=\"wpb_wrapper\">\n\t<div class=\"wpb_text_column wpb_content_element  wpb_animate_when_almost_visible wpb_fadeIn fadeIn extrabottompadding\" >\n\t\t<div class=\"wpb_wrapper\">\n\t\t\t<p style=\"text-align: right;\">Su sue\u00f1o era establecer su propia empresa que promover\u00e1 y har\u00e1 disponible en todo el mundo el preciado <strong><a href=\"https:\/\/www.cretoikos.com\/es\/tienda-online\/\">productos de creta<\/a><\/strong>. Entonces cre\u00f3 una innovadora unidad de aceite de oliva en Angeliana, un pueblo tradicional cretense en el \u00e1rea de Mylopotamos, en la prefectura de Rethymno.<\/p>\n<p style=\"text-align: right;\">El tama\u00f1o de la f\u00e1brica es de 2.000 m2 y la capacidad de producci\u00f3n de 2.000 botellas por hora.<\/p>\n<p style=\"text-align: right;\">Nuestro motivo es mostrar a los consumidores nuestro amor y respeto por la tierra y en especial por el olivo, su fruto m\u00e1s preciado, el <strong><a href=\"https:\/\/www.cretoikos.com\/es\/categoria-de-producto\/aceite-de-oliva\/\">aceite de oliva<\/a><\/strong> - el &quot;<strong>oro liquido<\/strong>\u201dcomo la llam\u00f3 Homero, el gran poeta de la Antig\u00fcedad. Adem\u00e1s, gracias a nuestra larga experiencia, ocupamos una posici\u00f3n importante en el mercado del aceite de oliva y en el mercado de productos agr\u00edcolas en general, tanto en Grecia como en el extranjero.<\/p>\n\n\t\t<\/div>\n\t<\/div>\n<\/div><\/div><\/div><div class=\"wpb_column vc_column_container vc_col-sm-6\"><div class=\"vc_column-inner\"><div class=\"wpb_wrapper\">\n\t<div  class=\"wpb_single_image wpb_content_element vc_align_left  wpb_animate_when_almost_visible wpb_fadeIn fadeIn\">\n\t\t\n\t\t<figure class=\"wpb_wrapper vc_figure\">\n\t\t\t<div class=\"vc_single_image-wrapper   vc_box_border_grey\"><img loading=\"lazy\" decoding=\"async\" width=\"521\" height=\"350\" src=\"https:\/\/www.cretoikos.com\/wp-content\/uploads\/2018\/05\/cretoikos-profile-01.jpg\" class=\"vc_single_image-img attachment-full\" alt=\"\" srcset=\"https:\/\/www.cretoikos.com\/wp-content\/uploads\/2018\/05\/cretoikos-profile-01.jpg 521w, https:\/\/www.cretoikos.com\/wp-content\/uploads\/2018\/05\/cretoikos-profile-01-300x202.jpg 300w, https:\/\/www.cretoikos.com\/wp-content\/uploads\/2018\/05\/cretoikos-profile-01-450x302.jpg 450w\" sizes=\"auto, (max-width: 521px) 100vw, 521px\" \/><\/div>\n\t\t<\/figure>\n\t<\/div>\n<\/div><\/div><\/div><\/div><div style=\"\"class=\"normal_height vc_row wpb_row vc_row-fluid vc_row-o-equal-height vc_row-o-content-bottom vc_row-flex\"><div class=\"wpb_column vc_column_container vc_col-sm-6\"><div class=\"vc_column-inner\"><div class=\"wpb_wrapper\">\n\t<div  class=\"wpb_single_image wpb_content_element vc_align_right  wpb_animate_when_almost_visible wpb_fadeIn fadeIn\">\n\t\t\n\t\t<figure class=\"wpb_wrapper vc_figure\">\n\t\t\t<div class=\"vc_single_image-wrapper   vc_box_border_grey\"><img loading=\"lazy\" decoding=\"async\" width=\"521\" height=\"350\" src=\"https:\/\/www.cretoikos.com\/wp-content\/uploads\/2018\/05\/cretoikos-profile-02.jpg\" class=\"vc_single_image-img attachment-full\" alt=\"\" srcset=\"https:\/\/www.cretoikos.com\/wp-content\/uploads\/2018\/05\/cretoikos-profile-02.jpg 521w, https:\/\/www.cretoikos.com\/wp-content\/uploads\/2018\/05\/cretoikos-profile-02-300x202.jpg 300w, https:\/\/www.cretoikos.com\/wp-content\/uploads\/2018\/05\/cretoikos-profile-02-450x302.jpg 450w\" sizes=\"auto, (max-width: 521px) 100vw, 521px\" \/><\/div>\n\t\t<\/figure>\n\t<\/div>\n<\/div><\/div><\/div><div class=\"wpb_column vc_column_container vc_col-sm-6\"><div class=\"vc_column-inner\"><div class=\"wpb_wrapper\">\n\t<div class=\"wpb_text_column wpb_content_element  wpb_animate_when_almost_visible wpb_fadeIn fadeIn extrabottompadding\" >\n\t\t<div class=\"wpb_wrapper\">\n\t\t\t<p>Contamos con clientes de todo el mundo que conf\u00edan en nosotros, como por ejemplo las empresas Chirag en Par\u00eds, Xiamen en China, Odysea en Londres, etc.<\/p>\n<p><strong><a href=\"https:\/\/www.cretoikos.com\/es\/tienda-online\/\">Productos tradicionales de Creta<\/a><\/strong><\/p>\n<p>Alimentos saludables Mylopotamos y Cretoikos<\/p>\n<p>Estamos orgullosos de presentar nuestra empresa \u201c<a href=\"https:\/\/www.mylopotamos-health-foods.gr\/\" target=\"_blank\" rel=\"noopener noreferrer\"><strong>Alimentos saludables de Mylopotamos<\/strong><\/a>\u201d, a trav\u00e9s de nuestro reci\u00e9n creado<a href=\"https:\/\/www.cretoikos.com\/es\/tienda-online\/\"><strong> tienda electr\u00f3nica<\/strong><\/a> llamado &quot;<a href=\"https:\/\/www.cretoikos.com\/es\/\"><strong>Cretikos<\/strong><\/a>\u201d, con el fin de ofrecerles la<a href=\"https:\/\/www.cretoikos.com\/es\/categoria-de-producto\/aceite-de-oliva\/\"> aceite de oliva virgen extra<\/a> de nuestro pa\u00eds de origen, as\u00ed como sus derivados, como <a href=\"https:\/\/www.cretoikos.com\/es\/categoria-de-producto\/aceite-de-oliva\/\"><strong>Aceite de oliva virgen extra<\/strong><\/a>, <strong><a href=\"https:\/\/www.cretoikos.com\/es\/tienda-online\/aceite-de-oliva\/extra-virgin-olive-oil-biological-cultivation-500ml\/\">Aceite de oliva Virgen Extra Biol\u00f3gico<\/a><\/strong>, <a href=\"https:\/\/www.cretoikos.com\/es\/categoria-de-producto\/aceite-de-oliva-con-hierbas-cretenses\/\"><strong>Aceite de oliva virgen extra perfumado con lim\u00f3n\/naranja y varias hierbas cretenses.<\/strong><\/a>, como or\u00e9gano, tomillo, romero, ajo, chile, <strong><a href=\"https:\/\/www.cretoikos.com\/es\/categoria-de-producto\/olives\/\">Aceitunas<\/a>,<\/strong> <strong><a href=\"https:\/\/www.cretoikos.com\/es\/categoria-de-producto\/olives\/\">Aceitunas con sabor a hierbas<\/a><\/strong>, etc.<\/p>\n\n\t\t<\/div>\n\t<\/div>\n<\/div><\/div><\/div><\/div><div style=\"\"class=\"normal_height vc_row wpb_row vc_row-fluid vc_row-o-equal-height vc_row-o-content-bottom vc_row-flex\"><div class=\"wpb_column vc_column_container vc_col-sm-6\"><div class=\"vc_column-inner\"><div class=\"wpb_wrapper\">\n\t<div class=\"wpb_text_column wpb_content_element  wpb_animate_when_almost_visible wpb_fadeIn fadeIn extrabottompadding\" >\n\t\t<div class=\"wpb_wrapper\">\n\t\t\t<p style=\"text-align: right;\">Los largos periodos de sol, las pocas precipitaciones, la humedad y la sal marina, generan el clima ideal para producir la mejor variedad de <strong>aceite de oliva<\/strong> en el \u00e1rea mediterr\u00e1nea, producido por <strong>Koroneiki<\/strong> Olivos.<\/p>\n<p style=\"text-align: right;\">Estas particularidades animaron a la Uni\u00f3n Europea, a trav\u00e9s del Reglamento 2092\/91, a reconocer el gran valor de la variedad y a caracterizarla como aceite de oliva de <a href=\"http:\/\/www.minagric.gr\/index.php\/en\/farmer-menu-2\/pdo-pgi-tsgproducts-menu\" target=\"_blank\" rel=\"noopener noreferrer\"><strong>Denominacion de Origen Protegida<\/strong> (DOP)<\/a>, para distinguir este <strong><a href=\"https:\/\/www.cretoikos.com\/es\/categoria-de-producto\/aceite-de-oliva\/\">aceite de oliva<\/a><\/strong> de los dem\u00e1s de la misma variedad.<\/p>\n\n\t\t<\/div>\n\t<\/div>\n<\/div><\/div><\/div><div class=\"wpb_column vc_column_container vc_col-sm-6\"><div class=\"vc_column-inner\"><div class=\"wpb_wrapper\">\n\t<div  class=\"wpb_single_image wpb_content_element vc_align_left  wpb_animate_when_almost_visible wpb_fadeIn fadeIn\">\n\t\t\n\t\t<figure class=\"wpb_wrapper vc_figure\">\n\t\t\t<div class=\"vc_single_image-wrapper   vc_box_border_grey\"><img loading=\"lazy\" decoding=\"async\" width=\"521\" height=\"350\" src=\"https:\/\/www.cretoikos.com\/wp-content\/uploads\/2018\/05\/cretoikos-profile-03.jpg\" class=\"vc_single_image-img attachment-full\" alt=\"\" srcset=\"https:\/\/www.cretoikos.com\/wp-content\/uploads\/2018\/05\/cretoikos-profile-03.jpg 521w, https:\/\/www.cretoikos.com\/wp-content\/uploads\/2018\/05\/cretoikos-profile-03-300x202.jpg 300w, https:\/\/www.cretoikos.com\/wp-content\/uploads\/2018\/05\/cretoikos-profile-03-450x302.jpg 450w\" sizes=\"auto, (max-width: 521px) 100vw, 521px\" \/><\/div>\n\t\t<\/figure>\n\t<\/div>\n<\/div><\/div><\/div><\/div><div style=\"\"class=\"normal_height vc_row wpb_row vc_row-fluid vc_row-o-equal-height vc_row-o-content-bottom vc_row-flex\"><div class=\"wpb_column vc_column_container vc_col-sm-6\"><div class=\"vc_column-inner\"><div class=\"wpb_wrapper\">\n\t<div  class=\"wpb_single_image wpb_content_element vc_align_right  wpb_animate_when_almost_visible wpb_fadeIn fadeIn\">\n\t\t\n\t\t<figure class=\"wpb_wrapper vc_figure\">\n\t\t\t<div class=\"vc_single_image-wrapper   vc_box_border_grey\"><img loading=\"lazy\" decoding=\"async\" width=\"521\" height=\"350\" src=\"https:\/\/www.cretoikos.com\/wp-content\/uploads\/2018\/05\/cretoikos-profile-04.jpg\" class=\"vc_single_image-img attachment-full\" alt=\"\" srcset=\"https:\/\/www.cretoikos.com\/wp-content\/uploads\/2018\/05\/cretoikos-profile-04.jpg 521w, https:\/\/www.cretoikos.com\/wp-content\/uploads\/2018\/05\/cretoikos-profile-04-300x202.jpg 300w, https:\/\/www.cretoikos.com\/wp-content\/uploads\/2018\/05\/cretoikos-profile-04-450x302.jpg 450w\" sizes=\"auto, (max-width: 521px) 100vw, 521px\" \/><\/div>\n\t\t<\/figure>\n\t<\/div>\n<\/div><\/div><\/div><div class=\"wpb_column vc_column_container vc_col-sm-6\"><div class=\"vc_column-inner\"><div class=\"wpb_wrapper\">\n\t<div class=\"wpb_text_column wpb_content_element  wpb_animate_when_almost_visible wpb_fadeIn fadeIn extrabottompadding\" >\n\t\t<div class=\"wpb_wrapper\">\n\t\t\t<h4>Nuestra instalaci\u00f3n incluye<\/h4>\n<ul>\n<li>L\u00ednea de transferencia automatizada para estandarizados <strong><a href=\"https:\/\/www.cretoikos.com\/es\/categoria-de-producto\/aceite-de-oliva\/\">aceite de oliva<\/a><\/strong> que cumple con los m\u00e1s altos requisitos. La unidad est\u00e1 fabricada en Italia y tiene una l\u00ednea de embotellado de 100 ml a 5 litros.<\/li>\n<li>Instalaciones de almacenamiento modernas, aisladas y con temperatura controlada.<\/li>\n<li>Tanques de almacenamiento y contenedores mar\u00edtimos de acero inoxidable.<\/li>\n<li>Equipamiento tecnol\u00f3gico de la m\u00e1s avanzada tecnolog\u00eda.<\/li>\n<\/ul>\n\n\t\t<\/div>\n\t<\/div>\n<\/div><\/div><\/div><\/div><div style=\"\"class=\"normal_height vc_row wpb_row vc_row-fluid\"><div class=\"wpb_column vc_column_container vc_col-sm-12\"><div class=\"vc_column-inner\"><div class=\"wpb_wrapper\">\n\t<div  class=\"wpb_single_image wpb_content_element vc_align_center  wpb_animate_when_almost_visible wpb_fadeInUp fadeInUp\">\n\t\t<h2 class=\"wpb_heading wpb_singleimage_heading\">Compre solo aceites de oliva AOVE (virgen extra) puros y certificados por laboratorio<\/h2>\n\t\t<figure class=\"wpb_wrapper vc_figure\">\n\t\t\t<div class=\"vc_single_image-wrapper   vc_box_border_grey\"><img loading=\"lazy\" decoding=\"async\" width=\"727\" height=\"136\" src=\"https:\/\/www.cretoikos.com\/wp-content\/uploads\/2018\/05\/cretoikos-profile-certs.jpg\" class=\"vc_single_image-img attachment-full\" alt=\"Certificaci\u00f3n bioalimentaria para nuestros aceites de oliva.\" srcset=\"https:\/\/www.cretoikos.com\/wp-content\/uploads\/2018\/05\/cretoikos-profile-certs.jpg 727w, https:\/\/www.cretoikos.com\/wp-content\/uploads\/2018\/05\/cretoikos-profile-certs-300x56.jpg 300w, https:\/\/www.cretoikos.com\/wp-content\/uploads\/2018\/05\/cretoikos-profile-certs-450x84.jpg 450w\" sizes=\"auto, (max-width: 727px) 100vw, 727px\" \/><\/div>\n\t\t<\/figure>\n\t<\/div>\n\n\t<div  class=\"wpb_single_image wpb_content_element vc_align_center  wpb_animate_when_almost_visible wpb_fadeInDown fadeInDown\">\n\t\t\n\t\t<figure class=\"wpb_wrapper vc_figure\">\n\t\t\t<div class=\"vc_single_image-wrapper   vc_box_border_grey\"><img loading=\"lazy\" decoding=\"async\" width=\"1101\" height=\"233\" src=\"https:\/\/www.cretoikos.com\/wp-content\/uploads\/2018\/05\/cretoikos-profile-banner-award.png\" class=\"vc_single_image-img attachment-full\" alt=\"Nuestro aceite de oliva virgen extra obtuvo el segundo premio del Premio a la Calidad Mario Solinas en la categor\u00eda de Frutado Medio en Madrid, en 2005 y el segundo premio en el World Food de Mosc\u00fa, en 2008.\" srcset=\"https:\/\/www.cretoikos.com\/wp-content\/uploads\/2018\/05\/cretoikos-profile-banner-award.png 1101w, https:\/\/www.cretoikos.com\/wp-content\/uploads\/2018\/05\/cretoikos-profile-banner-award-300x63.png 300w, https:\/\/www.cretoikos.com\/wp-content\/uploads\/2018\/05\/cretoikos-profile-banner-award-768x163.png 768w, https:\/\/www.cretoikos.com\/wp-content\/uploads\/2018\/05\/cretoikos-profile-banner-award-1024x217.png 1024w, https:\/\/www.cretoikos.com\/wp-content\/uploads\/2018\/05\/cretoikos-profile-banner-award-450x95.png 450w, https:\/\/www.cretoikos.com\/wp-content\/uploads\/2018\/05\/cretoikos-profile-banner-award-780x165.png 780w\" sizes=\"auto, (max-width: 1101px) 100vw, 1101px\" \/><\/div>\n\t\t<\/figure>\n\t<\/div>\n<\/div><\/div><\/div><\/div><div style=\"\"data-vc-full-width=\"true\" data-vc-full-width-init=\"false\" data-vc-stretch-content=\"true\" class=\"normal_height vc_row wpb_row vc_row-fluid vc_custom_1538036149395 vc_column-gap-35 vc_row-o-equal-height vc_row-o-content-middle vc_row-flex\"><div class=\"wpb_column vc_column_container vc_col-sm-4\"><div class=\"vc_column-inner\"><div class=\"wpb_wrapper\">\n\t<div  class=\"wpb_single_image wpb_content_element vc_align_center\">\n\t\t\n\t\t<figure class=\"wpb_wrapper vc_figure\">\n\t\t\t<div class=\"vc_single_image-wrapper   vc_box_border_grey\"><img loading=\"lazy\" decoding=\"async\" width=\"931\" height=\"1087\" src=\"https:\/\/www.cretoikos.com\/wp-content\/uploads\/2018\/02\/03.jpg\" class=\"vc_single_image-img attachment-full\" alt=\"\" srcset=\"https:\/\/www.cretoikos.com\/wp-content\/uploads\/2018\/02\/03.jpg 931w, https:\/\/www.cretoikos.com\/wp-content\/uploads\/2018\/02\/03-257x300.jpg 257w, https:\/\/www.cretoikos.com\/wp-content\/uploads\/2018\/02\/03-768x897.jpg 768w, https:\/\/www.cretoikos.com\/wp-content\/uploads\/2018\/02\/03-877x1024.jpg 877w, https:\/\/www.cretoikos.com\/wp-content\/uploads\/2018\/02\/03-450x525.jpg 450w, https:\/\/www.cretoikos.com\/wp-content\/uploads\/2018\/02\/03-780x911.jpg 780w\" sizes=\"auto, (max-width: 931px) 100vw, 931px\" \/><\/div>\n\t\t<\/figure>\n\t<\/div>\n<\/div><\/div><\/div><div class=\"wpb_column vc_column_container vc_col-sm-4\"><div class=\"vc_column-inner\"><div class=\"wpb_wrapper\">\n\t<div  class=\"wpb_single_image wpb_content_element vc_align_center\">\n\t\t\n\t\t<figure class=\"wpb_wrapper vc_figure\">\n\t\t\t<div class=\"vc_single_image-wrapper   vc_box_border_grey\"><img loading=\"lazy\" decoding=\"async\" width=\"931\" height=\"1087\" src=\"https:\/\/www.cretoikos.com\/wp-content\/uploads\/2018\/02\/01.jpg\" class=\"vc_single_image-img attachment-full\" alt=\"\" srcset=\"https:\/\/www.cretoikos.com\/wp-content\/uploads\/2018\/02\/01.jpg 931w, https:\/\/www.cretoikos.com\/wp-content\/uploads\/2018\/02\/01-257x300.jpg 257w, https:\/\/www.cretoikos.com\/wp-content\/uploads\/2018\/02\/01-768x897.jpg 768w, https:\/\/www.cretoikos.com\/wp-content\/uploads\/2018\/02\/01-877x1024.jpg 877w, https:\/\/www.cretoikos.com\/wp-content\/uploads\/2018\/02\/01-450x525.jpg 450w, https:\/\/www.cretoikos.com\/wp-content\/uploads\/2018\/02\/01-780x911.jpg 780w\" sizes=\"auto, (max-width: 931px) 100vw, 931px\" \/><\/div>\n\t\t<\/figure>\n\t<\/div>\n<\/div><\/div><\/div><div class=\"wpb_column vc_column_container vc_col-sm-4\"><div class=\"vc_column-inner\"><div class=\"wpb_wrapper\">\n\t<div  class=\"wpb_single_image wpb_content_element vc_align_center\">\n\t\t\n\t\t<figure class=\"wpb_wrapper vc_figure\">\n\t\t\t<div class=\"vc_single_image-wrapper   vc_box_border_grey\"><img loading=\"lazy\" decoding=\"async\" width=\"931\" height=\"1087\" src=\"https:\/\/www.cretoikos.com\/wp-content\/uploads\/2018\/02\/02.jpg\" class=\"vc_single_image-img attachment-full\" alt=\"\" srcset=\"https:\/\/www.cretoikos.com\/wp-content\/uploads\/2018\/02\/02.jpg 931w, https:\/\/www.cretoikos.com\/wp-content\/uploads\/2018\/02\/02-257x300.jpg 257w, https:\/\/www.cretoikos.com\/wp-content\/uploads\/2018\/02\/02-768x897.jpg 768w, https:\/\/www.cretoikos.com\/wp-content\/uploads\/2018\/02\/02-877x1024.jpg 877w, https:\/\/www.cretoikos.com\/wp-content\/uploads\/2018\/02\/02-450x525.jpg 450w, https:\/\/www.cretoikos.com\/wp-content\/uploads\/2018\/02\/02-780x911.jpg 780w\" sizes=\"auto, (max-width: 931px) 100vw, 931px\" \/><\/div>\n\t\t<\/figure>\n\t<\/div>\n<\/div><\/div><\/div><\/div><div class=\"vc_row-full-width vc_clearfix\"><\/div><div style=\"\"class=\"normal_height vc_row wpb_row vc_row-fluid vc_custom_1589060457749 vc_row-has-fill\"><div class=\"wpb_column vc_column_container vc_col-sm-1\/5\"><div class=\"vc_column-inner\"><div class=\"wpb_wrapper\">\n\t<div  class=\"wpb_single_image wpb_content_element vc_align_right\">\n\t\t\n\t\t<figure class=\"wpb_wrapper vc_figure\">\n\t\t\t<div class=\"vc_single_image-wrapper   vc_box_border_grey\"><img loading=\"lazy\" decoding=\"async\" width=\"275\" height=\"183\" src=\"https:\/\/www.cretoikos.com\/wp-content\/uploads\/2020\/05\/order-shipping-eshop-buy-online-4.jpg\" class=\"vc_single_image-img attachment-full\" alt=\"\u00a1Enviamos su pedido a todo el mundo!\" \/><\/div>\n\t\t<\/figure>\n\t<\/div>\n<\/div><\/div><\/div><div class=\"wpb_column vc_column_container vc_col-sm-3\/5\"><div class=\"vc_column-inner\"><div class=\"wpb_wrapper\">\n\t<div class=\"wpb_text_column wpb_content_element\" >\n\t\t<div class=\"wpb_wrapper\">\n\t\t\t<p style=\"text-align: center; font-size: 20px;\" class=\"translation-block\"><a href=\"https:\/\/www.cretoikos.com\/es\/gastos-de-entrega-y-envio\/\" target=\"_self\"><strong>Env\u00edo mundial<\/strong><\/a> : enviamos su pedido a <strong>todos los pa\u00edses<\/strong> del mundo.<\/p>\n<p style=\"text-align: center; font-size: 22px;\"><strong>env\u00edo r\u00e1pido <\/strong>- en l\u00ednea <strong>seguimiento del paquete<\/strong> disponible<br \/>\ntiempo real <a href=\"https:\/\/www.cretoikos.com\/es\/rastreo-de-orden\/\"><strong>Pista y Corre<\/strong><\/a> de tu pedido de aceite de oliva<\/p>\n\n\t\t<\/div>\n\t<\/div>\n<\/div><\/div><\/div><div class=\"wpb_column vc_column_container vc_col-sm-1\/5\"><div class=\"vc_column-inner\"><div class=\"wpb_wrapper\">\n\t<div  class=\"wpb_single_image wpb_content_element vc_align_left\">\n\t\t\n\t\t<figure class=\"wpb_wrapper vc_figure\">\n\t\t\t<div class=\"vc_single_image-wrapper   vc_box_border_grey\"><img loading=\"lazy\" decoding=\"async\" width=\"325\" height=\"215\" src=\"https:\/\/www.cretoikos.com\/wp-content\/uploads\/2020\/05\/order-shipping-eshop-buy-online.jpg\" class=\"vc_single_image-img attachment-full\" alt=\"\u00a1Enviamos su pedido a todo el mundo!\" srcset=\"https:\/\/www.cretoikos.com\/wp-content\/uploads\/2020\/05\/order-shipping-eshop-buy-online.jpg 325w, https:\/\/www.cretoikos.com\/wp-content\/uploads\/2020\/05\/order-shipping-eshop-buy-online-300x198.jpg 300w\" sizes=\"auto, (max-width: 325px) 100vw, 325px\" \/><\/div>\n\t\t<\/figure>\n\t<\/div>\n<\/div><\/div><\/div><\/div><div style=\"\"class=\"adjust_cols_height vc_row wpb_row vc_row-fluid vc_row-o-equal-height vc_row-flex\"><div class=\"wpb_column vc_column_container vc_col-sm-12\"><div class=\"vc_column-inner\"><div class=\"wpb_wrapper\"><section class=\"vc_cta3-container\"><div class=\"vc_general vc_cta3 vc_cta3-style-classic vc_cta3-shape-rounded vc_cta3-align-center vc_cta3-color-green vc_cta3-icon-size-md vc_cta3-actions-bottom\"><div class=\"vc_cta3_content-container\"><div class=\"vc_cta3-content\"><header class=\"vc_cta3-content-header\"><h2>Aceite de Oliva Virgen Extra (AOVE) - Aceitunas - Miel - Jabones<\/h2><\/header><h2 style=\"text-align: center;\"><a href=\"https:\/\/www.cretoikos.com\/es\/tienda-online\/\">Comprar AOVE Aceite de Oliva Online \u2013 Nuestra eShop<\/a><\/h2>\n<h2><a href=\"https:\/\/www.cretoikos.com\/es\/tienda-online\/\"><img loading=\"lazy\" decoding=\"async\" class=\"aligncenter wp-image-3971 size-full\" src=\"https:\/\/www.cretoikos.com\/wp-content\/uploads\/2018\/10\/homepage_all_products_family_photo.jpg\" alt=\"Nuestros productos de aceite de oliva AOVE\" width=\"1903\" height=\"452\" srcset=\"https:\/\/www.cretoikos.com\/wp-content\/uploads\/2018\/10\/homepage_all_products_family_photo.jpg 1903w, https:\/\/www.cretoikos.com\/wp-content\/uploads\/2018\/10\/homepage_all_products_family_photo-300x71.jpg 300w, https:\/\/www.cretoikos.com\/wp-content\/uploads\/2018\/10\/homepage_all_products_family_photo-768x182.jpg 768w, https:\/\/www.cretoikos.com\/wp-content\/uploads\/2018\/10\/homepage_all_products_family_photo-1024x243.jpg 1024w, https:\/\/www.cretoikos.com\/wp-content\/uploads\/2018\/10\/homepage_all_products_family_photo-450x107.jpg 450w, https:\/\/www.cretoikos.com\/wp-content\/uploads\/2018\/10\/homepage_all_products_family_photo-780x185.jpg 780w\" sizes=\"auto, (max-width: 1903px) 100vw, 1903px\" \/><\/a><\/h2>\n<p>&nbsp;<\/p>\n<p><a href=\"https:\/\/www.cretoikos.com\/es\/tienda-online\/\"><img loading=\"lazy\" decoding=\"async\" class=\"size-full wp-image-3915 aligncenter\" src=\"https:\/\/www.cretoikos.com\/wp-content\/uploads\/2018\/10\/cards-new-small.png\" alt=\"Comprar aceite de oliva virgen extra de Creta online\" width=\"233\" height=\"117\" \/><\/a><\/p>\n<\/div><div class=\"vc_cta3-actions\"><div class=\"vc_btn3-container  wpb_animate_when_almost_visible wpb_zoomIn zoomIn vc_btn3-center\" ><a class=\"vc_general vc_btn3 vc_btn3-size-lg vc_btn3-shape-rounded vc_btn3-style-modern vc_btn3-color-green\" href=\"https:\/\/www.cretoikos.com\/es\/tienda-online\/\" title=\"Haga su pedido en l\u00ednea - Tienda electr\u00f3nica\">Compre aceite de oliva online - Visite nuestra tienda electr\u00f3nica<\/a><\/div><\/div><\/div><\/div><\/section><\/div><\/div><\/div><\/div>","protected":false},"excerpt":{"rendered":"CRETOIKOS - Mylopotamos Health Foods We are producers of Premium Cretan Extra Virgin Olive Oil (EVOO) &amp; ORGANIC EVOO Olive Oil in Crete island Greece. Our motive is to show the consumers our love and respect to the soil and especially the olive tree, its most precious fruit, the olive oil - the \u201cliquid gold\u201d [...]","protected":false},"author":1,"featured_media":0,"parent":0,"menu_order":0,"comment_status":"closed","ping_status":"closed","template":"page-boxed.php","meta":{"footnotes":""},"class_list":["post-494","page","type-page","status-publish","hentry"],"_links":{"self":[{"href":"https:\/\/www.cretoikos.com\/es\/wp-json\/wp\/v2\/pages\/494","targetHints":{"allow":["GET"]}}],"collection":[{"href":"https:\/\/www.cretoikos.com\/es\/wp-json\/wp\/v2\/pages"}],"about":[{"href":"https:\/\/www.cretoikos.com\/es\/wp-json\/wp\/v2\/types\/page"}],"author":[{"embeddable":true,"href":"https:\/\/www.cretoikos.com\/es\/wp-json\/wp\/v2\/users\/1"}],"replies":[{"embeddable":true,"href":"https:\/\/www.cretoikos.com\/es\/wp-json\/wp\/v2\/comments?post=494"}],"version-history":[{"count":0,"href":"https:\/\/www.cretoikos.com\/es\/wp-json\/wp\/v2\/pages\/494\/revisions"}],"wp:attachment":[{"href":"https:\/\/www.cretoikos.com\/es\/wp-json\/wp\/v2\/media?parent=494"}],"curies":[{"name":"Gracias","href":"https:\/\/api.w.org\/{rel}","templated":true}]}}