{"id":2957,"date":"2018-02-02T09:15:38","date_gmt":"2018-02-02T07:15:38","guid":{"rendered":"https:\/\/www.cretoikos.com\/?post_type=product&#038;p=2957"},"modified":"2026-03-03T09:35:26","modified_gmt":"2026-03-03T07:35:26","slug":"thymianhonig-250-ml","status":"publish","type":"product","link":"https:\/\/www.cretoikos.com\/de\/eshop\/honey\/thyme-honey-250-ml\/","title":{"rendered":"Thymianhonig 250gr \u2013 Reiner kretischer Honig \u2013 Kreta Griechenland"},"content":{"rendered":"<p><img loading=\"lazy\" decoding=\"async\" class=\"alignnone wp-image-3390 size-full\" src=\"https:\/\/www.cretoikos.com\/wp-content\/uploads\/2018\/03\/certifications-olive-oil.gif\" alt=\"Zertifizierungen f\u00fcr Oliven\u00f6l\" width=\"470\" height=\"88\" \/><\/p>\n<p><img loading=\"lazy\" decoding=\"async\" class=\"alignnone size-full wp-image-3387\" src=\"https:\/\/www.cretoikos.com\/wp-content\/uploads\/2018\/03\/Honey-GDA.png\" alt=\"Schatz GDA\" width=\"464\" height=\"86\" srcset=\"https:\/\/www.cretoikos.com\/wp-content\/uploads\/2018\/03\/Honey-GDA.png 464w, https:\/\/www.cretoikos.com\/wp-content\/uploads\/2018\/03\/Honey-GDA-300x56.png 300w, https:\/\/www.cretoikos.com\/wp-content\/uploads\/2018\/03\/Honey-GDA-450x83.png 450w\" sizes=\"auto, (max-width: 464px) 100vw, 464px\" \/><\/p>\n<p><strong>Kretischer Thymianhonig 250gr<\/strong> \u2013 Wie der Name schon sagt, ist Thymianhonig mit Thymian aromatisiert. Wir alle kennen den Thymian wegen seiner kulinarischen, medizinischen und dekorativen Verwendung. Am besten kultiviert man Thymian an einem hei\u00dfen, sonnigen Standort mit gut durchl\u00e4ssigem Boden. Sie wird in der Regel im Fr\u00fchjahr gepflanzt und w\u00e4chst danach als mehrj\u00e4hrige Pflanze. Die Vermehrung erfolgt durch Samen, Stecklinge oder durch Teilen von Wurzelteilen der Pflanze. Es vertr\u00e4gt Trockenheit gut. Die Thymianpflanzen vertragen tiefen Frost und wachsen im Berghochland. Ein reiner Thymianhonig in Premiumqualit\u00e4t, hergestellt auf der Insel Kreta von CRETOIKOS Healthy Foods \u2013 Kreta, Griechenland<\/p>\n<p class=\"translation-block\"><a href=\"https:\/\/www.cretoikos.com\/de\/liefer-und-versandkosten\/\" target=\"_self\"><strong>Weltweiter Versand<\/strong><\/a> \u2013 wir versenden Ihre Bestellung in <strong>alle L\u00e4nder<\/strong> , weltweit!<\/p>\n<h2 style=\"font-size: 20px; text-align: center;\"><a href=\"\/de\/internationale-olivenol-zertifizierungen\/\"><strong>Internationale Qualit\u00e4tszertifizierungen f\u00fcr Lebensmittel f\u00fcr unsere<\/strong> Produkte<\/a><\/h2>\n<p><a href=\"\/de\/internationale-olivenol-zertifizierungen\/\"><img loading=\"lazy\" decoding=\"async\" class=\"aligncenter wp-image-13475 size-full\" src=\"https:\/\/www.cretoikos.com\/wp-content\/uploads\/2017\/12\/Quality-Food-Certifications-Lab-Certified-Healthy-Mediterranean-Foods-w800.jpg\" alt=\"Internationale Qualit\u00e4tszertifizierungen f\u00fcr Lebensmittel \u2013 Laborzertifizierte gesunde mediterrane Lebensmittel\" width=\"800\" height=\"250\" srcset=\"https:\/\/www.cretoikos.com\/wp-content\/uploads\/2017\/12\/Quality-Food-Certifications-Lab-Certified-Healthy-Mediterranean-Foods-w800.jpg 800w, https:\/\/www.cretoikos.com\/wp-content\/uploads\/2017\/12\/Quality-Food-Certifications-Lab-Certified-Healthy-Mediterranean-Foods-w800-300x94.jpg 300w, https:\/\/www.cretoikos.com\/wp-content\/uploads\/2017\/12\/Quality-Food-Certifications-Lab-Certified-Healthy-Mediterranean-Foods-w800-768x240.jpg 768w, https:\/\/www.cretoikos.com\/wp-content\/uploads\/2017\/12\/Quality-Food-Certifications-Lab-Certified-Healthy-Mediterranean-Foods-w800-450x141.jpg 450w, https:\/\/www.cretoikos.com\/wp-content\/uploads\/2017\/12\/Quality-Food-Certifications-Lab-Certified-Healthy-Mediterranean-Foods-w800-780x244.jpg 780w\" sizes=\"auto, (max-width: 800px) 100vw, 800px\" \/><\/a><\/p>\n<h3 style=\"font-size: 20px; text-align: center;\"><a href=\"\/de\/internationale-olivenol-zertifizierungen\/\"><strong>KOSHER Food-zertifiziertes Produkt<\/strong><\/a><\/h3>\n<p><img loading=\"lazy\" decoding=\"async\" class=\"size-full wp-image-13454 aligncenter\" src=\"https:\/\/www.cretoikos.com\/wp-content\/uploads\/2020\/07\/kosher-foods-certification-2-w220.jpg\" alt=\"KOSHER Food Extra Natives Oliven\u00f6l\" width=\"173\" height=\"220\" \/><\/p>\n<h3 style=\"font-size: 20px; text-align: center;\"><a href=\"\/de\/internationale-olivenol-zertifizierungen\/\"><strong>FDA (USA) \u2013 von der Food &amp; Drugs Administration zertifiziertes Produkt<\/strong><\/a><\/h3>\n<p><img loading=\"lazy\" decoding=\"async\" class=\"size-full wp-image-13476 aligncenter\" src=\"https:\/\/www.cretoikos.com\/wp-content\/uploads\/2017\/12\/FDA-foods-certification-w220.jpg\" alt=\"FDA-Zertifizierung f\u00fcr Lebensmittel und Arzneimittel\" width=\"163\" height=\"220\" \/><\/p>\n<p>&nbsp;<\/p>","protected":false},"excerpt":{"rendered":"<h1 style=\"font-size: 20px;\"><strong>Griechischer Honig, reiner Thymianhonig aus Kreta, Griechenland<\/strong><\/h1>\n<p><strong>Kretischer Thymianhonig 250 gr<\/strong> \u2013 Eine beliebte Art, Thymianhonig in Griechenland zu essen, wird \u00fcber frischen griechischen Joghurt (bekannt als \u201eYiaourti me Meli\u201c: Joghurt mit Honig) getr\u00e4ufelt, mit ein paar N\u00fcssen obendrauf. Es wird angenommen, dass Thymianhonig die Potenz steigert. Ein \u201enat\u00fcrliches Viagra\u201c, sagt man! Ein reiner Thymianhonig in Premiumqualit\u00e4t, hergestellt auf der Insel Kreta von CRETOIKOS Healthy Foods \u2013 Kreta, Griechenland<\/p>\n<p class=\"translation-block\"><a href=\"https:\/\/www.cretoikos.com\/de\/liefer-und-versandkosten\/\" target=\"_self\"><strong>Weltweiter Versand<\/strong><\/a> \u2013 wir versenden Ihre Bestellung in <strong>alle L\u00e4nder<\/strong> , weltweit!<\/p>","protected":false},"featured_media":3477,"template":"","meta":[],"product_brand":[],"product_cat":[74],"product_tag":[130,129,121,123,127,128,126,124,125,122],"class_list":{"0":"post-2957","1":"product","2":"type-product","3":"status-publish","4":"has-post-thumbnail","6":"product_cat-honey","7":"product_tag-250gr","8":"product_tag-cretan","9":"product_tag-cretan-honey","10":"product_tag-cretan-thyme-honey","11":"product_tag-crete","12":"product_tag-greece","13":"product_tag-greek-honey","14":"product_tag-honey","15":"product_tag-pure-honey","16":"product_tag-thyme-honey","18":"first","19":"instock","20":"taxable","21":"shipping-taxable","22":"purchasable","23":"product-type-simple"},"_links":{"self":[{"href":"https:\/\/www.cretoikos.com\/de\/wp-json\/wp\/v2\/product\/2957","targetHints":{"allow":["GET"]}}],"collection":[{"href":"https:\/\/www.cretoikos.com\/de\/wp-json\/wp\/v2\/product"}],"about":[{"href":"https:\/\/www.cretoikos.com\/de\/wp-json\/wp\/v2\/types\/product"}],"wp:featuredmedia":[{"embeddable":true,"href":"https:\/\/www.cretoikos.com\/de\/wp-json\/wp\/v2\/media\/3477"}],"wp:attachment":[{"href":"https:\/\/www.cretoikos.com\/de\/wp-json\/wp\/v2\/media?parent=2957"}],"wp:term":[{"taxonomy":"product_brand","embeddable":true,"href":"https:\/\/www.cretoikos.com\/de\/wp-json\/wp\/v2\/product_brand?post=2957"},{"taxonomy":"product_cat","embeddable":true,"href":"https:\/\/www.cretoikos.com\/de\/wp-json\/wp\/v2\/product_cat?post=2957"},{"taxonomy":"product_tag","embeddable":true,"href":"https:\/\/www.cretoikos.com\/de\/wp-json\/wp\/v2\/product_tag?post=2957"}],"curies":[{"name":"wp","href":"https:\/\/api.w.org\/{rel}","templated":true}]}}