{"id":126,"date":"2017-12-10T14:34:30","date_gmt":"2017-12-10T12:34:30","guid":{"rendered":"https:\/\/www.cretoikos.com\/?post_type=product&#038;p=126"},"modified":"2024-12-15T21:43:58","modified_gmt":"2024-12-15T19:43:58","slug":"g-u-sitia-0-3-natives-olivenol-extra-500-ml","status":"publish","type":"product","link":"https:\/\/www.cretoikos.com\/de\/eshop\/olive-oil\/pdo-sitia-0-3-extra-virgin-olive-oil-500ml\/","title":{"rendered":"Sitia DOP Natives Oliven\u00f6l Extra (EVOO) 0,3% Kanister 500ml"},"content":{"rendered":"<h2 style=\"font-size: 20px; text-align: center;\"><strong>100% Griechisches natives Oliven\u00f6l extra (EVOO) von der Insel Kreta, zuerst kaltgepresst, reich an Polyphenolen, Antioxidantien, Vitamin E und entz\u00fcndungshemmenden Eigenschaften, reiner Olivenfruchtsaft, keine Konservierungsstoffe, neue Ernte, frisch gepresst am selben Tag Olivenernte<\/strong><\/h2>\n<p>&nbsp;<\/p>\n<p><img loading=\"lazy\" decoding=\"async\" class=\"alignnone wp-image-3390 size-full\" src=\"https:\/\/www.cretoikos.com\/wp-content\/uploads\/2018\/03\/certifications-olive-oil.gif\" alt=\"Zertifizierungen f\u00fcr Oliven\u00f6l\" width=\"470\" height=\"88\" \/><\/p>\n<p><img loading=\"lazy\" decoding=\"async\" class=\"alignnone wp-image-3386 size-full\" src=\"https:\/\/www.cretoikos.com\/wp-content\/uploads\/2018\/03\/OliveOil-GDA.png\" alt=\"Oliven\u00f6l GDA\" width=\"464\" height=\"86\" srcset=\"https:\/\/www.cretoikos.com\/wp-content\/uploads\/2018\/03\/OliveOil-GDA.png 464w, https:\/\/www.cretoikos.com\/wp-content\/uploads\/2018\/03\/OliveOil-GDA-300x56.png 300w, https:\/\/www.cretoikos.com\/wp-content\/uploads\/2018\/03\/OliveOil-GDA-450x83.png 450w\" sizes=\"auto, (max-width: 464px) 100vw, 464px\" \/><\/p>\n<p><strong>Natives Oliven\u00f6l Extra Sitia DOP (EVOO)<\/strong> ist ein Vorgesetzter <strong>Natives Oliven\u00f6l extra<\/strong> aus <strong>Kreta<\/strong>, reich an Antioxidantien und Vitaminen. Es wird aus in der Region angebauten Oliven hergestellt <strong>Sitia<\/strong> Region Ostkreta (<strong>LASITHI<\/strong> Provinz), ein Gebiet, das weltweit f\u00fcr die Produktion von Oliven\u00f6l h\u00f6chster Qualit\u00e4t bekannt ist. Mit einem dezenten Aroma von Gras und Wildkr\u00e4utern und einem leicht krautigen, ausgewogenen Pfeffergeschmack passt dieses native Oliven\u00f6l extra zu all Ihren frittierten, gekochten oder gebackenen Gerichten und verfeinert Ihre Salate, um deren Geschmack zu verst\u00e4rken und ihnen eine besondere Note zu verleihen.<\/p>\n<p><strong>gU<\/strong> bedeutet, dass es ein <strong>Gesch\u00fctztes Herkunftsland<\/strong>, <strong>EVOO<\/strong> bedeutet <strong>Natives Oliven\u00f6l extra<\/strong> (sehr niedriger S\u00e4uregehalt \u2013 unter 0,81 TP3T), dieses Produkt hat speziell eine <strong>S\u00e4ure von<\/strong> <strong>nur 0,3%<\/strong><\/p>\n<p>Unsere Oliven\u00f6lprodukte sind <strong>LABORzertifiziert<\/strong>, reine Premium-Qualit\u00e4t <strong>Extra natives Oliven\u00f6l<\/strong> EVOO, gU (<strong>Gesch\u00fctztes Herkunftsland<\/strong>) Und <strong>Ausgezeichnet<\/strong> in verschiedenen <strong>Internationale Oliven\u00f6lwettbewerbe. SICHER EINKAUFEN\u2026<\/strong><\/p>\n<div class=\"wpb_text_column wpb_content_element wpb_animate_when_almost_visible wpb_fadeInDown fadeInDown vc_custom_1585559046315 wpb_start_animation animated\">\n<div class=\"wpb_wrapper\">\n<p>Kaufen Sie nur reine, vom Labor zertifizierte native Oliven\u00f6le extra. EVOO ist das beste essbare Oliven\u00f6l<\/p>\n<\/div>\n<\/div>\n<p>Bestellen Sie Ihr griechisches Oliven\u00f6l online und sparen Sie<\/p>\n<p class=\"translation-block\"><a href=\"https:\/\/www.cretoikos.com\/de\/liefer-und-versandkosten\/\" target=\"_self\"><strong>Weltweiter Versand<\/strong><\/a> \u2013 wir versenden Ihre Bestellung in <strong>alle L\u00e4nder<\/strong> , weltweit!<\/p>\n<p>&nbsp;<\/p>\n<h2 style=\"font-size: 20px; text-align: center;\"><a href=\"\/de\/internationale-olivenol-zertifizierungen\/\"><strong>Internationale Qualit\u00e4tszertifizierungen f\u00fcr Lebensmittel f\u00fcr unsere<\/strong> Produkte<\/a><\/h2>\n<p><a href=\"\/de\/internationale-olivenol-zertifizierungen\/\"><img loading=\"lazy\" decoding=\"async\" class=\"aligncenter wp-image-13475 size-full\" src=\"https:\/\/www.cretoikos.com\/wp-content\/uploads\/2017\/12\/Quality-Food-Certifications-Lab-Certified-Healthy-Mediterranean-Foods-w800.jpg\" alt=\"Internationale Qualit\u00e4tszertifizierungen f\u00fcr Lebensmittel \u2013 Laborzertifizierte gesunde mediterrane Lebensmittel\" width=\"800\" height=\"250\" srcset=\"https:\/\/www.cretoikos.com\/wp-content\/uploads\/2017\/12\/Quality-Food-Certifications-Lab-Certified-Healthy-Mediterranean-Foods-w800.jpg 800w, https:\/\/www.cretoikos.com\/wp-content\/uploads\/2017\/12\/Quality-Food-Certifications-Lab-Certified-Healthy-Mediterranean-Foods-w800-300x94.jpg 300w, https:\/\/www.cretoikos.com\/wp-content\/uploads\/2017\/12\/Quality-Food-Certifications-Lab-Certified-Healthy-Mediterranean-Foods-w800-768x240.jpg 768w, https:\/\/www.cretoikos.com\/wp-content\/uploads\/2017\/12\/Quality-Food-Certifications-Lab-Certified-Healthy-Mediterranean-Foods-w800-450x141.jpg 450w, https:\/\/www.cretoikos.com\/wp-content\/uploads\/2017\/12\/Quality-Food-Certifications-Lab-Certified-Healthy-Mediterranean-Foods-w800-780x244.jpg 780w\" sizes=\"auto, (max-width: 800px) 100vw, 800px\" \/><\/a><\/p>\n<h3 style=\"font-size: 20px; text-align: center;\"><a href=\"\/de\/internationale-olivenol-zertifizierungen\/\"><strong>KOSHER Food-zertifiziertes Oliven\u00f6lprodukt<\/strong><\/a><\/h3>\n<p>&nbsp;<\/p>\n<p><img loading=\"lazy\" decoding=\"async\" class=\"size-full wp-image-13454 aligncenter\" src=\"https:\/\/www.cretoikos.com\/wp-content\/uploads\/2020\/07\/kosher-foods-certification-2-w220.jpg\" alt=\"KOSHER Food Extra Natives Oliven\u00f6l\" width=\"173\" height=\"220\" \/><\/p>\n<p>&nbsp;<\/p>\n<h3 style=\"font-size: 20px; text-align: center;\"><a href=\"\/de\/internationale-olivenol-zertifizierungen\/\"><strong>FDA (USA) \u2013 von der Food &amp; Drugs Administration zertifiziertes Oliven\u00f6lprodukt<\/strong><\/a><\/h3>\n<p>&nbsp;<\/p>\n<p><img loading=\"lazy\" decoding=\"async\" class=\"size-full wp-image-13476 aligncenter\" src=\"https:\/\/www.cretoikos.com\/wp-content\/uploads\/2017\/12\/FDA-foods-certification-w220.jpg\" alt=\"FDA-Zertifizierung f\u00fcr Lebensmittel und Arzneimittel\" width=\"163\" height=\"220\" \/><\/p>\n<p>&nbsp;<\/p>","protected":false},"excerpt":{"rendered":"<p><strong>Natives Oliven\u00f6l Extra Sitia DOP (EVOO)<\/strong> \u2013 Mit einem dezenten Aroma von Gras und Wildkr\u00e4utern und einem leicht kr\u00e4uterigen, ausgewogenen Pfeffergeschmack passt dieses native Oliven\u00f6l extra zu all Ihren frittierten, gekochten oder gebackenen Gerichten und verfeinert Ihre Salate, um deren Geschmack zu verst\u00e4rken und ihnen eine besondere Note zu verleihen.<\/p>\n<p><strong>Griechisches natives Oliven\u00f6l extra von der Insel Kreta!<\/strong><\/p>\n<p class=\"translation-block\"><a href=\"https:\/\/www.cretoikos.com\/de\/liefer-und-versandkosten\/\" target=\"_self\"><strong>Weltweiter Versand<\/strong><\/a> \u2013 wir versenden Ihre Bestellung in <strong>alle L\u00e4nder<\/strong> , weltweit!<\/p>","protected":false},"featured_media":185,"template":"","meta":[],"product_brand":[],"product_cat":[23],"product_tag":[141,142,119,95,97,98,96,91,99,101,135,111,112,110,109],"class_list":{"0":"post-126","1":"product","2":"type-product","3":"status-publish","4":"has-post-thumbnail","6":"product_cat-olive-oil","7":"product_tag-3-extra-virgin-olive-oil","8":"product_tag-142","9":"product_tag-500ml","10":"product_tag-bottle","11":"product_tag-buy-olive-oil","12":"product_tag-buy-online","13":"product_tag-cretan-olive-oil","14":"product_tag-evoo","15":"product_tag-greek-olive-oil","16":"product_tag-olive-oil","17":"product_tag-pdo-olive-oil","18":"product_tag-pdo-sitia","19":"product_tag-pdo-sitia-olive-oil","20":"product_tag-sitia","21":"product_tag-sitia-olive-oil","23":"first","24":"instock","25":"taxable","26":"shipping-taxable","27":"purchasable","28":"product-type-simple"},"_links":{"self":[{"href":"https:\/\/www.cretoikos.com\/de\/wp-json\/wp\/v2\/product\/126","targetHints":{"allow":["GET"]}}],"collection":[{"href":"https:\/\/www.cretoikos.com\/de\/wp-json\/wp\/v2\/product"}],"about":[{"href":"https:\/\/www.cretoikos.com\/de\/wp-json\/wp\/v2\/types\/product"}],"wp:featuredmedia":[{"embeddable":true,"href":"https:\/\/www.cretoikos.com\/de\/wp-json\/wp\/v2\/media\/185"}],"wp:attachment":[{"href":"https:\/\/www.cretoikos.com\/de\/wp-json\/wp\/v2\/media?parent=126"}],"wp:term":[{"taxonomy":"product_brand","embeddable":true,"href":"https:\/\/www.cretoikos.com\/de\/wp-json\/wp\/v2\/product_brand?post=126"},{"taxonomy":"product_cat","embeddable":true,"href":"https:\/\/www.cretoikos.com\/de\/wp-json\/wp\/v2\/product_cat?post=126"},{"taxonomy":"product_tag","embeddable":true,"href":"https:\/\/www.cretoikos.com\/de\/wp-json\/wp\/v2\/product_tag?post=126"}],"curies":[{"name":"wp","href":"https:\/\/api.w.org\/{rel}","templated":true}]}}