{"id":119,"date":"2017-12-10T14:22:29","date_gmt":"2017-12-10T12:22:29","guid":{"rendered":"https:\/\/www.cretoikos.com\/?post_type=product&#038;p=119"},"modified":"2026-04-09T18:23:33","modified_gmt":"2026-04-09T15:23:33","slug":"g-u-sitia-0-2-premium-gold-extra-natives-olivenol-1lt","status":"publish","type":"product","link":"https:\/\/www.cretoikos.com\/de\/eshop\/olive-oil\/pdo-sitia-0-2-premium-gold-extra-virgin-olive-oil-1lt\/","title":{"rendered":"Sitia PDO Natives Oliven\u00f6l Extra (EVOO) 0,2%, Kanister 1lt"},"content":{"rendered":"<h2 style=\"font-size: 20px; text-align: center;\"><strong>100% Griechisches natives Oliven\u00f6l extra (EVOO) von der Insel Kreta, zuerst kaltgepresst, reich an Polyphenolen, Antioxidantien, Vitamin E und entz\u00fcndungshemmenden Eigenschaften, reiner Olivenfruchtsaft, keine Konservierungsstoffe, neue Ernte, frisch gepresst am selben Tag Olivenernte<\/strong><\/h2>\n<p>&nbsp;<\/p>\n<p><img loading=\"lazy\" decoding=\"async\" class=\"alignnone wp-image-3390 size-full\" src=\"https:\/\/www.cretoikos.com\/wp-content\/uploads\/2018\/03\/certifications-olive-oil.gif\" alt=\"Zertifizierungen f\u00fcr Oliven\u00f6l\" width=\"470\" height=\"88\" \/><\/p>\n<p><img loading=\"lazy\" decoding=\"async\" class=\"alignnone wp-image-3386 size-full\" src=\"https:\/\/www.cretoikos.com\/wp-content\/uploads\/2018\/03\/OliveOil-GDA.png\" alt=\"Oliven\u00f6l GDA\" width=\"464\" height=\"86\" srcset=\"https:\/\/www.cretoikos.com\/wp-content\/uploads\/2018\/03\/OliveOil-GDA.png 464w, https:\/\/www.cretoikos.com\/wp-content\/uploads\/2018\/03\/OliveOil-GDA-300x56.png 300w, https:\/\/www.cretoikos.com\/wp-content\/uploads\/2018\/03\/OliveOil-GDA-450x83.png 450w\" sizes=\"auto, (max-width: 464px) 100vw, 464px\" \/><\/p>\n<p><strong>Sitia<\/strong> ist ein <strong>Gesch\u00fctzte Ursprungsbezeichnung<\/strong> (<strong>gU<\/strong>) <strong>Natives Oliven\u00f6l extra<\/strong> (<strong>EVOO<\/strong>) aus <strong>Sitia<\/strong>, im Osten <strong>Kreta<\/strong>. Sitia herein <strong>Lasithi<\/strong> ist eine Region im Osten Kretas, die f\u00fcr ihre idealen klimatischen Bedingungen bekannt ist, die zur Produktion von extra nativem Oliven\u00f6l h\u00f6chster Qualit\u00e4t beitragen. Der Prozess der Gewinnung des Oliven\u00f6ls aus den Olivenfr\u00fcchten erfolgt noch am selben Tag und bei sehr niedrigen Temperaturen, um die gesamte Fruchtqualit\u00e4t und den sehr geringen S\u00e4uregehalt zu bewahren. Der Eingriff erfolgt unter Aufsicht von Gesundheitskontrollen und der Unterst\u00fctzung modernster Maschinen.<\/p>\n<p><strong>SITIA gU<\/strong> bedeutet, dass es ein <strong>Gesch\u00fctztes Herkunftsland<\/strong>, <strong>EVOO<\/strong> bedeutet <strong>Natives Oliven\u00f6l extra<\/strong> (sehr niedriger S\u00e4uregehalt \u2013 unter 0,81 TP3T), dieses Produkt hat speziell eine <strong>S\u00e4ure von<\/strong> <strong>nur 0,2%<\/strong><\/p>\n<p>Unsere Oliven\u00f6lprodukte sind <strong>LABORzertifiziert<\/strong>, reine Premium-Qualit\u00e4t <strong>Extra natives Oliven\u00f6l<\/strong> EVOO, gU (<strong>Gesch\u00fctztes Herkunftsland<\/strong>) Und <strong>Ausgezeichnet<\/strong> in verschiedenen <strong>Internationale Oliven\u00f6lwettbewerbe. SICHER EINKAUFEN\u2026<\/strong><\/p>\n<div class=\"wpb_text_column wpb_content_element wpb_animate_when_almost_visible wpb_fadeInDown fadeInDown vc_custom_1585559046315 wpb_start_animation animated\">\n<div class=\"wpb_wrapper\">\n<p>Kaufen Sie nur reine, vom Labor zertifizierte native Oliven\u00f6le extra. EVOO ist das beste essbare Oliven\u00f6l<\/p>\n<\/div>\n<\/div>\n<p>Bestellen Sie Ihr griechisches Oliven\u00f6l online und sparen Sie<\/p>\n<p class=\"translation-block\"><a href=\"https:\/\/www.cretoikos.com\/de\/liefer-und-versandkosten\/\" target=\"_self\"><strong>Weltweiter Versand<\/strong><\/a> \u2013 wir versenden Ihre Bestellung in <strong>alle L\u00e4nder<\/strong> , weltweit!<\/p>\n<p>&nbsp;<\/p>\n<h2 style=\"font-size: 20px; text-align: center;\"><a href=\"\/de\/internationale-olivenol-zertifizierungen\/\"><strong>Internationale Qualit\u00e4tszertifizierungen f\u00fcr Lebensmittel f\u00fcr unsere<\/strong> Produkte<\/a><\/h2>\n<p><a href=\"\/de\/internationale-olivenol-zertifizierungen\/\"><img loading=\"lazy\" decoding=\"async\" class=\"aligncenter wp-image-13475 size-full\" src=\"https:\/\/www.cretoikos.com\/wp-content\/uploads\/2017\/12\/Quality-Food-Certifications-Lab-Certified-Healthy-Mediterranean-Foods-w800.jpg\" alt=\"Internationale Qualit\u00e4tszertifizierungen f\u00fcr Lebensmittel \u2013 Laborzertifizierte gesunde mediterrane Lebensmittel\" width=\"800\" height=\"250\" srcset=\"https:\/\/www.cretoikos.com\/wp-content\/uploads\/2017\/12\/Quality-Food-Certifications-Lab-Certified-Healthy-Mediterranean-Foods-w800.jpg 800w, https:\/\/www.cretoikos.com\/wp-content\/uploads\/2017\/12\/Quality-Food-Certifications-Lab-Certified-Healthy-Mediterranean-Foods-w800-300x94.jpg 300w, https:\/\/www.cretoikos.com\/wp-content\/uploads\/2017\/12\/Quality-Food-Certifications-Lab-Certified-Healthy-Mediterranean-Foods-w800-768x240.jpg 768w, https:\/\/www.cretoikos.com\/wp-content\/uploads\/2017\/12\/Quality-Food-Certifications-Lab-Certified-Healthy-Mediterranean-Foods-w800-450x141.jpg 450w, https:\/\/www.cretoikos.com\/wp-content\/uploads\/2017\/12\/Quality-Food-Certifications-Lab-Certified-Healthy-Mediterranean-Foods-w800-780x244.jpg 780w\" sizes=\"auto, (max-width: 800px) 100vw, 800px\" \/><\/a><\/p>\n<h3 style=\"font-size: 20px; text-align: center;\"><a href=\"\/de\/internationale-olivenol-zertifizierungen\/\"><strong>KOSHER Food-zertifiziertes Oliven\u00f6lprodukt<\/strong><\/a><\/h3>\n<p>&nbsp;<\/p>\n<p><img loading=\"lazy\" decoding=\"async\" class=\"size-full wp-image-13454 aligncenter\" src=\"https:\/\/www.cretoikos.com\/wp-content\/uploads\/2020\/07\/kosher-foods-certification-2-w220.jpg\" alt=\"KOSHER Food Extra Natives Oliven\u00f6l\" width=\"173\" height=\"220\" \/><\/p>\n<p>&nbsp;<\/p>\n<h3 style=\"font-size: 20px; text-align: center;\"><a href=\"\/de\/internationale-olivenol-zertifizierungen\/\"><strong>FDA (USA) \u2013 von der Food &amp; Drugs Administration zertifiziertes Oliven\u00f6lprodukt<\/strong><\/a><\/h3>\n<p>&nbsp;<\/p>\n<p><img loading=\"lazy\" decoding=\"async\" class=\"size-full wp-image-13476 aligncenter\" src=\"https:\/\/www.cretoikos.com\/wp-content\/uploads\/2017\/12\/FDA-foods-certification-w220.jpg\" alt=\"FDA-Zertifizierung f\u00fcr Lebensmittel und Arzneimittel\" width=\"163\" height=\"220\" \/><\/p>\n<p>&nbsp;<\/p>","protected":false},"excerpt":{"rendered":"<p><strong>PDO Sitia 0,2%<\/strong> ist ein einzigartiges, fruchtiges Oliven\u00f6l extra vergine mit au\u00dfergew\u00f6hnlich niedrigem S\u00e4uregehalt, ideal f\u00fcr alle Ihre kulinarischen Bed\u00fcrfnisse. Verwenden Sie es beim Kochen oder roh, als Beilage f\u00fcr Ihre Salate.<\/p>\n<p><strong>Griechisches natives Oliven\u00f6l extra von der Insel Kreta!<\/strong><\/p>\n<p class=\"translation-block\"><a href=\"https:\/\/www.cretoikos.com\/de\/liefer-und-versandkosten\/\" target=\"_self\"><strong>Weltweiter Versand<\/strong><\/a> \u2013 wir versenden Ihre Bestellung in <strong>alle L\u00e4nder<\/strong> , weltweit!<\/p>","protected":false},"featured_media":184,"template":"","meta":[],"product_brand":[],"product_cat":[23],"product_tag":[118,140,141,95,97,98,96,91,99,101,135,111,112,110,109],"class_list":{"0":"post-119","1":"product","2":"type-product","3":"status-publish","4":"has-post-thumbnail","6":"product_cat-olive-oil","7":"product_tag-1lt","8":"product_tag-140","9":"product_tag-3-extra-virgin-olive-oil","10":"product_tag-bottle","11":"product_tag-buy-olive-oil","12":"product_tag-buy-online","13":"product_tag-cretan-olive-oil","14":"product_tag-evoo","15":"product_tag-greek-olive-oil","16":"product_tag-olive-oil","17":"product_tag-pdo-olive-oil","18":"product_tag-pdo-sitia","19":"product_tag-pdo-sitia-olive-oil","20":"product_tag-sitia","21":"product_tag-sitia-olive-oil","23":"first","24":"instock","25":"taxable","26":"shipping-taxable","27":"purchasable","28":"product-type-simple"},"_links":{"self":[{"href":"https:\/\/www.cretoikos.com\/de\/wp-json\/wp\/v2\/product\/119","targetHints":{"allow":["GET"]}}],"collection":[{"href":"https:\/\/www.cretoikos.com\/de\/wp-json\/wp\/v2\/product"}],"about":[{"href":"https:\/\/www.cretoikos.com\/de\/wp-json\/wp\/v2\/types\/product"}],"wp:featuredmedia":[{"embeddable":true,"href":"https:\/\/www.cretoikos.com\/de\/wp-json\/wp\/v2\/media\/184"}],"wp:attachment":[{"href":"https:\/\/www.cretoikos.com\/de\/wp-json\/wp\/v2\/media?parent=119"}],"wp:term":[{"taxonomy":"product_brand","embeddable":true,"href":"https:\/\/www.cretoikos.com\/de\/wp-json\/wp\/v2\/product_brand?post=119"},{"taxonomy":"product_cat","embeddable":true,"href":"https:\/\/www.cretoikos.com\/de\/wp-json\/wp\/v2\/product_cat?post=119"},{"taxonomy":"product_tag","embeddable":true,"href":"https:\/\/www.cretoikos.com\/de\/wp-json\/wp\/v2\/product_tag?post=119"}],"curies":[{"name":"wp","href":"https:\/\/api.w.org\/{rel}","templated":true}]}}