{"id":3232,"date":"2018-02-21T08:34:30","date_gmt":"2018-02-21T08:34:30","guid":{"rendered":"https:\/\/www.cretoikos.com\/?page_id=3232"},"modified":"2020-05-10T02:21:07","modified_gmt":"2020-05-09T23:21:07","slug":"liefer-und-versandkosten","status":"publish","type":"page","link":"https:\/\/www.cretoikos.com\/de\/delivery-and-shipping-costs\/","title":{"rendered":"Liefer- und Versandkosten"},"content":{"rendered":"<div style=\"\"class=\"normal_height vc_row wpb_row vc_row-fluid vc_custom_1519202151804\"><div class=\"wpb_column vc_column_container vc_col-sm-12\"><div class=\"vc_column-inner\"><div class=\"wpb_wrapper\">\n\t<div class=\"wpb_text_column wpb_content_element\" >\n\t\t<div class=\"wpb_wrapper\">\n\t\t\t<h1 style=\"font-size: 20px;\">Wir versenden Ihre Bestellung WELTWEIT \u2013 wir versenden in jedes Land weltweit mit Express-Kurierdiensten (TNT Courier \u2013 mit Online-Paketverfolgung verf\u00fcgbar)<\/h1>\n<p>Der E-Shop <strong>Cretoikos.com<\/strong> sendet die Bestellung an die Adresse, die der Kunde im Bestellformular angegeben hat (Privat- oder Arbeitsadresse). Es <strong>Es ist wichtig, dass Sie Ihre korrekte Lieferadresse, E-Mail-Adresse und Telefonnummer angeben<\/strong> um sicherzustellen, dass unser Unternehmen bzw. der Kurierdienst mit Ihnen in Kontakt treten kann. (Probleme mit der Lieferung, die durch eine falsch registrierte Adresse oder falsche Versanddetails (Verz\u00f6gerung, fehlgeschlagene Lieferung, R\u00fccksendung oder Kosten) entstehen k\u00f6nnen, liegen nicht in der Verantwortung von Cretoikos.com)<\/p>\n<p>Der Versand erfolgt am Werktag des Bestellabschlusses (h\u00e4ufiger am selben Tag), sofern<\/p>\n<ul>\n<li><strong>Alle Produkte der Bestellung sind verf\u00fcgbar<\/strong>, (es ist sehr selten, dass sie es nicht sind) und<\/li>\n<li><strong>Die Bestellung wurde bezahlt<\/strong><\/li>\n<\/ul>\n<p><strong>Versand au\u00dferhalb Griechenlands (EU-L\u00e4nder und Rest der Welt)<\/strong><\/p>\n<p>Die Lieferung unserer Produkte erfolgt durch <strong><a href=\"https:\/\/www.tnt.com\/\">TNT-Kurierdienst<\/a><\/strong> (Express oder Economy). TNT ist ein schneller, globaler und seri\u00f6ser Kurierdienst, der Bestellungen bis zu 30 kg versendet (die Versandkosten k\u00f6nnen Sie im Feld \u201e<strong>VERSAND<\/strong>&quot; Bei der <strong>Schritt zur Kasse<\/strong> Ihres Warenkorbs). <strong>Das Mindestbestellgewicht betr\u00e4gt 5 kg<\/strong>. Unter normalen Umst\u00e4nden liefert TNT die Produkte innerhalb von 24 Stunden <strong>2-5 Werktage<\/strong> europaweit, bitte beachten Sie zus\u00e4tzlich, dass der Versand per TNT erfolgt <strong>versichert<\/strong> f\u00fcr <strong>10 \u20ac\/kg<\/strong> f\u00fcr TNT Economy und <strong>20 \u20ac\/kg<\/strong> f\u00fcr TNT Express, falls das Paket verloren geht oder besch\u00e4digt wird.<\/p>\n<p>Falls Sie m\u00f6chten, dass die Lieferung durch ein Versandunternehmen erfolgt, das nicht mit Zacharakis Konstantinos &amp; CO General Partnership (CRETOIKOS) zusammenarbeitet, belasten die Versandkosten den Kunden.<\/p>\n<p><strong>Wichtiger Hinweis f\u00fcr Lieferungen ins Ausland:<\/strong> Alle unsere Produkte werden mit allen entsprechenden Zertifikaten und Genehmigungen legal in Griechenland\/EU und im Ausland verkauft.<\/p>\n<p>&#8212;&#8212;&#8212;&#8212;&#8212;&#8212;&#8212;&#8212;&#8212;&#8212;&#8212;&#8212;&#8212;&#8212;&#8212;&#8212;&#8212;&#8212;&#8212;&#8212;&#8212;&#8212;&#8212;&#8212;&#8211;<\/p>\n<p><strong><img loading=\"lazy\" decoding=\"async\" class=\"alignnone wp-image-12887 size-medium\" src=\"https:\/\/www.cretoikos.com\/wp-content\/uploads\/2020\/05\/order-shipping-eshop-buy-online-5-300x169.jpg\" alt=\"Wir versenden Ihre Bestellung weltweit!\" width=\"300\" height=\"169\" srcset=\"https:\/\/www.cretoikos.com\/wp-content\/uploads\/2020\/05\/order-shipping-eshop-buy-online-5-300x169.jpg 300w, https:\/\/www.cretoikos.com\/wp-content\/uploads\/2020\/05\/order-shipping-eshop-buy-online-5-450x253.jpg 450w, https:\/\/www.cretoikos.com\/wp-content\/uploads\/2020\/05\/order-shipping-eshop-buy-online-5.jpg 600w\" sizes=\"auto, (max-width: 300px) 100vw, 300px\" \/> \u00a0 <a href=\"https:\/\/www.cretoikos.com\/de\/eshop\/\"><img loading=\"lazy\" decoding=\"async\" class=\"alignnone wp-image-12883 size-full\" src=\"https:\/\/www.cretoikos.com\/wp-content\/uploads\/2020\/05\/order-shipping-eshop-buy-online.jpg\" alt=\"Wir versenden Ihre Bestellung weltweit!\" width=\"325\" height=\"215\" srcset=\"https:\/\/www.cretoikos.com\/wp-content\/uploads\/2020\/05\/order-shipping-eshop-buy-online.jpg 325w, https:\/\/www.cretoikos.com\/wp-content\/uploads\/2020\/05\/order-shipping-eshop-buy-online-300x198.jpg 300w\" sizes=\"auto, (max-width: 325px) 100vw, 325px\" \/><\/a> \u00a0 <a href=\"https:\/\/www.tnt.com\/\" target=\"_blank\" rel=\"noopener noreferrer\"><img loading=\"lazy\" decoding=\"async\" class=\"alignnone wp-image-12886 size-full\" src=\"https:\/\/www.cretoikos.com\/wp-content\/uploads\/2020\/05\/order-shipping-eshop-buy-online-4.jpg\" alt=\"Wir versenden Ihre Bestellung weltweit!\" width=\"275\" height=\"183\" \/><\/a><br \/>\n<\/strong><\/p>\n<p>&nbsp;<\/p>\n<p style=\"text-align: left; font-size: 20px;\" class=\"translation-block\"><a href=\"https:\/\/www.cretoikos.com\/de\/liefer-und-versandkosten\/\" target=\"_self\"><strong>Weltweiter Versand<\/strong><\/a> \u2013 wir versenden Ihre Bestellung in <strong>alle L\u00e4nder<\/strong> , weltweit!<\/p>\n<p><strong>schnelle Lieferung <\/strong>\u2013 online <strong>Paketverfolgung<\/strong> verf\u00fcgbar<br \/>\nEchtzeit <a href=\"https:\/\/www.cretoikos.com\/de\/sendungsverfolgung\/\"><strong>Track &amp; Trace<\/strong><\/a> Ihrer Oliven\u00f6lbestellung<\/p>\n<p>&nbsp;<\/p>\n<h2><strong>Natives Oliven\u00f6l Extra (EVOO) \u2013 Oliven \u2013 Honig \u2013 Seifen<\/strong><\/h2>\n<h2><a href=\"https:\/\/www.cretoikos.com\/de\/eshop\/\">Kaufen Sie online griechisches EVOO-Oliven\u00f6l \u2013 Unser eShop<\/a><\/h2>\n<div id=\"attachment_3971\" style=\"width: 1913px\" class=\"wp-caption alignnone\"><a href=\"https:\/\/www.cretoikos.com\/de\/eshop\/\"><img loading=\"lazy\" decoding=\"async\" aria-describedby=\"caption-attachment-3971\" class=\"wp-image-3971 size-full\" src=\"https:\/\/www.cretoikos.com\/wp-content\/uploads\/2018\/10\/homepage_all_products_family_photo.jpg\" alt=\"Unsere EVOO-Oliven\u00f6lprodukte\" width=\"1903\" height=\"452\" srcset=\"https:\/\/www.cretoikos.com\/wp-content\/uploads\/2018\/10\/homepage_all_products_family_photo.jpg 1903w, https:\/\/www.cretoikos.com\/wp-content\/uploads\/2018\/10\/homepage_all_products_family_photo-300x71.jpg 300w, https:\/\/www.cretoikos.com\/wp-content\/uploads\/2018\/10\/homepage_all_products_family_photo-768x182.jpg 768w, https:\/\/www.cretoikos.com\/wp-content\/uploads\/2018\/10\/homepage_all_products_family_photo-1024x243.jpg 1024w, https:\/\/www.cretoikos.com\/wp-content\/uploads\/2018\/10\/homepage_all_products_family_photo-450x107.jpg 450w, https:\/\/www.cretoikos.com\/wp-content\/uploads\/2018\/10\/homepage_all_products_family_photo-780x185.jpg 780w\" sizes=\"auto, (max-width: 1903px) 100vw, 1903px\" \/><\/a><p id=\"caption-attachment-3971\" class=\"wp-caption-text\">Unsere EVOO-Oliven\u00f6lprodukte \u2013 Traditionelle griechische Produkte von der Insel Kreta \u2013 CRETOIKOS HEALTHY FOODS<\/p><\/div>\n\n\t\t<\/div>\n\t<\/div>\n<\/div><\/div><\/div><\/div>","protected":false},"excerpt":{"rendered":"We Ship your Order WORLDWIDE - we ship to any country, worldwide, using Express Courier Services (TNT Courier - with package online tracking available) The e-shop Cretoikos.com sends the order to the address the client has filled in the order form (home or work address). It is essential to fill in your correct shipping address, [...]","protected":false},"author":1,"featured_media":0,"parent":0,"menu_order":0,"comment_status":"closed","ping_status":"closed","template":"page-boxed.php","meta":{"footnotes":""},"class_list":["post-3232","page","type-page","status-publish","hentry"],"_links":{"self":[{"href":"https:\/\/www.cretoikos.com\/de\/wp-json\/wp\/v2\/pages\/3232","targetHints":{"allow":["GET"]}}],"collection":[{"href":"https:\/\/www.cretoikos.com\/de\/wp-json\/wp\/v2\/pages"}],"about":[{"href":"https:\/\/www.cretoikos.com\/de\/wp-json\/wp\/v2\/types\/page"}],"author":[{"embeddable":true,"href":"https:\/\/www.cretoikos.com\/de\/wp-json\/wp\/v2\/users\/1"}],"replies":[{"embeddable":true,"href":"https:\/\/www.cretoikos.com\/de\/wp-json\/wp\/v2\/comments?post=3232"}],"version-history":[{"count":0,"href":"https:\/\/www.cretoikos.com\/de\/wp-json\/wp\/v2\/pages\/3232\/revisions"}],"wp:attachment":[{"href":"https:\/\/www.cretoikos.com\/de\/wp-json\/wp\/v2\/media?parent=3232"}],"curies":[{"name":"wp","href":"https:\/\/api.w.org\/{rel}","templated":true}]}}