{"id":126,"date":"2017-12-10T14:34:30","date_gmt":"2017-12-10T12:34:30","guid":{"rendered":"https:\/\/www.cretoikos.com\/?post_type=product&#038;p=126"},"modified":"2024-12-15T21:43:58","modified_gmt":"2024-12-15T19:43:58","slug":"pdo-sitia-0-3-ekstra-jomfru-olivenolie-500ml","status":"publish","type":"product","link":"https:\/\/www.cretoikos.com\/da\/eshop\/olive-oil\/pdo-sitia-0-3-extra-virgin-olive-oil-500ml\/","title":{"rendered":"Sitia BOB ekstra jomfru olivenolie (EVOO) 0,3% beholder 500ml"},"content":{"rendered":"<h2 style=\"font-size: 20px; text-align: center;\"><strong>100% gr\u00e6sk ekstra jomfru olivenolie (EVOO) fra \u00f8en Kreta, f\u00f8rste koldpresset, rig p\u00e5 polyfenoler, antioxidanter, vitamin E og anti-inflammatoriske egenskaber, ren olivenfrugtjuice, ingen konserveringsmidler, ny h\u00f8st, friskpresset samme dag d. Olivenh\u00f8st<\/strong><\/h2>\n<p>&nbsp;<\/p>\n<p><img loading=\"lazy\" decoding=\"async\" class=\"alignnone wp-image-3390 size-full\" src=\"https:\/\/www.cretoikos.com\/wp-content\/uploads\/2018\/03\/certifications-olive-oil.gif\" alt=\"Olivenolie certificeringer\" width=\"470\" height=\"88\" \/><\/p>\n<p><img loading=\"lazy\" decoding=\"async\" class=\"alignnone wp-image-3386 size-full\" src=\"https:\/\/www.cretoikos.com\/wp-content\/uploads\/2018\/03\/OliveOil-GDA.png\" alt=\"Olivenolie GDA\" width=\"464\" height=\"86\" srcset=\"https:\/\/www.cretoikos.com\/wp-content\/uploads\/2018\/03\/OliveOil-GDA.png 464w, https:\/\/www.cretoikos.com\/wp-content\/uploads\/2018\/03\/OliveOil-GDA-300x56.png 300w, https:\/\/www.cretoikos.com\/wp-content\/uploads\/2018\/03\/OliveOil-GDA-450x83.png 450w\" sizes=\"auto, (max-width: 464px) 100vw, 464px\" \/><\/p>\n<p><strong>Sitia BOB ekstra jomfru olivenolie (EVOO)<\/strong> er en overordnet <strong>Ekstra jomfru oliven olie<\/strong> fra <strong>Kreta<\/strong>, rigeligt i antioxidanter og vitaminer. Det er produceret af oliven dyrket i <strong>Sitia<\/strong> region i det \u00f8stlige Kreta (<strong>LASITHI<\/strong> provinsen), et omr\u00e5de, der er globalt anerkendt for produktion af topkvalitets olivenolie. Med en diskret aroma af gr\u00e6s og vilde urter og en let urteagtig, velafbalanceret pebersmag, vil denne ekstra jomfru olivenolie ledsage alle dine stegte, kogte eller bagte retter og kl\u00e6de dig salater for at forbedre deres smag og tilf\u00f8je en punch.<\/p>\n<p><strong>BOB<\/strong> betyder dens a <strong>Beskyttet oprindelsesdestination<\/strong>, <strong>EVOO<\/strong> midler <strong>Ekstra jomfru oliven olie<\/strong> (meget lav surhedsgrad \u2013 under 0,8%), dette produkt har specifikt en <strong>surhedsgrad af<\/strong> <strong>kun 0,3%<\/strong><\/p>\n<p>Vores olivenolieprodukter er <strong>LABORATORIE Certificeret<\/strong>, ren, premium kvalitet <strong>Ekstra jomfru olivenolie<\/strong> EVOO, BOB (<strong>Beskyttet oprindelsesdestination<\/strong>) og <strong>Tildelt<\/strong> i flere <strong>Internationale olivenoliekonkurrencer. K\u00d8B MED SIKKERHED...<\/strong><\/p>\n<div class=\"wpb_text_column wpb_content_element wpb_animate_when_almost_visible wpb_fadeInDown fadeInDown vc_custom_1585559046315 wpb_start_animation animated\">\n<div class=\"wpb_wrapper\">\n<p>K\u00f8b kun rene, Lab-certificerede ekstra jomfruolivenolie, EVOO er den bedste spiselige olivenolie<\/p>\n<\/div>\n<\/div>\n<p>Bestil din gr\u00e6ske olivenolie online og spar<\/p>\n<p class=\"translation-block\"><a href=\"https:\/\/www.cretoikos.com\/da\/leverings-og-forsendelsesomkostninger\/\" target=\"_self\"><strong>Verdensomsp\u00e6ndende forsendelse<\/strong><\/a> \u2013 vi sender din ordre i <strong>alle lande<\/strong> , i hele verden!<\/p>\n<p>&nbsp;<\/p>\n<h2 style=\"font-size: 20px; text-align: center;\"><a href=\"\/da\/internationale-olivenoliecertificeringer\/\"><strong>Internationale kvalitetsf\u00f8devarecertificeringer til vores<\/strong> Produkter<\/a><\/h2>\n<p><a href=\"\/da\/internationale-olivenoliecertificeringer\/\"><img loading=\"lazy\" decoding=\"async\" class=\"aligncenter wp-image-13475 size-full\" src=\"https:\/\/www.cretoikos.com\/wp-content\/uploads\/2017\/12\/Quality-Food-Certifications-Lab-Certified-Healthy-Mediterranean-Foods-w800.jpg\" alt=\"Internationale kvalitetsf\u00f8devarecertificeringer - Lab-certificerede, sunde middelhavsf\u00f8devarer\" width=\"800\" height=\"250\" srcset=\"https:\/\/www.cretoikos.com\/wp-content\/uploads\/2017\/12\/Quality-Food-Certifications-Lab-Certified-Healthy-Mediterranean-Foods-w800.jpg 800w, https:\/\/www.cretoikos.com\/wp-content\/uploads\/2017\/12\/Quality-Food-Certifications-Lab-Certified-Healthy-Mediterranean-Foods-w800-300x94.jpg 300w, https:\/\/www.cretoikos.com\/wp-content\/uploads\/2017\/12\/Quality-Food-Certifications-Lab-Certified-Healthy-Mediterranean-Foods-w800-768x240.jpg 768w, https:\/\/www.cretoikos.com\/wp-content\/uploads\/2017\/12\/Quality-Food-Certifications-Lab-Certified-Healthy-Mediterranean-Foods-w800-450x141.jpg 450w, https:\/\/www.cretoikos.com\/wp-content\/uploads\/2017\/12\/Quality-Food-Certifications-Lab-Certified-Healthy-Mediterranean-Foods-w800-780x244.jpg 780w\" sizes=\"auto, (max-width: 800px) 100vw, 800px\" \/><\/a><\/p>\n<h3 style=\"font-size: 20px; text-align: center;\"><a href=\"\/da\/internationale-olivenoliecertificeringer\/\"><strong>KOSHER f\u00f8devarecertificeret olivenolieprodukt<\/strong><\/a><\/h3>\n<p>&nbsp;<\/p>\n<p><img loading=\"lazy\" decoding=\"async\" class=\"size-full wp-image-13454 aligncenter\" src=\"https:\/\/www.cretoikos.com\/wp-content\/uploads\/2020\/07\/kosher-foods-certification-2-w220.jpg\" alt=\"KOSHER Food Extra Virgin Olivenolie\" width=\"173\" height=\"220\" \/><\/p>\n<p>&nbsp;<\/p>\n<h3 style=\"font-size: 20px; text-align: center;\"><a href=\"\/da\/internationale-olivenoliecertificeringer\/\"><strong>FDA (USA) \u2013 Food &amp; Drugs Administration certificeret olivenolieprodukt<\/strong><\/a><\/h3>\n<p>&nbsp;<\/p>\n<p><img loading=\"lazy\" decoding=\"async\" class=\"size-full wp-image-13476 aligncenter\" src=\"https:\/\/www.cretoikos.com\/wp-content\/uploads\/2017\/12\/FDA-foods-certification-w220.jpg\" alt=\"FDA Food &amp; Drugs certificering\" width=\"163\" height=\"220\" \/><\/p>\n<p>&nbsp;<\/p>","protected":false},"excerpt":{"rendered":"<p><strong>Sitia BOB ekstra jomfru olivenolie (EVOO)<\/strong> \u2013 med en diskret aroma af gr\u00e6s og vilde urter og en let urteagtig, velafbalanceret pebersmag, vil denne ekstra jomfru olivenolie ledsage alle dine stegte, kogte eller bagte retter og kl\u00e6de dig salater p\u00e5 for at forbedre deres smag og tilf\u00f8je en punch.<\/p>\n<p><strong>Gr\u00e6sk ekstra jomfru olivenolie fra \u00f8en Kreta!<\/strong><\/p>\n<p class=\"translation-block\"><a href=\"https:\/\/www.cretoikos.com\/da\/leverings-og-forsendelsesomkostninger\/\" target=\"_self\"><strong>Verdensomsp\u00e6ndende forsendelse<\/strong><\/a> \u2013 vi sender din ordre i <strong>alle lande<\/strong> , i hele verden!<\/p>","protected":false},"featured_media":185,"template":"","meta":[],"product_brand":[],"product_cat":[23],"product_tag":[141,142,119,95,97,98,96,91,99,101,135,111,112,110,109],"class_list":{"0":"post-126","1":"product","2":"type-product","3":"status-publish","4":"has-post-thumbnail","6":"product_cat-olive-oil","7":"product_tag-3-extra-virgin-olive-oil","8":"product_tag-142","9":"product_tag-500ml","10":"product_tag-bottle","11":"product_tag-buy-olive-oil","12":"product_tag-buy-online","13":"product_tag-cretan-olive-oil","14":"product_tag-evoo","15":"product_tag-greek-olive-oil","16":"product_tag-olive-oil","17":"product_tag-pdo-olive-oil","18":"product_tag-pdo-sitia","19":"product_tag-pdo-sitia-olive-oil","20":"product_tag-sitia","21":"product_tag-sitia-olive-oil","23":"first","24":"instock","25":"taxable","26":"shipping-taxable","27":"purchasable","28":"product-type-simple"},"_links":{"self":[{"href":"https:\/\/www.cretoikos.com\/da\/wp-json\/wp\/v2\/product\/126","targetHints":{"allow":["GET"]}}],"collection":[{"href":"https:\/\/www.cretoikos.com\/da\/wp-json\/wp\/v2\/product"}],"about":[{"href":"https:\/\/www.cretoikos.com\/da\/wp-json\/wp\/v2\/types\/product"}],"wp:featuredmedia":[{"embeddable":true,"href":"https:\/\/www.cretoikos.com\/da\/wp-json\/wp\/v2\/media\/185"}],"wp:attachment":[{"href":"https:\/\/www.cretoikos.com\/da\/wp-json\/wp\/v2\/media?parent=126"}],"wp:term":[{"taxonomy":"product_brand","embeddable":true,"href":"https:\/\/www.cretoikos.com\/da\/wp-json\/wp\/v2\/product_brand?post=126"},{"taxonomy":"product_cat","embeddable":true,"href":"https:\/\/www.cretoikos.com\/da\/wp-json\/wp\/v2\/product_cat?post=126"},{"taxonomy":"product_tag","embeddable":true,"href":"https:\/\/www.cretoikos.com\/da\/wp-json\/wp\/v2\/product_tag?post=126"}],"curies":[{"name":"wp","href":"https:\/\/api.w.org\/{rel}","templated":true}]}}