{"id":100,"date":"2017-12-10T13:01:13","date_gmt":"2017-12-10T11:01:13","guid":{"rendered":"https:\/\/www.cretoikos.com\/?post_type=product&#038;p=100"},"modified":"2023-12-09T19:02:08","modified_gmt":"2023-12-09T17:02:08","slug":"ekstra-jomfru-olivenolie-med-oregano-smag-200ml","status":"publish","type":"product","link":"https:\/\/www.cretoikos.com\/da\/eshop\/olive-oil-with-cretan-herbs\/extra-virgin-olive-oil-with-oregano-flavour-200ml\/","title":{"rendered":"Ekstra jomfru olivenolie (EVOO) med oregano smag 200ml"},"content":{"rendered":"<h2 style=\"font-size: 20px; text-align: center;\"><strong>100% gr\u00e6sk ekstra jomfru olivenolie (EVOO) fra \u00f8en Kreta, f\u00f8rste koldpresset, rig p\u00e5 polyfenoler, antioxidanter, vitamin E og anti-inflammatoriske egenskaber, ren olivenfrugtjuice, ingen konserveringsmidler, ny h\u00f8st, friskpresset samme dag d. Olivenh\u00f8st<\/strong><\/h2>\n<p>&nbsp;<\/p>\n<p><img loading=\"lazy\" decoding=\"async\" class=\"alignnone wp-image-3390 size-full\" src=\"https:\/\/www.cretoikos.com\/wp-content\/uploads\/2018\/03\/certifications-olive-oil.gif\" alt=\"Olivenolie certificeringer\" width=\"470\" height=\"88\" \/><\/p>\n<p><img loading=\"lazy\" decoding=\"async\" class=\"alignnone wp-image-3386 size-full\" src=\"https:\/\/www.cretoikos.com\/wp-content\/uploads\/2018\/03\/OliveOil-GDA.png\" alt=\"Olivenolie GDA\" width=\"464\" height=\"86\" srcset=\"https:\/\/www.cretoikos.com\/wp-content\/uploads\/2018\/03\/OliveOil-GDA.png 464w, https:\/\/www.cretoikos.com\/wp-content\/uploads\/2018\/03\/OliveOil-GDA-300x56.png 300w, https:\/\/www.cretoikos.com\/wp-content\/uploads\/2018\/03\/OliveOil-GDA-450x83.png 450w\" sizes=\"auto, (max-width: 464px) 100vw, 464px\" \/><\/p>\n<p><strong>Ekstra jomfru olivenolie (EVOO) med oreganosmag 200ml \u2013 BOB Mylopotamos<\/strong> Extra Virgin er en medium frugtig olivenolie, der er h\u00e5ndh\u00f8stet i Mylopotamos-omr\u00e5det med en harmonisk smag af kardon og bl\u00f8de oliven med en let bitter og urte-oregano smag, men behagelig og l\u00e6kker.<\/p>\n<p class=\"translation-block\"><a href=\"https:\/\/www.cretoikos.com\/da\/leverings-og-forsendelsesomkostninger\/\" target=\"_self\"><strong>Verdensomsp\u00e6ndende forsendelse<\/strong><\/a> \u2013 vi sender din ordre i <strong>alle lande<\/strong> , i hele verden!<\/p>\n<p>&nbsp;<\/p>\n<h2 style=\"font-size: 20px; text-align: center;\"><a href=\"\/da\/internationale-olivenoliecertificeringer\/\"><strong>Internationale kvalitetsf\u00f8devarecertificeringer til vores<\/strong> Produkter<\/a><\/h2>\n<p><a href=\"\/da\/internationale-olivenoliecertificeringer\/\"><img loading=\"lazy\" decoding=\"async\" class=\"aligncenter wp-image-13475 size-full\" src=\"https:\/\/www.cretoikos.com\/wp-content\/uploads\/2017\/12\/Quality-Food-Certifications-Lab-Certified-Healthy-Mediterranean-Foods-w800.jpg\" alt=\"Internationale kvalitetsf\u00f8devarecertificeringer - Lab-certificerede, sunde middelhavsf\u00f8devarer\" width=\"800\" height=\"250\" srcset=\"https:\/\/www.cretoikos.com\/wp-content\/uploads\/2017\/12\/Quality-Food-Certifications-Lab-Certified-Healthy-Mediterranean-Foods-w800.jpg 800w, https:\/\/www.cretoikos.com\/wp-content\/uploads\/2017\/12\/Quality-Food-Certifications-Lab-Certified-Healthy-Mediterranean-Foods-w800-300x94.jpg 300w, https:\/\/www.cretoikos.com\/wp-content\/uploads\/2017\/12\/Quality-Food-Certifications-Lab-Certified-Healthy-Mediterranean-Foods-w800-768x240.jpg 768w, https:\/\/www.cretoikos.com\/wp-content\/uploads\/2017\/12\/Quality-Food-Certifications-Lab-Certified-Healthy-Mediterranean-Foods-w800-450x141.jpg 450w, https:\/\/www.cretoikos.com\/wp-content\/uploads\/2017\/12\/Quality-Food-Certifications-Lab-Certified-Healthy-Mediterranean-Foods-w800-780x244.jpg 780w\" sizes=\"auto, (max-width: 800px) 100vw, 800px\" \/><\/a><br \/>\n&nbsp;<\/p>\n<h3 style=\"font-size: 20px; text-align: center;\"><a href=\"\/da\/internationale-olivenoliecertificeringer\/\"><strong>KOSHER f\u00f8devarecertificeret olivenolieprodukt<\/strong><\/a><\/h3>\n<p>&nbsp;<\/p>\n<p><img loading=\"lazy\" decoding=\"async\" class=\"size-full wp-image-13454 aligncenter\" src=\"https:\/\/www.cretoikos.com\/wp-content\/uploads\/2020\/07\/kosher-foods-certification-2-w220.jpg\" alt=\"KOSHER Food Extra Virgin Olivenolie\" width=\"173\" height=\"220\" \/><\/p>\n<p>&nbsp;<\/p>\n<h3 style=\"font-size: 20px; text-align: center;\"><a href=\"\/da\/internationale-olivenoliecertificeringer\/\"><strong>FDA (USA) \u2013 Food &amp; Drugs Administration certificeret olivenolieprodukt<\/strong><\/a><\/h3>\n<p>&nbsp;<\/p>\n<p><img loading=\"lazy\" decoding=\"async\" class=\"size-full wp-image-13476 aligncenter\" src=\"https:\/\/www.cretoikos.com\/wp-content\/uploads\/2017\/12\/FDA-foods-certification-w220.jpg\" alt=\"FDA Food &amp; Drugs certificering\" width=\"163\" height=\"220\" \/><\/p>\n<p>&nbsp;<\/p>","protected":false},"excerpt":{"rendered":"<p><strong>Ekstra jomfru olivenolie med oreganosmag<\/strong>, Beskyttet oprindelsesdestination (<strong>BOB<\/strong>) Nord <strong>Mylopotamos Rethymno Kreta<\/strong>.<\/p>\n<p><strong>Gr\u00e6sk ekstra jomfru olivenolie<\/strong>!<\/p>\n<p class=\"translation-block\"><a href=\"https:\/\/www.cretoikos.com\/da\/leverings-og-forsendelsesomkostninger\/\" target=\"_self\"><strong>Verdensomsp\u00e6ndende forsendelse<\/strong><\/a> \u2013 vi sender din ordre i <strong>alle lande<\/strong> , i hele verden!<\/p>","protected":false},"featured_media":157,"template":"","meta":[],"product_brand":[],"product_cat":[24],"product_tag":[94,141,95,97,98,96,91,132,137,99,139,101,105,133],"class_list":{"0":"post-100","1":"product","2":"type-product","3":"status-publish","4":"has-post-thumbnail","6":"product_cat-olive-oil-with-cretan-herbs","7":"product_tag-200ml","8":"product_tag-3-extra-virgin-olive-oil","9":"product_tag-bottle","10":"product_tag-buy-olive-oil","11":"product_tag-buy-online","12":"product_tag-cretan-olive-oil","13":"product_tag-evoo","14":"product_tag-flavour","15":"product_tag-flavour-infused-olive-oil","16":"product_tag-greek-olive-oil","17":"product_tag-infused-olive-oil","18":"product_tag-olive-oil","19":"product_tag-oregano","20":"product_tag-oregano-flavour","22":"first","23":"instock","24":"taxable","25":"shipping-taxable","26":"purchasable","27":"product-type-simple"},"_links":{"self":[{"href":"https:\/\/www.cretoikos.com\/da\/wp-json\/wp\/v2\/product\/100","targetHints":{"allow":["GET"]}}],"collection":[{"href":"https:\/\/www.cretoikos.com\/da\/wp-json\/wp\/v2\/product"}],"about":[{"href":"https:\/\/www.cretoikos.com\/da\/wp-json\/wp\/v2\/types\/product"}],"wp:featuredmedia":[{"embeddable":true,"href":"https:\/\/www.cretoikos.com\/da\/wp-json\/wp\/v2\/media\/157"}],"wp:attachment":[{"href":"https:\/\/www.cretoikos.com\/da\/wp-json\/wp\/v2\/media?parent=100"}],"wp:term":[{"taxonomy":"product_brand","embeddable":true,"href":"https:\/\/www.cretoikos.com\/da\/wp-json\/wp\/v2\/product_brand?post=100"},{"taxonomy":"product_cat","embeddable":true,"href":"https:\/\/www.cretoikos.com\/da\/wp-json\/wp\/v2\/product_cat?post=100"},{"taxonomy":"product_tag","embeddable":true,"href":"https:\/\/www.cretoikos.com\/da\/wp-json\/wp\/v2\/product_tag?post=100"}],"curies":[{"name":"wp","href":"https:\/\/api.w.org\/{rel}","templated":true}]}}