{"id":95,"date":"2017-12-10T12:43:04","date_gmt":"2017-12-10T10:43:04","guid":{"rendered":"https:\/\/www.cretoikos.com\/?post_type=product&#038;p=95"},"modified":"2023-12-09T19:02:18","modified_gmt":"2023-12-09T17:02:18","slug":"extra-panensky-olivovy-olej-s-prichuti-citronu-200ml","status":"publish","type":"product","link":"https:\/\/www.cretoikos.com\/cs\/eshop\/olive-oil-with-cretan-herbs\/extra-virgin-olive-oil-with-lemon-flavour-200ml\/","title":{"rendered":"Extra panensk\u00fd olivov\u00fd olej (EVOO) s p\u0159\u00edchut\u00ed rozmar\u00fdnu 200ml"},"content":{"rendered":"<h2 style=\"font-size: 20px; text-align: center;\"><strong>100% \u0158eck\u00fd extra panensk\u00fd olivov\u00fd olej (EVOO) z ostrova Kr\u00e9ta, prvn\u00ed lisovan\u00fd za studena, bohat\u00fd na polyfenoly, antioxidanty, vitam\u00edn E a protiz\u00e1n\u011btliv\u00e9 vlastnosti, \u010dist\u00fd olivov\u00fd ovocn\u00fd d\u017eus, bez konzervant\u016f, nov\u00e1 sklize\u0148, \u010derstv\u011b lisovan\u00fd ve stejn\u00fd den Sklize\u0148 oliv<\/strong><\/h2>\n<p>&nbsp;<\/p>\n<p><img loading=\"lazy\" decoding=\"async\" class=\"alignnone wp-image-3390 size-full\" src=\"https:\/\/www.cretoikos.com\/wp-content\/uploads\/2018\/03\/certifications-olive-oil.gif\" alt=\"Certifikace olivov\u00e9ho oleje\" width=\"470\" height=\"88\" \/><\/p>\n<p><img loading=\"lazy\" decoding=\"async\" class=\"alignnone wp-image-3386 size-full\" src=\"https:\/\/www.cretoikos.com\/wp-content\/uploads\/2018\/03\/OliveOil-GDA.png\" alt=\"Olivov\u00fd olej GDA\" width=\"464\" height=\"86\" srcset=\"https:\/\/www.cretoikos.com\/wp-content\/uploads\/2018\/03\/OliveOil-GDA.png 464w, https:\/\/www.cretoikos.com\/wp-content\/uploads\/2018\/03\/OliveOil-GDA-300x56.png 300w, https:\/\/www.cretoikos.com\/wp-content\/uploads\/2018\/03\/OliveOil-GDA-450x83.png 450w\" sizes=\"auto, (max-width: 464px) 100vw, 464px\" \/><\/p>\n<p><strong>Extra panensk\u00fd olivov\u00fd olej (EVOO) s p\u0159\u00edchut\u00ed rozmar\u00fdnu 200ml \u2013 Extra panensk\u00fd olivov\u00fd olej<\/strong>, chr\u00e1n\u011bn\u00e9 m\u00edsto p\u016fvodu (<strong>CHOP<\/strong>) Sever <strong>Mylopotamos Rethymno Kr\u00e9ta<\/strong>. CHOP Mylopotamos Extra Virgin je olivov\u00fd olej ru\u010dn\u011b skl\u00edzen\u00fd v oblasti Mylopotamos s harmonickou p\u0159\u00edchut\u00ed kardy a m\u011bkk\u00fdch oliv s lehce naho\u0159klou a bylinkovo-rozmar\u00fdnovou p\u0159\u00edchut\u00ed, ale p\u0159\u00edjemnou a lahodnou.<\/p>\n<p class=\"translation-block\"><a href=\"https:\/\/www.cretoikos.com\/cs\/naklady-na-doruceni-a-dopravu\/\" target=\"_self\"><strong>Celosv\u011btov\u00e1 doprava<\/strong><\/a> \u2013 va\u0161i objedn\u00e1vku zas\u00edl\u00e1me do <strong>v\u0161ech zem\u00ed<\/strong> , po cel\u00e9m sv\u011bt\u011b!<\/p>\n<p>&nbsp;<\/p>\n<h2 style=\"font-size: 20px; text-align: center;\"><a href=\"\/cs\/mezinarodni-certifikace-olivoveho-oleje\/\"><strong>Mezin\u00e1rodn\u00ed certifikace kvality potravin pro na\u0161e<\/strong> produkty<\/a><\/h2>\n<p><a href=\"\/cs\/mezinarodni-certifikace-olivoveho-oleje\/\"><img loading=\"lazy\" decoding=\"async\" class=\"aligncenter wp-image-13475 size-full\" src=\"https:\/\/www.cretoikos.com\/wp-content\/uploads\/2017\/12\/Quality-Food-Certifications-Lab-Certified-Healthy-Mediterranean-Foods-w800.jpg\" alt=\"Mezin\u00e1rodn\u00ed certifikace kvalitn\u00edch potravin \u2013 Zdrav\u00e9 st\u0159edomo\u0159sk\u00e9 potraviny s certifikac\u00ed laborato\u0159e\" width=\"800\" height=\"250\" srcset=\"https:\/\/www.cretoikos.com\/wp-content\/uploads\/2017\/12\/Quality-Food-Certifications-Lab-Certified-Healthy-Mediterranean-Foods-w800.jpg 800w, https:\/\/www.cretoikos.com\/wp-content\/uploads\/2017\/12\/Quality-Food-Certifications-Lab-Certified-Healthy-Mediterranean-Foods-w800-300x94.jpg 300w, https:\/\/www.cretoikos.com\/wp-content\/uploads\/2017\/12\/Quality-Food-Certifications-Lab-Certified-Healthy-Mediterranean-Foods-w800-768x240.jpg 768w, https:\/\/www.cretoikos.com\/wp-content\/uploads\/2017\/12\/Quality-Food-Certifications-Lab-Certified-Healthy-Mediterranean-Foods-w800-450x141.jpg 450w, https:\/\/www.cretoikos.com\/wp-content\/uploads\/2017\/12\/Quality-Food-Certifications-Lab-Certified-Healthy-Mediterranean-Foods-w800-780x244.jpg 780w\" sizes=\"auto, (max-width: 800px) 100vw, 800px\" \/><\/a><br \/>\n&nbsp;<\/p>\n<h3 style=\"font-size: 20px; text-align: center;\"><a href=\"\/cs\/mezinarodni-certifikace-olivoveho-oleje\/\"><strong>KOSHER Food certifikovan\u00fd produkt z olivov\u00e9ho oleje<\/strong><\/a><\/h3>\n<p>&nbsp;<\/p>\n<p><img loading=\"lazy\" decoding=\"async\" class=\"size-full wp-image-13454 aligncenter\" src=\"https:\/\/www.cretoikos.com\/wp-content\/uploads\/2020\/07\/kosher-foods-certification-2-w220.jpg\" alt=\"KOSHER Food Extra panensk\u00fd olivov\u00fd olej\" width=\"173\" height=\"220\" \/><\/p>\n<p>&nbsp;<\/p>\n<h3 style=\"font-size: 20px; text-align: center;\"><a href=\"\/cs\/mezinarodni-certifikace-olivoveho-oleje\/\"><strong>FDA (USA) \u2013 Food &amp; Drugs Administration certifikovan\u00fd produkt z olivov\u00e9ho oleje<\/strong><\/a><\/h3>\n<p>&nbsp;<\/p>\n<p><img loading=\"lazy\" decoding=\"async\" class=\"size-full wp-image-13476 aligncenter\" src=\"https:\/\/www.cretoikos.com\/wp-content\/uploads\/2017\/12\/FDA-foods-certification-w220.jpg\" alt=\"Certifikace FDA Food &amp; Drugs\" width=\"163\" height=\"220\" \/><\/p>\n<p>&nbsp;<\/p>","protected":false},"excerpt":{"rendered":"<p><strong>Extra panensk\u00fd olivov\u00fd olej (EVOO) s p\u0159\u00edchut\u00ed rozmar\u00fdnu 200ml<\/strong> \u2013 Ide\u00e1ln\u00ed do pol\u00e9vek, lu\u0161t\u011bnin, ryb a masa. Pro bohat\u0161\u00ed aroma p\u0159idejte do ji\u017e uva\u0159en\u00e9ho j\u00eddla.<\/p>\n<p><strong>\u0158eck\u00fd extra panensk\u00fd olivov\u00fd olej<\/strong>!<\/p>\n<p class=\"translation-block\"><a href=\"https:\/\/www.cretoikos.com\/cs\/naklady-na-doruceni-a-dopravu\/\" target=\"_self\"><strong>Celosv\u011btov\u00e1 doprava<\/strong><\/a> \u2013 va\u0161i objedn\u00e1vku zas\u00edl\u00e1me do <strong>v\u0161ech zem\u00ed<\/strong> , po cel\u00e9m sv\u011bt\u011b!<\/p>","protected":false},"featured_media":159,"template":"","meta":[],"product_brand":[],"product_cat":[24],"product_tag":[94,141,95,97,98,96,91,132,137,99,139,101,107,134],"class_list":{"0":"post-95","1":"product","2":"type-product","3":"status-publish","4":"has-post-thumbnail","6":"product_cat-olive-oil-with-cretan-herbs","7":"product_tag-200ml","8":"product_tag-3-extra-virgin-olive-oil","9":"product_tag-bottle","10":"product_tag-buy-olive-oil","11":"product_tag-buy-online","12":"product_tag-cretan-olive-oil","13":"product_tag-evoo","14":"product_tag-flavour","15":"product_tag-flavour-infused-olive-oil","16":"product_tag-greek-olive-oil","17":"product_tag-infused-olive-oil","18":"product_tag-olive-oil","19":"product_tag-rosemary","20":"product_tag-rosemary-flavour","22":"first","23":"instock","24":"taxable","25":"shipping-taxable","26":"purchasable","27":"product-type-simple"},"_links":{"self":[{"href":"https:\/\/www.cretoikos.com\/cs\/wp-json\/wp\/v2\/product\/95","targetHints":{"allow":["GET"]}}],"collection":[{"href":"https:\/\/www.cretoikos.com\/cs\/wp-json\/wp\/v2\/product"}],"about":[{"href":"https:\/\/www.cretoikos.com\/cs\/wp-json\/wp\/v2\/types\/product"}],"wp:featuredmedia":[{"embeddable":true,"href":"https:\/\/www.cretoikos.com\/cs\/wp-json\/wp\/v2\/media\/159"}],"wp:attachment":[{"href":"https:\/\/www.cretoikos.com\/cs\/wp-json\/wp\/v2\/media?parent=95"}],"wp:term":[{"taxonomy":"product_brand","embeddable":true,"href":"https:\/\/www.cretoikos.com\/cs\/wp-json\/wp\/v2\/product_brand?post=95"},{"taxonomy":"product_cat","embeddable":true,"href":"https:\/\/www.cretoikos.com\/cs\/wp-json\/wp\/v2\/product_cat?post=95"},{"taxonomy":"product_tag","embeddable":true,"href":"https:\/\/www.cretoikos.com\/cs\/wp-json\/wp\/v2\/product_tag?post=95"}],"curies":[{"name":"wp","href":"https:\/\/api.w.org\/{rel}","templated":true}]}}