{"id":13868,"date":"2023-07-07T10:59:21","date_gmt":"2023-07-07T07:59:21","guid":{"rendered":"https:\/\/www.cretoikos.com\/?post_type=product&#038;p=13868"},"modified":"2026-04-09T18:23:06","modified_gmt":"2026-04-09T15:23:06","slug":"pdo-sitia-02-premiovy-zlaty-extra-panensky-olivovy-olej-evoo-5l","status":"publish","type":"product","link":"https:\/\/www.cretoikos.com\/cs\/eshop\/olive-oil\/pdo-sitia-02-premium-gold-extra-virgin-olive-oil-evoo-5lt\/","title":{"rendered":"CHOP SITIA 0,2% Premium Gold Extra panensk\u00fd olivov\u00fd olej (EVOO) 5lt"},"content":{"rendered":"<h2 style=\"font-size: 20px; text-align: center;\"><strong>100% \u0158eck\u00fd extra panensk\u00fd olivov\u00fd olej (EVOO) z ostrova Kr\u00e9ta, prvn\u00ed lisovan\u00fd za studena, bohat\u00fd na polyfenoly, antioxidanty, vitam\u00edn E a protiz\u00e1n\u011btliv\u00e9 vlastnosti, \u010dist\u00fd olivov\u00fd ovocn\u00fd d\u017eus, bez konzervant\u016f, nov\u00e1 sklize\u0148, \u010derstv\u011b lisovan\u00fd ve stejn\u00fd den Sklize\u0148 oliv<\/strong><\/h2>\n<p>&nbsp;<\/p>\n<p><img loading=\"lazy\" decoding=\"async\" class=\"alignnone wp-image-3390 size-full\" src=\"https:\/\/www.cretoikos.com\/wp-content\/uploads\/2018\/03\/certifications-olive-oil.gif\" alt=\"Certifikace olivov\u00e9ho oleje\" width=\"470\" height=\"88\" \/><\/p>\n<p><img loading=\"lazy\" decoding=\"async\" class=\"alignnone wp-image-3386 size-full\" src=\"https:\/\/www.cretoikos.com\/wp-content\/uploads\/2018\/03\/OliveOil-GDA.png\" alt=\"Olivov\u00fd olej GDA\" width=\"464\" height=\"86\" srcset=\"https:\/\/www.cretoikos.com\/wp-content\/uploads\/2018\/03\/OliveOil-GDA.png 464w, https:\/\/www.cretoikos.com\/wp-content\/uploads\/2018\/03\/OliveOil-GDA-300x56.png 300w, https:\/\/www.cretoikos.com\/wp-content\/uploads\/2018\/03\/OliveOil-GDA-450x83.png 450w\" sizes=\"auto, (max-width: 464px) 100vw, 464px\" \/><\/p>\n<p><strong>CHOP SITIA 0,2% Premium Gold Extra panensk\u00fd olivov\u00fd olej (EVOO) 5lt<\/strong> je chr\u00e1n\u011bn\u00e9 ozna\u010den\u00ed p\u016fvodu olivov\u00e9ho oleje (<strong>CHOP<\/strong>) z <strong>Sitia<\/strong>, na v\u00fdchod\u011b <strong>Kr\u00e9ta<\/strong>. Sitia v <strong>Lasithi<\/strong> je oblast v\u00fdchodn\u00ed Kr\u00e9ty, zn\u00e1m\u00e1 sv\u00fdmi ide\u00e1ln\u00edmi klimatick\u00fdmi podm\u00ednkami, kter\u00e9 p\u0159isp\u00edvaj\u00ed k produkci prvot\u0159\u00eddn\u00edho extra panensk\u00e9ho olivov\u00e9ho oleje (<strong>EVOO<\/strong>). Proces extrakce olivov\u00e9ho oleje z plod\u016f oliv se prov\u00e1d\u00ed ve stejn\u00fd den a p\u0159i velmi n\u00edzk\u00fdch teplot\u00e1ch, aby se zachovala v\u0161echna dobrota ovoce a velmi n\u00edzk\u00e1 kyselost. Procedura prob\u00edh\u00e1 pod dohledem zdravotn\u00ed kontroly a za podpory nejmodern\u011bj\u0161\u00edch stroj\u016f.<\/p>\n<p><strong>CHOP SITIA <\/strong>znamen\u00e1 jeho a <strong>Chr\u00e1n\u011bn\u00e9 m\u00edsto p\u016fvodu<\/strong>, <strong>EVOO<\/strong> prost\u0159edek <strong>Extra panensk\u00fd olivov\u00fd olej<\/strong> (velmi n\u00edzk\u00e1 kyselost \u2013 pod 0,8%), tento produkt m\u00e1 konkr\u00e9tn\u011b <strong>kyselost<\/strong> <strong>jen 0,21 TP3T<\/strong><\/p>\n<p>Na\u0161e produkty z olivov\u00e9ho oleje jsou <strong>LABORATO\u0158 Certifikov\u00e1no<\/strong>, \u010dist\u00e1, pr\u00e9miov\u00e1 kvalita <strong>Extra panensk\u00e9 olivov\u00e9 oleje<\/strong> EVOO, CHOP (<strong>Chr\u00e1n\u011bn\u00e9 m\u00edsto p\u016fvodu<\/strong>) a <strong>Ocen\u011bno<\/strong> v n\u011bkolika <strong>Mezin\u00e1rodn\u00ed sout\u011b\u017ee o olivov\u00fd olej. NAKUPUJTE S JISTOU\u2026<\/strong><\/p>\n<div class=\"wpb_text_column wpb_content_element wpb_animate_when_almost_visible wpb_fadeInDown fadeInDown vc_custom_1585559046315 wpb_start_animation animated\">\n<div class=\"wpb_wrapper\">\n<p>Kupujte pouze \u010dist\u00e9 extra panensk\u00e9 olivov\u00e9 oleje s certifikac\u00ed Lab, EVOO je nejlep\u0161\u00ed jedl\u00fd olivov\u00fd olej<\/p>\n<\/div>\n<\/div>\n<p>Objednejte si \u0159eck\u00fd olivov\u00fd olej online a u\u0161et\u0159ete<\/p>\n<p class=\"translation-block\"><a href=\"https:\/\/www.cretoikos.com\/cs\/naklady-na-doruceni-a-dopravu\/\" target=\"_self\"><strong>Celosv\u011btov\u00e1 doprava<\/strong><\/a> \u2013 va\u0161i objedn\u00e1vku zas\u00edl\u00e1me do <strong>v\u0161ech zem\u00ed<\/strong> , po cel\u00e9m sv\u011bt\u011b!<\/p>\n<p>&nbsp;<\/p>\n<h2 style=\"font-size: 20px; text-align: center;\"><a href=\"\/cs\/mezinarodni-certifikace-olivoveho-oleje\/\"><strong>Mezin\u00e1rodn\u00ed certifikace kvality potravin pro na\u0161e<\/strong> produkty<\/a><\/h2>\n<p><a href=\"\/cs\/mezinarodni-certifikace-olivoveho-oleje\/\"><img loading=\"lazy\" decoding=\"async\" class=\"aligncenter wp-image-13475 size-full\" src=\"https:\/\/www.cretoikos.com\/wp-content\/uploads\/2017\/12\/Quality-Food-Certifications-Lab-Certified-Healthy-Mediterranean-Foods-w800.jpg\" alt=\"Mezin\u00e1rodn\u00ed certifikace kvalitn\u00edch potravin \u2013 Zdrav\u00e9 st\u0159edomo\u0159sk\u00e9 potraviny s certifikac\u00ed laborato\u0159e\" width=\"800\" height=\"250\" srcset=\"https:\/\/www.cretoikos.com\/wp-content\/uploads\/2017\/12\/Quality-Food-Certifications-Lab-Certified-Healthy-Mediterranean-Foods-w800.jpg 800w, https:\/\/www.cretoikos.com\/wp-content\/uploads\/2017\/12\/Quality-Food-Certifications-Lab-Certified-Healthy-Mediterranean-Foods-w800-300x94.jpg 300w, https:\/\/www.cretoikos.com\/wp-content\/uploads\/2017\/12\/Quality-Food-Certifications-Lab-Certified-Healthy-Mediterranean-Foods-w800-768x240.jpg 768w, https:\/\/www.cretoikos.com\/wp-content\/uploads\/2017\/12\/Quality-Food-Certifications-Lab-Certified-Healthy-Mediterranean-Foods-w800-450x141.jpg 450w, https:\/\/www.cretoikos.com\/wp-content\/uploads\/2017\/12\/Quality-Food-Certifications-Lab-Certified-Healthy-Mediterranean-Foods-w800-780x244.jpg 780w\" sizes=\"auto, (max-width: 800px) 100vw, 800px\" \/><\/a><\/p>\n<h3 style=\"font-size: 20px; text-align: center;\"><a href=\"\/cs\/mezinarodni-certifikace-olivoveho-oleje\/\"><strong>KOSHER Food certifikovan\u00fd produkt z olivov\u00e9ho oleje<\/strong><\/a><\/h3>\n<p>&nbsp;<\/p>\n<p><img loading=\"lazy\" decoding=\"async\" class=\"size-full wp-image-13454 aligncenter\" src=\"https:\/\/www.cretoikos.com\/wp-content\/uploads\/2020\/07\/kosher-foods-certification-2-w220.jpg\" alt=\"KOSHER Food Extra panensk\u00fd olivov\u00fd olej\" width=\"173\" height=\"220\" \/><\/p>\n<p>&nbsp;<\/p>\n<h3 style=\"font-size: 20px; text-align: center;\"><a href=\"\/cs\/mezinarodni-certifikace-olivoveho-oleje\/\"><strong>FDA (USA) \u2013 Food &amp; Drugs Administration certifikovan\u00fd produkt z olivov\u00e9ho oleje<\/strong><\/a><\/h3>\n<p>&nbsp;<\/p>\n<p><img loading=\"lazy\" decoding=\"async\" class=\"size-full wp-image-13476 aligncenter\" src=\"https:\/\/www.cretoikos.com\/wp-content\/uploads\/2017\/12\/FDA-foods-certification-w220.jpg\" alt=\"Certifikace FDA Food &amp; Drugs\" width=\"163\" height=\"220\" \/><\/p>\n<p>&nbsp;<\/p>","protected":false},"excerpt":{"rendered":"<p><strong>CHOP SITIA 0,2% Premium Gold Extra panensk\u00fd olivov\u00fd olej (EVOO) 5lt<\/strong> je jedine\u010dn\u00fd, ovocn\u00fd extra panensk\u00fd olivov\u00fd olej s v\u00fdjime\u010dn\u011b n\u00edzkou kyselost\u00ed ide\u00e1ln\u00ed pro v\u0161echny va\u0161e kulin\u00e1\u0159sk\u00e9 pot\u0159eby. Pou\u017eijte jej p\u0159i va\u0159en\u00ed nebo syrov\u00e9, jako komodu pro va\u0161e sal\u00e1ty.<\/p>\n<p><strong>\u0158eck\u00fd extra panensk\u00fd olivov\u00fd olej z ostrova Kr\u00e9ta!<\/strong><\/p>\n<p class=\"translation-block\"><a href=\"https:\/\/www.cretoikos.com\/cs\/naklady-na-doruceni-a-dopravu\/\" target=\"_self\"><strong>Celosv\u011btov\u00e1 doprava<\/strong><\/a> \u2013 va\u0161i objedn\u00e1vku zas\u00edl\u00e1me do <strong>v\u0161ech zem\u00ed<\/strong> , po cel\u00e9m sv\u011bt\u011b!<\/p>","protected":false},"featured_media":13869,"template":"","meta":[],"product_brand":[],"product_cat":[23],"product_tag":[140,141,113,95,97,98,96,91,99,101,135,111,112,110,109],"class_list":{"0":"post-13868","1":"product","2":"type-product","3":"status-publish","4":"has-post-thumbnail","6":"product_cat-olive-oil","7":"product_tag-140","8":"product_tag-3-extra-virgin-olive-oil","9":"product_tag-5lt","10":"product_tag-bottle","11":"product_tag-buy-olive-oil","12":"product_tag-buy-online","13":"product_tag-cretan-olive-oil","14":"product_tag-evoo","15":"product_tag-greek-olive-oil","16":"product_tag-olive-oil","17":"product_tag-pdo-olive-oil","18":"product_tag-pdo-sitia","19":"product_tag-pdo-sitia-olive-oil","20":"product_tag-sitia","21":"product_tag-sitia-olive-oil","23":"first","24":"instock","25":"taxable","26":"shipping-taxable","27":"purchasable","28":"product-type-simple"},"_links":{"self":[{"href":"https:\/\/www.cretoikos.com\/cs\/wp-json\/wp\/v2\/product\/13868","targetHints":{"allow":["GET"]}}],"collection":[{"href":"https:\/\/www.cretoikos.com\/cs\/wp-json\/wp\/v2\/product"}],"about":[{"href":"https:\/\/www.cretoikos.com\/cs\/wp-json\/wp\/v2\/types\/product"}],"wp:featuredmedia":[{"embeddable":true,"href":"https:\/\/www.cretoikos.com\/cs\/wp-json\/wp\/v2\/media\/13869"}],"wp:attachment":[{"href":"https:\/\/www.cretoikos.com\/cs\/wp-json\/wp\/v2\/media?parent=13868"}],"wp:term":[{"taxonomy":"product_brand","embeddable":true,"href":"https:\/\/www.cretoikos.com\/cs\/wp-json\/wp\/v2\/product_brand?post=13868"},{"taxonomy":"product_cat","embeddable":true,"href":"https:\/\/www.cretoikos.com\/cs\/wp-json\/wp\/v2\/product_cat?post=13868"},{"taxonomy":"product_tag","embeddable":true,"href":"https:\/\/www.cretoikos.com\/cs\/wp-json\/wp\/v2\/product_tag?post=13868"}],"curies":[{"name":"wp","href":"https:\/\/api.w.org\/{rel}","templated":true}]}}