{"id":3232,"date":"2018-02-21T08:34:30","date_gmt":"2018-02-21T08:34:30","guid":{"rendered":"https:\/\/www.cretoikos.com\/?page_id=3232"},"modified":"2020-05-10T02:21:07","modified_gmt":"2020-05-09T23:21:07","slug":"naklady-na-doruceni-a-dopravu","status":"publish","type":"page","link":"https:\/\/www.cretoikos.com\/cs\/delivery-and-shipping-costs\/","title":{"rendered":"N\u00e1klady na doru\u010den\u00ed a dopravu"},"content":{"rendered":"<div style=\"\"class=\"normal_height vc_row wpb_row vc_row-fluid vc_custom_1519202151804\"><div class=\"wpb_column vc_column_container vc_col-sm-12\"><div class=\"vc_column-inner\"><div class=\"wpb_wrapper\">\n\t<div class=\"wpb_text_column wpb_content_element\" >\n\t\t<div class=\"wpb_wrapper\">\n\t\t\t<h1 style=\"font-size: 20px;\">Va\u0161i objedn\u00e1vku zas\u00edl\u00e1me PO CEL\u00c9M SV\u011aT\u011a \u2013 doru\u010dujeme do jak\u00e9koli zem\u011b po cel\u00e9m sv\u011bt\u011b pomoc\u00ed expresn\u00edch kur\u00fdrn\u00edch slu\u017eeb (TNT kur\u00fdr \u2013 s mo\u017enost\u00ed online sledov\u00e1n\u00ed z\u00e1silky)<\/h1>\n<p>E-shop <strong>Cretoikos.com<\/strong> ode\u0161le objedn\u00e1vku na adresu, kterou klient vyplnil v objedn\u00e1vkov\u00e9m formul\u00e1\u0159i (adresa dom\u016f nebo do zam\u011bstn\u00e1n\u00ed). To <strong>je nezbytn\u00e9 vyplnit spr\u00e1vnou dodac\u00ed adresu, e-mailovou adresu a telefonn\u00ed \u010d\u00edslo<\/strong> abychom zajistili, \u017ee v\u00e1s na\u0161e spole\u010dnost nebo kur\u00fdrn\u00ed slu\u017eba mohou kontaktovat. (probl\u00e9my s doru\u010den\u00edm, kter\u00e9 mohou vzniknout z nespr\u00e1vn\u011b registrovan\u00e9 adresy nebo nespr\u00e1vn\u00fdch dodac\u00edch \u00fadaj\u016f (zpo\u017ed\u011bn\u00ed, ne\u00fasp\u011b\u0161n\u00e9 doru\u010den\u00ed, vr\u00e1cen\u00ed nebo n\u00e1klady) nejsou odpov\u011bdnost\u00ed Cretoikos.com)<\/p>\n<p>Expedice prob\u00edh\u00e1 v pracovn\u00ed den dokon\u010den\u00ed objedn\u00e1vky (\u010dast\u011bji ve stejn\u00fd den), za p\u0159edpokladu<\/p>\n<ul>\n<li><strong>v\u0161echny produkty objedn\u00e1vky jsou k dispozici<\/strong>, (jeho velmi vz\u00e1cn\u00e9 nejsou) a<\/li>\n<li><strong>objedn\u00e1vka byla zaplacena<\/strong><\/li>\n<\/ul>\n<p><strong>P\u0159eprava mimo \u0158ecko (zem\u011b EU a zbytek sv\u011bta)<\/strong><\/p>\n<p>Dod\u00e1vku na\u0161ich produkt\u016f zaji\u0161\u0165uje <strong><a href=\"https:\/\/www.tnt.com\/\">Kur\u00fdrn\u00ed slu\u017eba TNT<\/a><\/strong> (expresn\u00ed nebo ekonomick\u00fd). TNT je rychl\u00e1, glob\u00e1ln\u00ed, renomovan\u00e1 kur\u00fdrn\u00ed slu\u017eba, kter\u00e1 odes\u00edl\u00e1 objedn\u00e1vky do 30 kg (n\u00e1klady na dopravu m\u016f\u017eete vid\u011bt v poli \u201e<strong>LODN\u00cd DOPRAVA<\/strong>&quot; na <strong>Krok CHECKOUT<\/strong> va\u0161eho n\u00e1kupn\u00edho ko\u0161\u00edku). <strong>Minim\u00e1ln\u00ed hmotnost objedn\u00e1vky je 5 kg<\/strong>. Za norm\u00e1ln\u00edch okolnost\u00ed TNT dod\u00e1v\u00e1 produkty uvnit\u0159 <strong>2-5 pracovn\u00edch dn\u016f<\/strong> po cel\u00e9 Evrop\u011b, nav\u00edc pros\u00edm vezm\u011bte na v\u011bdom\u00ed, \u017ee z\u00e1silka TNT je <strong>poji\u0161t\u011bn\u00fd<\/strong> pro <strong>10 \u20ac\/kg<\/strong> pro TNT Economy a <strong>20 \u20ac\/kg<\/strong> pro TNT Express v p\u0159\u00edpad\u011b ztr\u00e1ty nebo po\u0161kozen\u00ed bal\u00edku.<\/p>\n<p>V p\u0159\u00edpad\u011b, \u017ee si p\u0159ejete, aby z\u00e1silku provedla p\u0159epravn\u00ed spole\u010dnost, kter\u00e1 nespolupracuje se Zacharakis Konstantinos &amp; CO General Partnership (CRETOIKOS), n\u00e1klady na p\u0159epravu zat\u011b\u017euj\u00ed klienta.<\/p>\n<p><strong>D\u016fle\u017eit\u00e9 upozorn\u011bn\u00ed pro dod\u00e1vky do zahrani\u010d\u00ed:<\/strong> V\u0161echny na\u0161e produkty jsou leg\u00e1ln\u011b prod\u00e1v\u00e1ny v \u0158ecku\/EU a v zahrani\u010d\u00ed se v\u0161emi souvisej\u00edc\u00edmi certifik\u00e1ty a povolen\u00edmi.<\/p>\n<p>&#8212;&#8212;&#8212;&#8212;&#8212;&#8212;&#8212;&#8212;&#8212;&#8212;&#8212;&#8212;&#8212;&#8212;&#8212;&#8212;&#8212;&#8212;&#8212;&#8212;&#8212;&#8212;&#8212;&#8212;&#8211;<\/p>\n<p><strong><img loading=\"lazy\" decoding=\"async\" class=\"alignnone wp-image-12887 size-medium\" src=\"https:\/\/www.cretoikos.com\/wp-content\/uploads\/2020\/05\/order-shipping-eshop-buy-online-5-300x169.jpg\" alt=\"Va\u0161i objedn\u00e1vku doru\u010d\u00edme do cel\u00e9ho sv\u011bta!\" width=\"300\" height=\"169\" srcset=\"https:\/\/www.cretoikos.com\/wp-content\/uploads\/2020\/05\/order-shipping-eshop-buy-online-5-300x169.jpg 300w, https:\/\/www.cretoikos.com\/wp-content\/uploads\/2020\/05\/order-shipping-eshop-buy-online-5-450x253.jpg 450w, https:\/\/www.cretoikos.com\/wp-content\/uploads\/2020\/05\/order-shipping-eshop-buy-online-5.jpg 600w\" sizes=\"auto, (max-width: 300px) 100vw, 300px\" \/> \u00a0 <a href=\"https:\/\/www.cretoikos.com\/cs\/internetovy-obchod\/\"><img loading=\"lazy\" decoding=\"async\" class=\"alignnone wp-image-12883 size-full\" src=\"https:\/\/www.cretoikos.com\/wp-content\/uploads\/2020\/05\/order-shipping-eshop-buy-online.jpg\" alt=\"Va\u0161i objedn\u00e1vku doru\u010d\u00edme do cel\u00e9ho sv\u011bta!\" width=\"325\" height=\"215\" srcset=\"https:\/\/www.cretoikos.com\/wp-content\/uploads\/2020\/05\/order-shipping-eshop-buy-online.jpg 325w, https:\/\/www.cretoikos.com\/wp-content\/uploads\/2020\/05\/order-shipping-eshop-buy-online-300x198.jpg 300w\" sizes=\"auto, (max-width: 325px) 100vw, 325px\" \/><\/a> \u00a0 <a href=\"https:\/\/www.tnt.com\/\" target=\"_blank\" rel=\"noopener noreferrer\"><img loading=\"lazy\" decoding=\"async\" class=\"alignnone wp-image-12886 size-full\" src=\"https:\/\/www.cretoikos.com\/wp-content\/uploads\/2020\/05\/order-shipping-eshop-buy-online-4.jpg\" alt=\"Va\u0161i objedn\u00e1vku doru\u010d\u00edme do cel\u00e9ho sv\u011bta!\" width=\"275\" height=\"183\" \/><\/a><br \/>\n<\/strong><\/p>\n<p>&nbsp;<\/p>\n<p style=\"text-align: left; font-size: 20px;\" class=\"translation-block\"><a href=\"https:\/\/www.cretoikos.com\/cs\/naklady-na-doruceni-a-dopravu\/\" target=\"_self\"><strong>Celosv\u011btov\u00e1 doprava<\/strong><\/a> \u2013 va\u0161i objedn\u00e1vku zas\u00edl\u00e1me do <strong>v\u0161ech zem\u00ed<\/strong> , po cel\u00e9m sv\u011bt\u011b!<\/p>\n<p><strong>rychl\u00e9 odesl\u00e1n\u00ed <\/strong>\u2013 online <strong>sledov\u00e1n\u00ed z\u00e1silek<\/strong> dostupn\u00fd<br \/>\nre\u00e1ln\u00fd \u010das <a href=\"https:\/\/www.cretoikos.com\/cs\/sledovani-objednavky\/\"><strong>sledovat a sledovat<\/strong><\/a> va\u0161\u00ed objedn\u00e1vky olivov\u00e9ho oleje<\/p>\n<p>&nbsp;<\/p>\n<h2><strong>Extra panensk\u00fd olivov\u00fd olej (EVOO) \u2013 olivy \u2013 med \u2013 m\u00fddla<\/strong><\/h2>\n<h2><a href=\"https:\/\/www.cretoikos.com\/cs\/internetovy-obchod\/\">Koupit online \u0159eck\u00fd olivov\u00fd olej EVOO \u2013 n\u00e1\u0161 e-shop<\/a><\/h2>\n<div id=\"attachment_3971\" style=\"width: 1913px\" class=\"wp-caption alignnone\"><a href=\"https:\/\/www.cretoikos.com\/cs\/internetovy-obchod\/\"><img loading=\"lazy\" decoding=\"async\" aria-describedby=\"caption-attachment-3971\" class=\"wp-image-3971 size-full\" src=\"https:\/\/www.cretoikos.com\/wp-content\/uploads\/2018\/10\/homepage_all_products_family_photo.jpg\" alt=\"Na\u0161e produkty z olivov\u00e9ho oleje EVOO\" width=\"1903\" height=\"452\" srcset=\"https:\/\/www.cretoikos.com\/wp-content\/uploads\/2018\/10\/homepage_all_products_family_photo.jpg 1903w, https:\/\/www.cretoikos.com\/wp-content\/uploads\/2018\/10\/homepage_all_products_family_photo-300x71.jpg 300w, https:\/\/www.cretoikos.com\/wp-content\/uploads\/2018\/10\/homepage_all_products_family_photo-768x182.jpg 768w, https:\/\/www.cretoikos.com\/wp-content\/uploads\/2018\/10\/homepage_all_products_family_photo-1024x243.jpg 1024w, https:\/\/www.cretoikos.com\/wp-content\/uploads\/2018\/10\/homepage_all_products_family_photo-450x107.jpg 450w, https:\/\/www.cretoikos.com\/wp-content\/uploads\/2018\/10\/homepage_all_products_family_photo-780x185.jpg 780w\" sizes=\"auto, (max-width: 1903px) 100vw, 1903px\" \/><\/a><p id=\"caption-attachment-3971\" class=\"wp-caption-text\">Na\u0161e produkty EVOO Olivov\u00fd olej \u2013 Tradi\u010dn\u00ed \u0159eck\u00e9 produkty z ostrova Kr\u00e9ta \u2013 CRETOIKOS ZDRAV\u00c9 POTRAVINY<\/p><\/div>\n\n\t\t<\/div>\n\t<\/div>\n<\/div><\/div><\/div><\/div>","protected":false},"excerpt":{"rendered":"We Ship your Order WORLDWIDE - we ship to any country, worldwide, using Express Courier Services (TNT Courier - with package online tracking available) The e-shop Cretoikos.com sends the order to the address the client has filled in the order form (home or work address). It is essential to fill in your correct shipping address, [...]","protected":false},"author":1,"featured_media":0,"parent":0,"menu_order":0,"comment_status":"closed","ping_status":"closed","template":"page-boxed.php","meta":{"footnotes":""},"class_list":["post-3232","page","type-page","status-publish","hentry"],"_links":{"self":[{"href":"https:\/\/www.cretoikos.com\/cs\/wp-json\/wp\/v2\/pages\/3232","targetHints":{"allow":["GET"]}}],"collection":[{"href":"https:\/\/www.cretoikos.com\/cs\/wp-json\/wp\/v2\/pages"}],"about":[{"href":"https:\/\/www.cretoikos.com\/cs\/wp-json\/wp\/v2\/types\/page"}],"author":[{"embeddable":true,"href":"https:\/\/www.cretoikos.com\/cs\/wp-json\/wp\/v2\/users\/1"}],"replies":[{"embeddable":true,"href":"https:\/\/www.cretoikos.com\/cs\/wp-json\/wp\/v2\/comments?post=3232"}],"version-history":[{"count":0,"href":"https:\/\/www.cretoikos.com\/cs\/wp-json\/wp\/v2\/pages\/3232\/revisions"}],"wp:attachment":[{"href":"https:\/\/www.cretoikos.com\/cs\/wp-json\/wp\/v2\/media?parent=3232"}],"curies":[{"name":"wp","href":"https:\/\/api.w.org\/{rel}","templated":true}]}}